{"id":7376,"date":"2020-02-20T10:36:18","date_gmt":"2020-02-20T10:36:18","guid":{"rendered":"https:\/\/viatech.no\/var-prosess\/"},"modified":"2025-05-03T11:40:29","modified_gmt":"2025-05-03T11:40:29","slug":"var-prosess","status":"publish","type":"page","link":"https:\/\/viatech.no\/no\/var-prosess\/","title":{"rendered":"V\u00e5r prosess"},"content":{"rendered":"\t\t<div data-elementor-type=\"wp-page\" data-elementor-id=\"7376\" class=\"elementor elementor-7376 elementor-2504\" data-elementor-post-type=\"page\">\n\t\t\t\t\t\t<section class=\"elementor-section elementor-top-section elementor-element elementor-element-a92cf62 elementor-section-full_width elementor-section-height-default elementor-section-height-default qodef-elementor-content-no\" data-id=\"a92cf62\" data-element_type=\"section\" data-e-type=\"section\">\n\t\t\t\t\t\t<div class=\"elementor-container elementor-column-gap-default\">\n\t\t\t\t\t<div class=\"elementor-column elementor-col-50 elementor-top-column elementor-element elementor-element-7909c8d\" data-id=\"7909c8d\" data-element_type=\"column\" data-e-type=\"column\" data-settings=\"{&quot;background_background&quot;:&quot;classic&quot;}\">\n\t\t\t<div class=\"elementor-widget-wrap elementor-element-populated\">\n\t\t\t\t\t\t<div class=\"elementor-element elementor-element-37e0951 elementor-widget elementor-widget-spacer\" data-id=\"37e0951\" data-element_type=\"widget\" data-e-type=\"widget\" data-widget_type=\"spacer.default\">\n\t\t\t\t<div class=\"elementor-widget-container\">\n\t\t\t\t\t\t\t<div class=\"elementor-spacer\">\n\t\t\t<div class=\"elementor-spacer-inner\"><\/div>\n\t\t<\/div>\n\t\t\t\t\t\t<\/div>\n\t\t\t\t<\/div>\n\t\t\t\t\t<\/div>\n\t\t<\/div>\n\t\t\t\t<div class=\"elementor-column elementor-col-50 elementor-top-column elementor-element elementor-element-61b0a55\" data-id=\"61b0a55\" data-element_type=\"column\" data-e-type=\"column\">\n\t\t\t<div class=\"elementor-widget-wrap elementor-element-populated\">\n\t\t\t\t\t\t<div class=\"elementor-element elementor-element-f25261a elementor-widget elementor-widget-stal_core_section_title\" data-id=\"f25261a\" data-element_type=\"widget\" data-e-type=\"widget\" data-widget_type=\"stal_core_section_title.default\">\n\t\t\t\t<div class=\"elementor-widget-container\">\n\t\t\t\t\t<div class=\"qodef-shortcode qodef-m  qodef-section-title qodef-alignment--left  qodef-title-with-tagline\">\n\t\t<div class=\"qodef-m-title-wrap\">\n\t        <h6 class=\"qodef-m-title-tagline\" >V\u00e5r prosess<\/h6>\n    \t<h2 class=\"qodef-m-title\" >\n\t\t\t\t\tVi utvikler nye l\u00f8sninger for industrien\t\t\t<\/h2>\n\t\n\t<\/div>\n\t\t<p class=\"qodef-m-text\" style=\"font-size: 19px;line-height: 30px\">ViaTech er en organisasjon med erfarne og lidenskapelige ansatte! L\u00f8sningene v\u00e5re er enkle \u00e5 bruke, og vi tilbyr skreddersydde l\u00f8sninger.\n\nVi utvikler stadig nye l\u00f8sninger for bransjen, og noen av v\u00e5re heteste teknologi- og markedsoppdateringer er:<\/p>\n<\/div>\t\t\t\t<\/div>\n\t\t\t\t<\/div>\n\t\t\t\t<div class=\"elementor-element elementor-element-3a4b5db elementor-widget elementor-widget-text-editor\" data-id=\"3a4b5db\" data-element_type=\"widget\" data-e-type=\"widget\" data-widget_type=\"text-editor.default\">\n\t\t\t\t<div class=\"elementor-widget-container\">\n\t\t\t\t\t\t\t\t\t<ul><li><span style=\"text-decoration: underline;\"><a href=\"https:\/\/viatech.no\/portfolio-item\/airport-pci\/\">Casestudie: PCI (Pavement Condition Index) for flyplasser<\/a><\/span><\/li><li><span style=\"text-decoration: underline;\"><a href=\"https:\/\/viatech.no\/portfolio-item\/3d-point-cloud-on-image\/\">Ny teknologioppdatering: Pointcloud Overlay p\u00e5 bilder<\/a><\/span><\/li><li><span style=\"text-decoration: underline;\"><a href=\"https:\/\/viatech.no\/portfolio-item\/viai\/\">Ny teknologioppdatering: ViaAI kunstig intelligens for veioverv\u00e5king<\/a><\/span><\/li><li><span style=\"text-decoration: underline;\"><a href=\"https:\/\/viatech.no\/portfolio-item\/mot-india-presentation\/\">India: MoT India-presentasjon om v\u00e5re p\u00e5g\u00e5ende forretninger med India<\/a><\/span><\/li><\/ul>\t\t\t\t\t\t\t\t<\/div>\n\t\t\t\t<\/div>\n\t\t\t\t\t<\/div>\n\t\t<\/div>\n\t\t\t\t\t<\/div>\n\t\t<\/section>\n\t\t\t\t<section class=\"elementor-section elementor-top-section elementor-element elementor-element-2cca1cb elementor-section-full_width elementor-section-height-default elementor-section-height-default qodef-elementor-content-no\" data-id=\"2cca1cb\" data-element_type=\"section\" data-e-type=\"section\">\n\t\t\t\t\t\t<div class=\"elementor-container elementor-column-gap-default\">\n\t\t\t\t\t<div class=\"elementor-column elementor-col-50 elementor-top-column elementor-element elementor-element-156da98\" data-id=\"156da98\" data-element_type=\"column\" data-e-type=\"column\" data-settings=\"{&quot;background_background&quot;:&quot;classic&quot;}\">\n\t\t\t<div class=\"elementor-widget-wrap elementor-element-populated\">\n\t\t\t\t\t\t<div class=\"elementor-element elementor-element-1fb3e11 elementor-widget elementor-widget-stal_core_section_title\" data-id=\"1fb3e11\" data-element_type=\"widget\" data-e-type=\"widget\" data-widget_type=\"stal_core_section_title.default\">\n\t\t\t\t<div class=\"elementor-widget-container\">\n\t\t\t\t\t<div class=\"qodef-shortcode qodef-m  qodef-section-title qodef-alignment--left  qodef-title-with-tagline\">\n\t\t<div class=\"qodef-m-title-wrap\">\n\t        <h6 class=\"qodef-m-title-tagline\" >V\u00e5r tiln\u00e6rming<\/h6>\n    \t<h2 class=\"qodef-m-title\" >\n\t\t\t\t\tEt selskap basert i Kongsberg\t\t\t<\/h2>\n\t\n\t<\/div>\n\t\t<p class=\"qodef-m-text\" style=\"font-size: 19px;line-height: 30px\">Viatech ble grunnlagt i 1997. Vi er et norsk selskap med base i Kongsberg. Selskapet eies av de ansatte. Kongsberg har v\u00e6rt et sentrum for s\u00f8lvgruvedrift, v\u00e5penproduksjon og skogbruk i \u00e5rhundrer, og er stedet for h\u00f8yteknologisk industri. Det var derfor et naturlig valg for oss \u00e5 etablere oss i Kongsberg.<\/p>\n<\/div>\t\t\t\t<\/div>\n\t\t\t\t<\/div>\n\t\t\t\t\t<\/div>\n\t\t<\/div>\n\t\t\t\t<div class=\"elementor-column elementor-col-50 elementor-top-column elementor-element elementor-element-8539fe7\" data-id=\"8539fe7\" data-element_type=\"column\" data-e-type=\"column\" data-settings=\"{&quot;background_background&quot;:&quot;classic&quot;}\">\n\t\t\t<div class=\"elementor-widget-wrap elementor-element-populated\">\n\t\t\t\t\t\t<div class=\"elementor-element elementor-element-4a6b23d elementor-widget elementor-widget-spacer\" data-id=\"4a6b23d\" data-element_type=\"widget\" data-e-type=\"widget\" data-widget_type=\"spacer.default\">\n\t\t\t\t<div class=\"elementor-widget-container\">\n\t\t\t\t\t\t\t<div class=\"elementor-spacer\">\n\t\t\t<div class=\"elementor-spacer-inner\"><\/div>\n\t\t<\/div>\n\t\t\t\t\t\t<\/div>\n\t\t\t\t<\/div>\n\t\t\t\t\t<\/div>\n\t\t<\/div>\n\t\t\t\t\t<\/div>\n\t\t<\/section>\n\t\t\t\t<section class=\"elementor-section elementor-top-section elementor-element elementor-element-552efa2 elementor-section-full_width elementor-section-height-default elementor-section-height-default qodef-elementor-content-no\" data-id=\"552efa2\" data-element_type=\"section\" data-e-type=\"section\">\n\t\t\t\t\t\t<div class=\"elementor-container elementor-column-gap-default\">\n\t\t\t\t\t<div class=\"elementor-column elementor-col-50 elementor-top-column elementor-element elementor-element-ba677ca\" data-id=\"ba677ca\" data-element_type=\"column\" data-e-type=\"column\" data-settings=\"{&quot;background_background&quot;:&quot;classic&quot;}\">\n\t\t\t<div class=\"elementor-widget-wrap elementor-element-populated\">\n\t\t\t\t\t\t<div class=\"elementor-element elementor-element-cc5b9b8 elementor-widget elementor-widget-spacer\" data-id=\"cc5b9b8\" data-element_type=\"widget\" data-e-type=\"widget\" data-widget_type=\"spacer.default\">\n\t\t\t\t<div class=\"elementor-widget-container\">\n\t\t\t\t\t\t\t<div class=\"elementor-spacer\">\n\t\t\t<div class=\"elementor-spacer-inner\"><\/div>\n\t\t<\/div>\n\t\t\t\t\t\t<\/div>\n\t\t\t\t<\/div>\n\t\t\t\t\t<\/div>\n\t\t<\/div>\n\t\t\t\t<div class=\"elementor-column elementor-col-50 elementor-top-column elementor-element elementor-element-9413a72\" data-id=\"9413a72\" data-element_type=\"column\" data-e-type=\"column\">\n\t\t\t<div class=\"elementor-widget-wrap elementor-element-populated\">\n\t\t\t\t\t\t<div class=\"elementor-element elementor-element-09c9fc9 elementor-widget elementor-widget-stal_core_section_title\" data-id=\"09c9fc9\" data-element_type=\"widget\" data-e-type=\"widget\" data-widget_type=\"stal_core_section_title.default\">\n\t\t\t\t<div class=\"elementor-widget-container\">\n\t\t\t\t\t<div class=\"qodef-shortcode qodef-m  qodef-section-title qodef-alignment--left  qodef-title-with-tagline\">\n\t\t<div class=\"qodef-m-title-wrap\">\n\t        <h6 class=\"qodef-m-title-tagline\" >V\u00e5r fremtid<\/h6>\n    \t<h2 class=\"qodef-m-title\" >\n\t\t\t\t\tViatech i fremtiden\t\t\t<\/h2>\n\t\n\t<\/div>\n\t\t<p class=\"qodef-m-text\" style=\"font-size: 19px;line-height: 30px\">Akselererer sikkerhet og b\u00e6rekraft: Vi \u00f8nsker \u00e5 tilby produkter og tjenester som \u00f8ker sikkerheten for alle som bruker v\u00e5r delte infrastruktur.\nVi vil fortsette \u00e5 lytte til kundene v\u00e5re og bruke innovativ teknologi for \u00e5 l\u00f8se utfordringene deres.\nVi er ansvarlige for leveransene v\u00e5re og bidrar ogs\u00e5 til b\u00e6rekraft.<\/p>\n<\/div>\t\t\t\t<\/div>\n\t\t\t\t<\/div>\n\t\t\t\t\t<\/div>\n\t\t<\/div>\n\t\t\t\t\t<\/div>\n\t\t<\/section>\n\t\t\t\t<\/div>\n\t\t","protected":false},"excerpt":{"rendered":"<p>V\u00e5r prosess Vi utvikler nye l\u00f8sninger for industrien ViaTech er en organisasjon med erfarne og lidenskapelige ansatte! L\u00f8sningene v\u00e5re er enkle \u00e5 bruke, og vi tilbyr skreddersydde l\u00f8sninger. Vi utvikler stadig nye l\u00f8sninger for bransjen, og noen av v\u00e5re heteste teknologi- og markedsoppdateringer er: Casestudie: PCI (Pavement Condition Index) for flyplasser Ny teknologioppdatering: Pointcloud Overlay [&hellip;]<\/p>\n","protected":false},"author":1,"featured_media":0,"parent":0,"menu_order":0,"comment_status":"closed","ping_status":"closed","template":"page-full-width.php","meta":{"footnotes":""},"class_list":["post-7376","page","type-page","status-publish","hentry"],"yoast_head":"<!-- This site is optimized with the Yoast SEO plugin v26.6 - https:\/\/yoast.com\/wordpress\/plugins\/seo\/ -->\n<title>V\u00e5r prosess - Viatech<\/title>\n<meta name=\"robots\" content=\"index, follow, max-snippet:-1, max-image-preview:large, max-video-preview:-1\" \/>\n<link rel=\"canonical\" href=\"https:\/\/viatech.no\/no\/var-prosess\/\" \/>\n<meta property=\"og:locale\" content=\"nb_NO\" \/>\n<meta property=\"og:type\" content=\"article\" \/>\n<meta property=\"og:title\" content=\"V\u00e5r prosess - Viatech\" \/>\n<meta property=\"og:description\" content=\"V\u00e5r prosess Vi utvikler nye l\u00f8sninger for industrien ViaTech er en organisasjon med erfarne og lidenskapelige ansatte! L\u00f8sningene v\u00e5re er enkle \u00e5 bruke, og vi tilbyr skreddersydde l\u00f8sninger. Vi utvikler stadig nye l\u00f8sninger for bransjen, og noen av v\u00e5re heteste teknologi- og markedsoppdateringer er: Casestudie: PCI (Pavement Condition Index) for flyplasser Ny teknologioppdatering: Pointcloud Overlay [&hellip;]\" \/>\n<meta property=\"og:url\" content=\"https:\/\/viatech.no\/no\/var-prosess\/\" \/>\n<meta property=\"og:site_name\" content=\"Viatech\" \/>\n<meta property=\"article:modified_time\" content=\"2025-05-03T11:40:29+00:00\" \/>\n<meta name=\"twitter:card\" content=\"summary_large_image\" \/>\n<meta name=\"twitter:label1\" content=\"Ansl. lesetid\" \/>\n\t<meta name=\"twitter:data1\" content=\"1 minutt\" \/>\n<script type=\"application\/ld+json\" class=\"yoast-schema-graph\">{\"@context\":\"https:\/\/schema.org\",\"@graph\":[{\"@type\":\"WebPage\",\"@id\":\"https:\/\/viatech.no\/no\/var-prosess\/\",\"url\":\"https:\/\/viatech.no\/no\/var-prosess\/\",\"name\":\"V\u00e5r prosess - Viatech\",\"isPartOf\":{\"@id\":\"https:\/\/viatech.no\/no\/#website\"},\"datePublished\":\"2020-02-20T10:36:18+00:00\",\"dateModified\":\"2025-05-03T11:40:29+00:00\",\"breadcrumb\":{\"@id\":\"https:\/\/viatech.no\/no\/var-prosess\/#breadcrumb\"},\"inLanguage\":\"nb-NO\",\"potentialAction\":[{\"@type\":\"ReadAction\",\"target\":[\"https:\/\/viatech.no\/no\/var-prosess\/\"]}]},{\"@type\":\"BreadcrumbList\",\"@id\":\"https:\/\/viatech.no\/no\/var-prosess\/#breadcrumb\",\"itemListElement\":[{\"@type\":\"ListItem\",\"position\":1,\"name\":\"Home\",\"item\":\"https:\/\/viatech.no\/no\/\"},{\"@type\":\"ListItem\",\"position\":2,\"name\":\"V\u00e5r prosess\"}]},{\"@type\":\"WebSite\",\"@id\":\"https:\/\/viatech.no\/no\/#website\",\"url\":\"https:\/\/viatech.no\/no\/\",\"name\":\"Viatech\",\"description\":\"Safety and sustainability\",\"publisher\":{\"@id\":\"https:\/\/viatech.no\/no\/#organization\"},\"potentialAction\":[{\"@type\":\"SearchAction\",\"target\":{\"@type\":\"EntryPoint\",\"urlTemplate\":\"https:\/\/viatech.no\/no\/?s={search_term_string}\"},\"query-input\":{\"@type\":\"PropertyValueSpecification\",\"valueRequired\":true,\"valueName\":\"search_term_string\"}}],\"inLanguage\":\"nb-NO\"},{\"@type\":\"Organization\",\"@id\":\"https:\/\/viatech.no\/no\/#organization\",\"name\":\"Viatech\",\"url\":\"https:\/\/viatech.no\/no\/\",\"logo\":{\"@type\":\"ImageObject\",\"inLanguage\":\"nb-NO\",\"@id\":\"https:\/\/viatech.no\/no\/#\/schema\/logo\/image\/\",\"url\":\"https:\/\/viatech.no\/wp-content\/uploads\/2023\/04\/cropped-viatech_stor-logo.jpg\",\"contentUrl\":\"https:\/\/viatech.no\/wp-content\/uploads\/2023\/04\/cropped-viatech_stor-logo.jpg\",\"width\":1379,\"height\":479,\"caption\":\"Viatech\"},\"image\":{\"@id\":\"https:\/\/viatech.no\/no\/#\/schema\/logo\/image\/\"}}]}<\/script>\n<!-- \/ Yoast SEO plugin. -->","yoast_head_json":{"title":"V\u00e5r prosess - Viatech","robots":{"index":"index","follow":"follow","max-snippet":"max-snippet:-1","max-image-preview":"max-image-preview:large","max-video-preview":"max-video-preview:-1"},"canonical":"https:\/\/viatech.no\/no\/var-prosess\/","og_locale":"nb_NO","og_type":"article","og_title":"V\u00e5r prosess - Viatech","og_description":"V\u00e5r prosess Vi utvikler nye l\u00f8sninger for industrien ViaTech er en organisasjon med erfarne og lidenskapelige ansatte! L\u00f8sningene v\u00e5re er enkle \u00e5 bruke, og vi tilbyr skreddersydde l\u00f8sninger. Vi utvikler stadig nye l\u00f8sninger for bransjen, og noen av v\u00e5re heteste teknologi- og markedsoppdateringer er: Casestudie: PCI (Pavement Condition Index) for flyplasser Ny teknologioppdatering: Pointcloud Overlay [&hellip;]","og_url":"https:\/\/viatech.no\/no\/var-prosess\/","og_site_name":"Viatech","article_modified_time":"2025-05-03T11:40:29+00:00","twitter_card":"summary_large_image","twitter_misc":{"Ansl. lesetid":"1 minutt"},"schema":{"@context":"https:\/\/schema.org","@graph":[{"@type":"WebPage","@id":"https:\/\/viatech.no\/no\/var-prosess\/","url":"https:\/\/viatech.no\/no\/var-prosess\/","name":"V\u00e5r prosess - Viatech","isPartOf":{"@id":"https:\/\/viatech.no\/no\/#website"},"datePublished":"2020-02-20T10:36:18+00:00","dateModified":"2025-05-03T11:40:29+00:00","breadcrumb":{"@id":"https:\/\/viatech.no\/no\/var-prosess\/#breadcrumb"},"inLanguage":"nb-NO","potentialAction":[{"@type":"ReadAction","target":["https:\/\/viatech.no\/no\/var-prosess\/"]}]},{"@type":"BreadcrumbList","@id":"https:\/\/viatech.no\/no\/var-prosess\/#breadcrumb","itemListElement":[{"@type":"ListItem","position":1,"name":"Home","item":"https:\/\/viatech.no\/no\/"},{"@type":"ListItem","position":2,"name":"V\u00e5r prosess"}]},{"@type":"WebSite","@id":"https:\/\/viatech.no\/no\/#website","url":"https:\/\/viatech.no\/no\/","name":"Viatech","description":"Safety and sustainability","publisher":{"@id":"https:\/\/viatech.no\/no\/#organization"},"potentialAction":[{"@type":"SearchAction","target":{"@type":"EntryPoint","urlTemplate":"https:\/\/viatech.no\/no\/?s={search_term_string}"},"query-input":{"@type":"PropertyValueSpecification","valueRequired":true,"valueName":"search_term_string"}}],"inLanguage":"nb-NO"},{"@type":"Organization","@id":"https:\/\/viatech.no\/no\/#organization","name":"Viatech","url":"https:\/\/viatech.no\/no\/","logo":{"@type":"ImageObject","inLanguage":"nb-NO","@id":"https:\/\/viatech.no\/no\/#\/schema\/logo\/image\/","url":"https:\/\/viatech.no\/wp-content\/uploads\/2023\/04\/cropped-viatech_stor-logo.jpg","contentUrl":"https:\/\/viatech.no\/wp-content\/uploads\/2023\/04\/cropped-viatech_stor-logo.jpg","width":1379,"height":479,"caption":"Viatech"},"image":{"@id":"https:\/\/viatech.no\/no\/#\/schema\/logo\/image\/"}}]}},"_links":{"self":[{"href":"https:\/\/viatech.no\/no\/wp-json\/wp\/v2\/pages\/7376","targetHints":{"allow":["GET"]}}],"collection":[{"href":"https:\/\/viatech.no\/no\/wp-json\/wp\/v2\/pages"}],"about":[{"href":"https:\/\/viatech.no\/no\/wp-json\/wp\/v2\/types\/page"}],"author":[{"embeddable":true,"href":"https:\/\/viatech.no\/no\/wp-json\/wp\/v2\/users\/1"}],"replies":[{"embeddable":true,"href":"https:\/\/viatech.no\/no\/wp-json\/wp\/v2\/comments?post=7376"}],"version-history":[{"count":8,"href":"https:\/\/viatech.no\/no\/wp-json\/wp\/v2\/pages\/7376\/revisions"}],"predecessor-version":[{"id":7639,"href":"https:\/\/viatech.no\/no\/wp-json\/wp\/v2\/pages\/7376\/revisions\/7639"}],"wp:attachment":[{"href":"https:\/\/viatech.no\/no\/wp-json\/wp\/v2\/media?parent=7376"}],"curies":[{"name":"wp","href":"https:\/\/api.w.org\/{rel}","templated":true}]}}