{"id":7390,"date":"2023-04-13T17:17:11","date_gmt":"2023-04-13T17:17:11","guid":{"rendered":"https:\/\/viatech.no\/retningslinjer-for-personvern\/"},"modified":"2025-05-12T08:38:52","modified_gmt":"2025-05-12T08:38:52","slug":"retningslinjer-for-personvern","status":"publish","type":"page","link":"https:\/\/viatech.no\/no\/retningslinjer-for-personvern\/","title":{"rendered":"Retningslinjer for personvern"},"content":{"rendered":"\n<h2 class=\"wp-block-heading\">Hvem vi er<\/h2>\n\n<p>Adressen til nettstedet v\u00e5rt er: https:\/\/viatech.no<\/p>\n\n<h2 class=\"wp-block-heading\">Kommentarer<\/h2>\n\n<p>N\u00e5r bes\u00f8kende legger igjen kommentarer p\u00e5 nettstedet, samler vi inn dataene som vises i kommentarskjemaet, og ogs\u00e5 den bes\u00f8kendes IP-adresse og nettleserens brukeragentstreng for \u00e5 bidra til \u00e5 oppdage spam.<\/p>\n\n<p>En anonymisert streng opprettet fra e-postadressen din (ogs\u00e5 kalt en hash) kan bli gitt til Gravatar-tjenesten for \u00e5 se om du bruker den. Personvernerkl\u00e6ringen for Gravatar-tjenesten er tilgjengelig her: https:\/\/automattic.com\/privacy\/. Etter at kommentaren din er godkjent, er profilbildet ditt synlig for offentligheten i forbindelse med kommentaren din.<\/p>\n\n<h2 class=\"wp-block-heading\">Medier<\/h2>\n\n<p>Hvis du laster opp bilder til nettstedet, b\u00f8r du unng\u00e5 \u00e5 laste opp bilder med innebygde posisjonsdata (EXIF GPS). Bes\u00f8kende p\u00e5 nettstedet kan laste ned og hente ut posisjonsdata fra bilder p\u00e5 nettstedet.<\/p>\n\n<h2 class=\"wp-block-heading\">Informasjonskapsler<\/h2>\n\n<p>Hvis du legger igjen en kommentar p\u00e5 nettstedet v\u00e5rt, kan du velge \u00e5 lagre navn, e-postadresse og nettsted i informasjonskapsler. Disse er for \u00e5 gj\u00f8re det enklere for deg, slik at du ikke trenger \u00e5 fylle inn opplysningene dine p\u00e5 nytt n\u00e5r du legger inn en ny kommentar. Disse kjeksene holder seg i ett \u00e5r.<\/p>\n\n<p>Hvis du bes\u00f8ker innloggingssiden v\u00e5r, setter vi en midlertidig informasjonskapsel for \u00e5 finne ut om nettleseren din godtar informasjonskapsler. Denne informasjonskapselen inneholder ingen personopplysninger og slettes n\u00e5r du lukker nettleseren.<\/p>\n\n<p>N\u00e5r du logger inn, setter vi ogs\u00e5 opp flere informasjonskapsler for \u00e5 lagre innloggingsinformasjonen din og valg av skjermvisning. P\u00e5loggingsinformasjonskapsler varer i to dager, og informasjonskapsler for skjermalternativer varer i ett \u00e5r. Hvis du velger &laquo;Husk meg&raquo;, vil p\u00e5loggingen din bli v\u00e6rende i to uker. Hvis du logger ut av kontoen din, fjernes innloggingsinformasjonskapslene.<\/p>\n\n<p>Hvis du redigerer eller publiserer en artikkel, lagres det en ekstra informasjonskapsel i nettleseren din. Denne informasjonskapselen inneholder ingen personopplysninger, men viser bare innleggs-ID-en til artikkelen du nettopp har redigert. Den utl\u00f8per etter 1 dag.<\/p>\n\n<h2 class=\"wp-block-heading\">Innebygd innhold fra andre nettsteder<\/h2>\n\n<p>Artikler p\u00e5 dette nettstedet kan inneholde innebygd innhold (f.eks. videoer, bilder, artikler osv.). Innebygd innhold fra andre nettsteder oppf\u00f8rer seg p\u00e5 n\u00f8yaktig samme m\u00e5te som om den bes\u00f8kende har bes\u00f8kt det andre nettstedet.<\/p>\n\n<p>Disse nettstedene kan samle inn data om deg, bruke informasjonskapsler, legge inn ekstra tredjepartssporing og overv\u00e5ke din interaksjon med det innebygde innholdet, inkludert sporing av din interaksjon med det innebygde innholdet hvis du har en konto og er logget inn p\u00e5 det aktuelle nettstedet.<\/p>\n\n<h2 class=\"wp-block-heading\">Hvem vi deler opplysningene dine med<\/h2>\n\n<p>Hvis du ber om tilbakestilling av passordet, vil IP-adressen din bli inkludert i e-postmeldingen om tilbakestilling.<\/p>\n\n<h2 class=\"wp-block-heading\">Hvor lenge vi lagrer opplysningene dine<\/h2>\n\n<p>Hvis du legger igjen en kommentar, blir kommentaren og dens metadata lagret p\u00e5 ubestemt tid. Dette er for at vi skal kunne gjenkjenne og godkjenne eventuelle oppf\u00f8lgingskommentarer automatisk i stedet for \u00e5 holde dem i en modereringsk\u00f8.<\/p>\n\n<p>For brukere som registrerer seg p\u00e5 nettstedet v\u00e5rt (hvis noen), lagrer vi ogs\u00e5 personopplysningene de oppgir i brukerprofilen sin. Alle brukere kan n\u00e5r som helst se, redigere eller slette sine personlige opplysninger (bortsett fra at de ikke kan endre brukernavnet sitt). Nettstedsadministratorer kan ogs\u00e5 se og redigere denne informasjonen.<\/p>\n\n<h2 class=\"wp-block-heading\">Hvilke rettigheter du har over dataene dine<\/h2>\n\n<p>Hvis du har en konto p\u00e5 dette nettstedet, eller har lagt igjen kommentarer, kan du be om \u00e5 f\u00e5 tilsendt en eksportert fil med personopplysningene vi har om deg, inkludert eventuelle opplysninger du har gitt oss. Du kan ogs\u00e5 be om at vi sletter alle personopplysninger vi har om deg. Dette omfatter ikke opplysninger vi er forpliktet til \u00e5 oppbevare av administrative, juridiske eller sikkerhetsmessige \u00e5rsaker.<\/p>\n\n<h2 class=\"wp-block-heading\">Hvor dataene dine sendes<\/h2>\n\n<p>Bes\u00f8kendes kommentarer kan bli kontrollert gjennom en automatisert tjeneste for oppdagelse av s\u00f8ppelpost.<\/p>\n","protected":false},"excerpt":{"rendered":"<p>Hvem vi er Adressen til nettstedet v\u00e5rt er: https:\/\/viatech.no Kommentarer N\u00e5r bes\u00f8kende legger igjen kommentarer p\u00e5 nettstedet, samler vi inn dataene som vises i kommentarskjemaet, og ogs\u00e5 den bes\u00f8kendes IP-adresse og nettleserens brukeragentstreng for \u00e5 bidra til \u00e5 oppdage spam. En anonymisert streng opprettet fra e-postadressen din (ogs\u00e5 kalt en hash) kan bli gitt til [&hellip;]<\/p>\n","protected":false},"author":1,"featured_media":0,"parent":0,"menu_order":0,"comment_status":"closed","ping_status":"closed","template":"","meta":{"footnotes":""},"class_list":["post-7390","page","type-page","status-publish","hentry"],"yoast_head":"<!-- This site is optimized with the Yoast SEO plugin v26.6 - https:\/\/yoast.com\/wordpress\/plugins\/seo\/ -->\n<title>Retningslinjer for personvern - Viatech<\/title>\n<meta name=\"robots\" content=\"index, follow, max-snippet:-1, max-image-preview:large, max-video-preview:-1\" \/>\n<link rel=\"canonical\" href=\"https:\/\/viatech.no\/no\/retningslinjer-for-personvern\/\" \/>\n<meta property=\"og:locale\" content=\"nb_NO\" \/>\n<meta property=\"og:type\" content=\"article\" \/>\n<meta property=\"og:title\" content=\"Retningslinjer for personvern - Viatech\" \/>\n<meta property=\"og:description\" content=\"Hvem vi er Adressen til nettstedet v\u00e5rt er: https:\/\/viatech.no Kommentarer N\u00e5r bes\u00f8kende legger igjen kommentarer p\u00e5 nettstedet, samler vi inn dataene som vises i kommentarskjemaet, og ogs\u00e5 den bes\u00f8kendes IP-adresse og nettleserens brukeragentstreng for \u00e5 bidra til \u00e5 oppdage spam. En anonymisert streng opprettet fra e-postadressen din (ogs\u00e5 kalt en hash) kan bli gitt til [&hellip;]\" \/>\n<meta property=\"og:url\" content=\"https:\/\/viatech.no\/no\/retningslinjer-for-personvern\/\" \/>\n<meta property=\"og:site_name\" content=\"Viatech\" \/>\n<meta property=\"article:modified_time\" content=\"2025-05-12T08:38:52+00:00\" \/>\n<meta name=\"twitter:card\" content=\"summary_large_image\" \/>\n<meta name=\"twitter:label1\" content=\"Ansl. lesetid\" \/>\n\t<meta name=\"twitter:data1\" content=\"3 minutter\" \/>\n<script type=\"application\/ld+json\" class=\"yoast-schema-graph\">{\"@context\":\"https:\/\/schema.org\",\"@graph\":[{\"@type\":\"WebPage\",\"@id\":\"https:\/\/viatech.no\/no\/retningslinjer-for-personvern\/\",\"url\":\"https:\/\/viatech.no\/no\/retningslinjer-for-personvern\/\",\"name\":\"Retningslinjer for personvern - Viatech\",\"isPartOf\":{\"@id\":\"https:\/\/viatech.no\/no\/#website\"},\"datePublished\":\"2023-04-13T17:17:11+00:00\",\"dateModified\":\"2025-05-12T08:38:52+00:00\",\"breadcrumb\":{\"@id\":\"https:\/\/viatech.no\/no\/retningslinjer-for-personvern\/#breadcrumb\"},\"inLanguage\":\"nb-NO\",\"potentialAction\":[{\"@type\":\"ReadAction\",\"target\":[\"https:\/\/viatech.no\/no\/retningslinjer-for-personvern\/\"]}]},{\"@type\":\"BreadcrumbList\",\"@id\":\"https:\/\/viatech.no\/no\/retningslinjer-for-personvern\/#breadcrumb\",\"itemListElement\":[{\"@type\":\"ListItem\",\"position\":1,\"name\":\"Home\",\"item\":\"https:\/\/viatech.no\/no\/\"},{\"@type\":\"ListItem\",\"position\":2,\"name\":\"Retningslinjer for personvern\"}]},{\"@type\":\"WebSite\",\"@id\":\"https:\/\/viatech.no\/no\/#website\",\"url\":\"https:\/\/viatech.no\/no\/\",\"name\":\"Viatech\",\"description\":\"Safety and sustainability\",\"publisher\":{\"@id\":\"https:\/\/viatech.no\/no\/#organization\"},\"potentialAction\":[{\"@type\":\"SearchAction\",\"target\":{\"@type\":\"EntryPoint\",\"urlTemplate\":\"https:\/\/viatech.no\/no\/?s={search_term_string}\"},\"query-input\":{\"@type\":\"PropertyValueSpecification\",\"valueRequired\":true,\"valueName\":\"search_term_string\"}}],\"inLanguage\":\"nb-NO\"},{\"@type\":\"Organization\",\"@id\":\"https:\/\/viatech.no\/no\/#organization\",\"name\":\"Viatech\",\"url\":\"https:\/\/viatech.no\/no\/\",\"logo\":{\"@type\":\"ImageObject\",\"inLanguage\":\"nb-NO\",\"@id\":\"https:\/\/viatech.no\/no\/#\/schema\/logo\/image\/\",\"url\":\"https:\/\/viatech.no\/wp-content\/uploads\/2023\/04\/cropped-viatech_stor-logo.jpg\",\"contentUrl\":\"https:\/\/viatech.no\/wp-content\/uploads\/2023\/04\/cropped-viatech_stor-logo.jpg\",\"width\":1379,\"height\":479,\"caption\":\"Viatech\"},\"image\":{\"@id\":\"https:\/\/viatech.no\/no\/#\/schema\/logo\/image\/\"}}]}<\/script>\n<!-- \/ Yoast SEO plugin. -->","yoast_head_json":{"title":"Retningslinjer for personvern - Viatech","robots":{"index":"index","follow":"follow","max-snippet":"max-snippet:-1","max-image-preview":"max-image-preview:large","max-video-preview":"max-video-preview:-1"},"canonical":"https:\/\/viatech.no\/no\/retningslinjer-for-personvern\/","og_locale":"nb_NO","og_type":"article","og_title":"Retningslinjer for personvern - Viatech","og_description":"Hvem vi er Adressen til nettstedet v\u00e5rt er: https:\/\/viatech.no Kommentarer N\u00e5r bes\u00f8kende legger igjen kommentarer p\u00e5 nettstedet, samler vi inn dataene som vises i kommentarskjemaet, og ogs\u00e5 den bes\u00f8kendes IP-adresse og nettleserens brukeragentstreng for \u00e5 bidra til \u00e5 oppdage spam. En anonymisert streng opprettet fra e-postadressen din (ogs\u00e5 kalt en hash) kan bli gitt til [&hellip;]","og_url":"https:\/\/viatech.no\/no\/retningslinjer-for-personvern\/","og_site_name":"Viatech","article_modified_time":"2025-05-12T08:38:52+00:00","twitter_card":"summary_large_image","twitter_misc":{"Ansl. lesetid":"3 minutter"},"schema":{"@context":"https:\/\/schema.org","@graph":[{"@type":"WebPage","@id":"https:\/\/viatech.no\/no\/retningslinjer-for-personvern\/","url":"https:\/\/viatech.no\/no\/retningslinjer-for-personvern\/","name":"Retningslinjer for personvern - Viatech","isPartOf":{"@id":"https:\/\/viatech.no\/no\/#website"},"datePublished":"2023-04-13T17:17:11+00:00","dateModified":"2025-05-12T08:38:52+00:00","breadcrumb":{"@id":"https:\/\/viatech.no\/no\/retningslinjer-for-personvern\/#breadcrumb"},"inLanguage":"nb-NO","potentialAction":[{"@type":"ReadAction","target":["https:\/\/viatech.no\/no\/retningslinjer-for-personvern\/"]}]},{"@type":"BreadcrumbList","@id":"https:\/\/viatech.no\/no\/retningslinjer-for-personvern\/#breadcrumb","itemListElement":[{"@type":"ListItem","position":1,"name":"Home","item":"https:\/\/viatech.no\/no\/"},{"@type":"ListItem","position":2,"name":"Retningslinjer for personvern"}]},{"@type":"WebSite","@id":"https:\/\/viatech.no\/no\/#website","url":"https:\/\/viatech.no\/no\/","name":"Viatech","description":"Safety and sustainability","publisher":{"@id":"https:\/\/viatech.no\/no\/#organization"},"potentialAction":[{"@type":"SearchAction","target":{"@type":"EntryPoint","urlTemplate":"https:\/\/viatech.no\/no\/?s={search_term_string}"},"query-input":{"@type":"PropertyValueSpecification","valueRequired":true,"valueName":"search_term_string"}}],"inLanguage":"nb-NO"},{"@type":"Organization","@id":"https:\/\/viatech.no\/no\/#organization","name":"Viatech","url":"https:\/\/viatech.no\/no\/","logo":{"@type":"ImageObject","inLanguage":"nb-NO","@id":"https:\/\/viatech.no\/no\/#\/schema\/logo\/image\/","url":"https:\/\/viatech.no\/wp-content\/uploads\/2023\/04\/cropped-viatech_stor-logo.jpg","contentUrl":"https:\/\/viatech.no\/wp-content\/uploads\/2023\/04\/cropped-viatech_stor-logo.jpg","width":1379,"height":479,"caption":"Viatech"},"image":{"@id":"https:\/\/viatech.no\/no\/#\/schema\/logo\/image\/"}}]}},"_links":{"self":[{"href":"https:\/\/viatech.no\/no\/wp-json\/wp\/v2\/pages\/7390","targetHints":{"allow":["GET"]}}],"collection":[{"href":"https:\/\/viatech.no\/no\/wp-json\/wp\/v2\/pages"}],"about":[{"href":"https:\/\/viatech.no\/no\/wp-json\/wp\/v2\/types\/page"}],"author":[{"embeddable":true,"href":"https:\/\/viatech.no\/no\/wp-json\/wp\/v2\/users\/1"}],"replies":[{"embeddable":true,"href":"https:\/\/viatech.no\/no\/wp-json\/wp\/v2\/comments?post=7390"}],"version-history":[{"count":2,"href":"https:\/\/viatech.no\/no\/wp-json\/wp\/v2\/pages\/7390\/revisions"}],"predecessor-version":[{"id":7396,"href":"https:\/\/viatech.no\/no\/wp-json\/wp\/v2\/pages\/7390\/revisions\/7396"}],"wp:attachment":[{"href":"https:\/\/viatech.no\/no\/wp-json\/wp\/v2\/media?parent=7390"}],"curies":[{"name":"wp","href":"https:\/\/api.w.org\/{rel}","templated":true}]}}