{"id":7401,"date":"2025-03-13T11:23:32","date_gmt":"2025-03-13T11:23:32","guid":{"rendered":"https:\/\/viatech.no\/skanning-av-fortau\/"},"modified":"2025-09-04T21:37:38","modified_gmt":"2025-09-04T21:37:38","slug":"skanning-av-veg","status":"publish","type":"page","link":"https:\/\/viatech.no\/no\/skanning-av-veg\/","title":{"rendered":"Skanning av veg"},"content":{"rendered":"\t\t<div data-elementor-type=\"wp-page\" data-elementor-id=\"7401\" class=\"elementor elementor-7401 elementor-6968\" data-elementor-post-type=\"page\">\n\t\t\t\t<div class=\"elementor-element elementor-element-ce8f997 e-flex e-con-boxed e-con e-parent\" data-id=\"ce8f997\" data-element_type=\"container\" data-e-type=\"container\" data-settings=\"{&quot;background_background&quot;:&quot;classic&quot;}\">\n\t\t\t\t\t<div class=\"e-con-inner\">\n\t\t\t\t<div class=\"elementor-element elementor-element-a974152 elementor-headline--style-highlight elementor-widget elementor-widget-animated-headline\" data-id=\"a974152\" data-element_type=\"widget\" data-e-type=\"widget\" data-settings=\"{&quot;highlighted_text&quot;:&quot;Skanning av veg&quot;,&quot;marker&quot;:&quot;underline&quot;,&quot;headline_style&quot;:&quot;highlight&quot;,&quot;loop&quot;:&quot;yes&quot;,&quot;highlight_animation_duration&quot;:1200,&quot;highlight_iteration_delay&quot;:8000}\" data-widget_type=\"animated-headline.default\">\n\t\t\t\t<div class=\"elementor-widget-container\">\n\t\t\t\t\t\t\t<h4 class=\"elementor-headline\">\n\t\t\t\t\t<span class=\"elementor-headline-plain-text elementor-headline-text-wrapper\">Ta en titt p\u00e5 produktene v\u00e5re for<\/span>\n\t\t\t\t<span class=\"elementor-headline-dynamic-wrapper elementor-headline-text-wrapper\">\n\t\t\t\t\t<span class=\"elementor-headline-dynamic-text elementor-headline-text-active\">Skanning av veg<\/span>\n\t\t\t\t<\/span>\n\t\t\t\t<\/h4>\n\t\t\t\t\t\t<\/div>\n\t\t\t\t<\/div>\n\t\t<div class=\"elementor-element elementor-element-6d655c1 e-flex e-con-boxed e-con e-child\" data-id=\"6d655c1\" data-element_type=\"container\" data-e-type=\"container\">\n\t\t\t\t\t<div class=\"e-con-inner\">\n\t\t<div class=\"elementor-element elementor-element-3abdd38 animated-slow e-con-full e-flex elementor-invisible e-con e-child\" data-id=\"3abdd38\" data-element_type=\"container\" data-e-type=\"container\" data-settings=\"{&quot;animation&quot;:&quot;fadeInUp&quot;,&quot;animation_delay&quot;:150,&quot;background_background&quot;:&quot;classic&quot;}\">\n\t\t\t\t<div class=\"elementor-element elementor-element-143df5a elementor-vertical-align-top elementor-widget elementor-widget-image-box\" data-id=\"143df5a\" data-element_type=\"widget\" data-e-type=\"widget\" data-widget_type=\"image-box.default\">\n\t\t\t\t<div class=\"elementor-widget-container\">\n\t\t\t\t\t<div class=\"elementor-image-box-wrapper\"><div class=\"elementor-image-box-content\"><h3 class=\"elementor-image-box-title\">Skanning av veg<\/h3><p class=\"elementor-image-box-description\">N\u00e5r sikkerhet og b\u00e6rekraft er viktig<\/p><\/div><\/div>\t\t\t\t<\/div>\n\t\t\t\t<\/div>\n\t\t\t\t<div class=\"elementor-element elementor-element-0d36424 elementor-widget elementor-widget-text-editor\" data-id=\"0d36424\" data-element_type=\"widget\" data-e-type=\"widget\" data-widget_type=\"text-editor.default\">\n\t\t\t\t<div class=\"elementor-widget-container\">\n\t\t\t\t\t\t\t\t\t<p>Som en ledende akt\u00f8r i bransjen tilbyr vi et bredt spekter av produkter, slik at du kan f\u00e5 den mest n\u00f8yaktige forst\u00e5elsen av tilstanden til vegen din.<\/p>\t\t\t\t\t\t\t\t<\/div>\n\t\t\t\t<\/div>\n\t\t\t\t<div class=\"elementor-element elementor-element-c6ca2bb elementor-align-justify elementor-widget elementor-widget-button\" data-id=\"c6ca2bb\" data-element_type=\"widget\" data-e-type=\"widget\" data-widget_type=\"button.default\">\n\t\t\t\t<div class=\"elementor-widget-container\">\n\t\t\t\t\t\t\t\t\t<div class=\"elementor-button-wrapper\">\n\t\t\t\t\t<a class=\"elementor-button elementor-button-link elementor-size-sm\" href=\"https:\/\/viatech.no\/no\/produktkategori\/skanning-av-veg\/\">\n\t\t\t\t\t\t<span class=\"elementor-button-content-wrapper\">\n\t\t\t\t\t\t\t\t\t<span class=\"elementor-button-text\">Se produkter &gt;<\/span>\n\t\t\t\t\t<\/span>\n\t\t\t\t\t<\/a>\n\t\t\t\t<\/div>\n\t\t\t\t\t\t\t\t<\/div>\n\t\t\t\t<\/div>\n\t\t\t\t<\/div>\n\t\t\t\t\t<\/div>\n\t\t\t\t<\/div>\n\t\t\t\t\t<\/div>\n\t\t\t\t<\/div>\n\t\t\t\t<\/div>\n\t\t","protected":false},"excerpt":{"rendered":"<p>Ta en titt p\u00e5 produktene v\u00e5re for Skanning av veg Skanning av veg N\u00e5r sikkerhet og b\u00e6rekraft er viktig Som en ledende akt\u00f8r i bransjen tilbyr vi et bredt spekter av produkter, slik at du kan f\u00e5 den mest n\u00f8yaktige forst\u00e5elsen av tilstanden til vegen din. Se produkter &gt;<\/p>\n","protected":false},"author":1,"featured_media":0,"parent":0,"menu_order":0,"comment_status":"closed","ping_status":"closed","template":"","meta":{"footnotes":""},"class_list":["post-7401","page","type-page","status-publish","hentry"],"yoast_head":"<!-- This site is optimized with the Yoast SEO plugin v26.6 - https:\/\/yoast.com\/wordpress\/plugins\/seo\/ -->\n<title>Skanning av veg - Viatech<\/title>\n<meta name=\"description\" content=\"Som en ledende akt\u00f8r i bransjen tilbyr vi et bredt spekter av produkter, slik at du kan f\u00e5 den mest n\u00f8yaktige forst\u00e5elsen av tilstanden til vegen din.\" \/>\n<meta name=\"robots\" content=\"index, follow, max-snippet:-1, max-image-preview:large, max-video-preview:-1\" \/>\n<link rel=\"canonical\" href=\"https:\/\/viatech.no\/no\/skanning-av-veg\/\" \/>\n<meta property=\"og:locale\" content=\"nb_NO\" \/>\n<meta property=\"og:type\" content=\"article\" \/>\n<meta property=\"og:title\" content=\"Skanning av veg - Viatech\" \/>\n<meta property=\"og:description\" content=\"Som en ledende akt\u00f8r i bransjen tilbyr vi et bredt spekter av produkter, slik at du kan f\u00e5 den mest n\u00f8yaktige forst\u00e5elsen av tilstanden til vegen din.\" \/>\n<meta property=\"og:url\" content=\"https:\/\/viatech.no\/no\/skanning-av-veg\/\" \/>\n<meta property=\"og:site_name\" content=\"Viatech\" \/>\n<meta property=\"article:modified_time\" content=\"2025-09-04T21:37:38+00:00\" \/>\n<meta name=\"twitter:card\" content=\"summary_large_image\" \/>\n<meta name=\"twitter:label1\" content=\"Ansl. lesetid\" \/>\n\t<meta name=\"twitter:data1\" content=\"1 minutt\" \/>\n<script type=\"application\/ld+json\" class=\"yoast-schema-graph\">{\"@context\":\"https:\/\/schema.org\",\"@graph\":[{\"@type\":\"WebPage\",\"@id\":\"https:\/\/viatech.no\/no\/skanning-av-veg\/\",\"url\":\"https:\/\/viatech.no\/no\/skanning-av-veg\/\",\"name\":\"Skanning av veg - Viatech\",\"isPartOf\":{\"@id\":\"https:\/\/viatech.no\/no\/#website\"},\"datePublished\":\"2025-03-13T11:23:32+00:00\",\"dateModified\":\"2025-09-04T21:37:38+00:00\",\"description\":\"Som en ledende akt\u00f8r i bransjen tilbyr vi et bredt spekter av produkter, slik at du kan f\u00e5 den mest n\u00f8yaktige forst\u00e5elsen av tilstanden til vegen din.\",\"breadcrumb\":{\"@id\":\"https:\/\/viatech.no\/no\/skanning-av-veg\/#breadcrumb\"},\"inLanguage\":\"nb-NO\",\"potentialAction\":[{\"@type\":\"ReadAction\",\"target\":[\"https:\/\/viatech.no\/no\/skanning-av-veg\/\"]}]},{\"@type\":\"BreadcrumbList\",\"@id\":\"https:\/\/viatech.no\/no\/skanning-av-veg\/#breadcrumb\",\"itemListElement\":[{\"@type\":\"ListItem\",\"position\":1,\"name\":\"Home\",\"item\":\"https:\/\/viatech.no\/no\/\"},{\"@type\":\"ListItem\",\"position\":2,\"name\":\"Skanning av veg\"}]},{\"@type\":\"WebSite\",\"@id\":\"https:\/\/viatech.no\/no\/#website\",\"url\":\"https:\/\/viatech.no\/no\/\",\"name\":\"Viatech\",\"description\":\"Safety and sustainability\",\"publisher\":{\"@id\":\"https:\/\/viatech.no\/no\/#organization\"},\"potentialAction\":[{\"@type\":\"SearchAction\",\"target\":{\"@type\":\"EntryPoint\",\"urlTemplate\":\"https:\/\/viatech.no\/no\/?s={search_term_string}\"},\"query-input\":{\"@type\":\"PropertyValueSpecification\",\"valueRequired\":true,\"valueName\":\"search_term_string\"}}],\"inLanguage\":\"nb-NO\"},{\"@type\":\"Organization\",\"@id\":\"https:\/\/viatech.no\/no\/#organization\",\"name\":\"Viatech\",\"url\":\"https:\/\/viatech.no\/no\/\",\"logo\":{\"@type\":\"ImageObject\",\"inLanguage\":\"nb-NO\",\"@id\":\"https:\/\/viatech.no\/no\/#\/schema\/logo\/image\/\",\"url\":\"https:\/\/viatech.no\/wp-content\/uploads\/2023\/04\/cropped-viatech_stor-logo.jpg\",\"contentUrl\":\"https:\/\/viatech.no\/wp-content\/uploads\/2023\/04\/cropped-viatech_stor-logo.jpg\",\"width\":1379,\"height\":479,\"caption\":\"Viatech\"},\"image\":{\"@id\":\"https:\/\/viatech.no\/no\/#\/schema\/logo\/image\/\"}}]}<\/script>\n<!-- \/ Yoast SEO plugin. -->","yoast_head_json":{"title":"Skanning av veg - Viatech","description":"Som en ledende akt\u00f8r i bransjen tilbyr vi et bredt spekter av produkter, slik at du kan f\u00e5 den mest n\u00f8yaktige forst\u00e5elsen av tilstanden til vegen din.","robots":{"index":"index","follow":"follow","max-snippet":"max-snippet:-1","max-image-preview":"max-image-preview:large","max-video-preview":"max-video-preview:-1"},"canonical":"https:\/\/viatech.no\/no\/skanning-av-veg\/","og_locale":"nb_NO","og_type":"article","og_title":"Skanning av veg - Viatech","og_description":"Som en ledende akt\u00f8r i bransjen tilbyr vi et bredt spekter av produkter, slik at du kan f\u00e5 den mest n\u00f8yaktige forst\u00e5elsen av tilstanden til vegen din.","og_url":"https:\/\/viatech.no\/no\/skanning-av-veg\/","og_site_name":"Viatech","article_modified_time":"2025-09-04T21:37:38+00:00","twitter_card":"summary_large_image","twitter_misc":{"Ansl. lesetid":"1 minutt"},"schema":{"@context":"https:\/\/schema.org","@graph":[{"@type":"WebPage","@id":"https:\/\/viatech.no\/no\/skanning-av-veg\/","url":"https:\/\/viatech.no\/no\/skanning-av-veg\/","name":"Skanning av veg - Viatech","isPartOf":{"@id":"https:\/\/viatech.no\/no\/#website"},"datePublished":"2025-03-13T11:23:32+00:00","dateModified":"2025-09-04T21:37:38+00:00","description":"Som en ledende akt\u00f8r i bransjen tilbyr vi et bredt spekter av produkter, slik at du kan f\u00e5 den mest n\u00f8yaktige forst\u00e5elsen av tilstanden til vegen din.","breadcrumb":{"@id":"https:\/\/viatech.no\/no\/skanning-av-veg\/#breadcrumb"},"inLanguage":"nb-NO","potentialAction":[{"@type":"ReadAction","target":["https:\/\/viatech.no\/no\/skanning-av-veg\/"]}]},{"@type":"BreadcrumbList","@id":"https:\/\/viatech.no\/no\/skanning-av-veg\/#breadcrumb","itemListElement":[{"@type":"ListItem","position":1,"name":"Home","item":"https:\/\/viatech.no\/no\/"},{"@type":"ListItem","position":2,"name":"Skanning av veg"}]},{"@type":"WebSite","@id":"https:\/\/viatech.no\/no\/#website","url":"https:\/\/viatech.no\/no\/","name":"Viatech","description":"Safety and sustainability","publisher":{"@id":"https:\/\/viatech.no\/no\/#organization"},"potentialAction":[{"@type":"SearchAction","target":{"@type":"EntryPoint","urlTemplate":"https:\/\/viatech.no\/no\/?s={search_term_string}"},"query-input":{"@type":"PropertyValueSpecification","valueRequired":true,"valueName":"search_term_string"}}],"inLanguage":"nb-NO"},{"@type":"Organization","@id":"https:\/\/viatech.no\/no\/#organization","name":"Viatech","url":"https:\/\/viatech.no\/no\/","logo":{"@type":"ImageObject","inLanguage":"nb-NO","@id":"https:\/\/viatech.no\/no\/#\/schema\/logo\/image\/","url":"https:\/\/viatech.no\/wp-content\/uploads\/2023\/04\/cropped-viatech_stor-logo.jpg","contentUrl":"https:\/\/viatech.no\/wp-content\/uploads\/2023\/04\/cropped-viatech_stor-logo.jpg","width":1379,"height":479,"caption":"Viatech"},"image":{"@id":"https:\/\/viatech.no\/no\/#\/schema\/logo\/image\/"}}]}},"_links":{"self":[{"href":"https:\/\/viatech.no\/no\/wp-json\/wp\/v2\/pages\/7401","targetHints":{"allow":["GET"]}}],"collection":[{"href":"https:\/\/viatech.no\/no\/wp-json\/wp\/v2\/pages"}],"about":[{"href":"https:\/\/viatech.no\/no\/wp-json\/wp\/v2\/types\/page"}],"author":[{"embeddable":true,"href":"https:\/\/viatech.no\/no\/wp-json\/wp\/v2\/users\/1"}],"replies":[{"embeddable":true,"href":"https:\/\/viatech.no\/no\/wp-json\/wp\/v2\/comments?post=7401"}],"version-history":[{"count":11,"href":"https:\/\/viatech.no\/no\/wp-json\/wp\/v2\/pages\/7401\/revisions"}],"predecessor-version":[{"id":7921,"href":"https:\/\/viatech.no\/no\/wp-json\/wp\/v2\/pages\/7401\/revisions\/7921"}],"wp:attachment":[{"href":"https:\/\/viatech.no\/no\/wp-json\/wp\/v2\/media?parent=7401"}],"curies":[{"name":"wp","href":"https:\/\/api.w.org\/{rel}","templated":true}]}}