{"id":7406,"date":"2025-03-13T11:15:03","date_gmt":"2025-03-13T11:15:03","guid":{"rendered":"https:\/\/viatech.no\/maling-av-friksjon\/"},"modified":"2025-09-01T10:31:47","modified_gmt":"2025-09-01T10:31:47","slug":"maling-av-friksjon","status":"publish","type":"page","link":"https:\/\/viatech.no\/no\/maling-av-friksjon\/","title":{"rendered":"M\u00e5ling av friksjon"},"content":{"rendered":"\t\t<div data-elementor-type=\"wp-page\" data-elementor-id=\"7406\" class=\"elementor elementor-7406 elementor-6959\" data-elementor-post-type=\"page\">\n\t\t\t\t<div class=\"elementor-element elementor-element-63464df e-flex e-con-boxed e-con e-parent\" data-id=\"63464df\" data-element_type=\"container\" data-e-type=\"container\" data-settings=\"{&quot;background_background&quot;:&quot;classic&quot;}\">\n\t\t\t\t\t<div class=\"e-con-inner\">\n\t\t\t\t<div class=\"elementor-element elementor-element-71fef96 elementor-headline--style-highlight elementor-widget elementor-widget-animated-headline\" data-id=\"71fef96\" data-element_type=\"widget\" data-e-type=\"widget\" data-settings=\"{&quot;highlighted_text&quot;:&quot;Produkter for friksjonsm\\u00e5ling&quot;,&quot;marker&quot;:&quot;underline&quot;,&quot;headline_style&quot;:&quot;highlight&quot;,&quot;loop&quot;:&quot;yes&quot;,&quot;highlight_animation_duration&quot;:1200,&quot;highlight_iteration_delay&quot;:8000}\" data-widget_type=\"animated-headline.default\">\n\t\t\t\t<div class=\"elementor-widget-container\">\n\t\t\t\t\t\t\t<h4 class=\"elementor-headline\">\n\t\t\t\t\t<span class=\"elementor-headline-plain-text elementor-headline-text-wrapper\">Ta en titt p\u00e5 v\u00e5re<\/span>\n\t\t\t\t<span class=\"elementor-headline-dynamic-wrapper elementor-headline-text-wrapper\">\n\t\t\t\t\t<span class=\"elementor-headline-dynamic-text elementor-headline-text-active\">Produkter for friksjonsm\u00e5ling<\/span>\n\t\t\t\t<\/span>\n\t\t\t\t<\/h4>\n\t\t\t\t\t\t<\/div>\n\t\t\t\t<\/div>\n\t\t<div class=\"elementor-element elementor-element-b6a8c14 e-flex e-con-boxed e-con e-child\" data-id=\"b6a8c14\" data-element_type=\"container\" data-e-type=\"container\">\n\t\t\t\t\t<div class=\"e-con-inner\">\n\t\t<div class=\"elementor-element elementor-element-f941c47 animated-slow e-con-full e-flex elementor-invisible e-con e-child\" data-id=\"f941c47\" data-element_type=\"container\" data-e-type=\"container\" data-settings=\"{&quot;animation&quot;:&quot;fadeInUp&quot;,&quot;animation_delay&quot;:150,&quot;background_background&quot;:&quot;classic&quot;}\">\n\t\t\t\t<div class=\"elementor-element elementor-element-09b0868 elementor-vertical-align-top elementor-widget elementor-widget-image-box\" data-id=\"09b0868\" data-element_type=\"widget\" data-e-type=\"widget\" data-widget_type=\"image-box.default\">\n\t\t\t\t<div class=\"elementor-widget-container\">\n\t\t\t\t\t<div class=\"elementor-image-box-wrapper\"><div class=\"elementor-image-box-content\"><h3 class=\"elementor-image-box-title\">M\u00e5ling av friksjon<\/h3><p class=\"elementor-image-box-description\">Vegen til avanserte l\u00f8sninger<\/p><\/div><\/div>\t\t\t\t<\/div>\n\t\t\t\t<\/div>\n\t\t\t\t<div class=\"elementor-element elementor-element-42eaf36 elementor-widget elementor-widget-text-editor\" data-id=\"42eaf36\" data-element_type=\"widget\" data-e-type=\"widget\" data-widget_type=\"text-editor.default\">\n\t\t\t\t<div class=\"elementor-widget-container\">\n\t\t\t\t\t\t\t\t\t<p>Bes\u00f8k produktsiden v\u00e5r for detaljert informasjon om hva vi kan gj\u00f8re for \u00e5 hjelpe deg med \u00e5 overv\u00e5ke tilstanden p\u00e5 veg og flyplass. Vi tilbyr et bredt spekter av produkter.<\/p>\t\t\t\t\t\t\t\t<\/div>\n\t\t\t\t<\/div>\n\t\t\t\t<div class=\"elementor-element elementor-element-3b4836e elementor-align-justify elementor-widget elementor-widget-button\" data-id=\"3b4836e\" data-element_type=\"widget\" data-e-type=\"widget\" data-widget_type=\"button.default\">\n\t\t\t\t<div class=\"elementor-widget-container\">\n\t\t\t\t\t\t\t\t\t<div class=\"elementor-button-wrapper\">\n\t\t\t\t\t<a class=\"elementor-button elementor-button-link elementor-size-sm\" href=\"https:\/\/viatech.no\/no\/produktkategori\/maling-av-friksjon\/\">\n\t\t\t\t\t\t<span class=\"elementor-button-content-wrapper\">\n\t\t\t\t\t\t\t\t\t<span class=\"elementor-button-text\">Se produkter &gt;<\/span>\n\t\t\t\t\t<\/span>\n\t\t\t\t\t<\/a>\n\t\t\t\t<\/div>\n\t\t\t\t\t\t\t\t<\/div>\n\t\t\t\t<\/div>\n\t\t\t\t<\/div>\n\t\t\t\t\t<\/div>\n\t\t\t\t<\/div>\n\t\t\t\t\t<\/div>\n\t\t\t\t<\/div>\n\t\t\t\t<\/div>\n\t\t","protected":false},"excerpt":{"rendered":"<p>Ta en titt p\u00e5 v\u00e5re Produkter for friksjonsm\u00e5ling M\u00e5ling av friksjon Vegen til avanserte l\u00f8sninger Bes\u00f8k produktsiden v\u00e5r for detaljert informasjon om hva vi kan gj\u00f8re for \u00e5 hjelpe deg med \u00e5 overv\u00e5ke tilstanden p\u00e5 veg og flyplass. Vi tilbyr et bredt spekter av produkter. Se produkter &gt;<\/p>\n","protected":false},"author":1,"featured_media":0,"parent":0,"menu_order":0,"comment_status":"closed","ping_status":"closed","template":"","meta":{"footnotes":""},"class_list":["post-7406","page","type-page","status-publish","hentry"],"yoast_head":"<!-- This site is optimized with the Yoast SEO plugin v26.6 - https:\/\/yoast.com\/wordpress\/plugins\/seo\/ -->\n<title>M\u00e5ling av friksjon - Viatech<\/title>\n<meta name=\"description\" content=\"Bes\u00f8k produktsiden v\u00e5r for detaljert informasjon om hva vi kan gj\u00f8re for \u00e5 hjelpe deg med \u00e5 overv\u00e5ke tilstanden p\u00e5 veg og flyplass.\" \/>\n<meta name=\"robots\" content=\"index, follow, max-snippet:-1, max-image-preview:large, max-video-preview:-1\" \/>\n<link rel=\"canonical\" href=\"https:\/\/viatech.no\/no\/maling-av-friksjon\/\" \/>\n<meta property=\"og:locale\" content=\"nb_NO\" \/>\n<meta property=\"og:type\" content=\"article\" \/>\n<meta property=\"og:title\" content=\"M\u00e5ling av friksjon - Viatech\" \/>\n<meta property=\"og:description\" content=\"Bes\u00f8k produktsiden v\u00e5r for detaljert informasjon om hva vi kan gj\u00f8re for \u00e5 hjelpe deg med \u00e5 overv\u00e5ke tilstanden p\u00e5 veg og flyplass.\" \/>\n<meta property=\"og:url\" content=\"https:\/\/viatech.no\/no\/maling-av-friksjon\/\" \/>\n<meta property=\"og:site_name\" content=\"Viatech\" \/>\n<meta property=\"article:modified_time\" content=\"2025-09-01T10:31:47+00:00\" \/>\n<meta name=\"twitter:card\" content=\"summary_large_image\" \/>\n<meta name=\"twitter:label1\" content=\"Ansl. lesetid\" \/>\n\t<meta name=\"twitter:data1\" content=\"1 minutt\" \/>\n<script type=\"application\/ld+json\" class=\"yoast-schema-graph\">{\"@context\":\"https:\/\/schema.org\",\"@graph\":[{\"@type\":\"WebPage\",\"@id\":\"https:\/\/viatech.no\/no\/maling-av-friksjon\/\",\"url\":\"https:\/\/viatech.no\/no\/maling-av-friksjon\/\",\"name\":\"M\u00e5ling av friksjon - Viatech\",\"isPartOf\":{\"@id\":\"https:\/\/viatech.no\/no\/#website\"},\"datePublished\":\"2025-03-13T11:15:03+00:00\",\"dateModified\":\"2025-09-01T10:31:47+00:00\",\"description\":\"Bes\u00f8k produktsiden v\u00e5r for detaljert informasjon om hva vi kan gj\u00f8re for \u00e5 hjelpe deg med \u00e5 overv\u00e5ke tilstanden p\u00e5 veg og flyplass.\",\"breadcrumb\":{\"@id\":\"https:\/\/viatech.no\/no\/maling-av-friksjon\/#breadcrumb\"},\"inLanguage\":\"nb-NO\",\"potentialAction\":[{\"@type\":\"ReadAction\",\"target\":[\"https:\/\/viatech.no\/no\/maling-av-friksjon\/\"]}]},{\"@type\":\"BreadcrumbList\",\"@id\":\"https:\/\/viatech.no\/no\/maling-av-friksjon\/#breadcrumb\",\"itemListElement\":[{\"@type\":\"ListItem\",\"position\":1,\"name\":\"Home\",\"item\":\"https:\/\/viatech.no\/no\/\"},{\"@type\":\"ListItem\",\"position\":2,\"name\":\"M\u00e5ling av friksjon\"}]},{\"@type\":\"WebSite\",\"@id\":\"https:\/\/viatech.no\/no\/#website\",\"url\":\"https:\/\/viatech.no\/no\/\",\"name\":\"Viatech\",\"description\":\"Safety and sustainability\",\"publisher\":{\"@id\":\"https:\/\/viatech.no\/no\/#organization\"},\"potentialAction\":[{\"@type\":\"SearchAction\",\"target\":{\"@type\":\"EntryPoint\",\"urlTemplate\":\"https:\/\/viatech.no\/no\/?s={search_term_string}\"},\"query-input\":{\"@type\":\"PropertyValueSpecification\",\"valueRequired\":true,\"valueName\":\"search_term_string\"}}],\"inLanguage\":\"nb-NO\"},{\"@type\":\"Organization\",\"@id\":\"https:\/\/viatech.no\/no\/#organization\",\"name\":\"Viatech\",\"url\":\"https:\/\/viatech.no\/no\/\",\"logo\":{\"@type\":\"ImageObject\",\"inLanguage\":\"nb-NO\",\"@id\":\"https:\/\/viatech.no\/no\/#\/schema\/logo\/image\/\",\"url\":\"https:\/\/viatech.no\/wp-content\/uploads\/2023\/04\/cropped-viatech_stor-logo.jpg\",\"contentUrl\":\"https:\/\/viatech.no\/wp-content\/uploads\/2023\/04\/cropped-viatech_stor-logo.jpg\",\"width\":1379,\"height\":479,\"caption\":\"Viatech\"},\"image\":{\"@id\":\"https:\/\/viatech.no\/no\/#\/schema\/logo\/image\/\"}}]}<\/script>\n<!-- \/ Yoast SEO plugin. -->","yoast_head_json":{"title":"M\u00e5ling av friksjon - Viatech","description":"Bes\u00f8k produktsiden v\u00e5r for detaljert informasjon om hva vi kan gj\u00f8re for \u00e5 hjelpe deg med \u00e5 overv\u00e5ke tilstanden p\u00e5 veg og flyplass.","robots":{"index":"index","follow":"follow","max-snippet":"max-snippet:-1","max-image-preview":"max-image-preview:large","max-video-preview":"max-video-preview:-1"},"canonical":"https:\/\/viatech.no\/no\/maling-av-friksjon\/","og_locale":"nb_NO","og_type":"article","og_title":"M\u00e5ling av friksjon - Viatech","og_description":"Bes\u00f8k produktsiden v\u00e5r for detaljert informasjon om hva vi kan gj\u00f8re for \u00e5 hjelpe deg med \u00e5 overv\u00e5ke tilstanden p\u00e5 veg og flyplass.","og_url":"https:\/\/viatech.no\/no\/maling-av-friksjon\/","og_site_name":"Viatech","article_modified_time":"2025-09-01T10:31:47+00:00","twitter_card":"summary_large_image","twitter_misc":{"Ansl. lesetid":"1 minutt"},"schema":{"@context":"https:\/\/schema.org","@graph":[{"@type":"WebPage","@id":"https:\/\/viatech.no\/no\/maling-av-friksjon\/","url":"https:\/\/viatech.no\/no\/maling-av-friksjon\/","name":"M\u00e5ling av friksjon - Viatech","isPartOf":{"@id":"https:\/\/viatech.no\/no\/#website"},"datePublished":"2025-03-13T11:15:03+00:00","dateModified":"2025-09-01T10:31:47+00:00","description":"Bes\u00f8k produktsiden v\u00e5r for detaljert informasjon om hva vi kan gj\u00f8re for \u00e5 hjelpe deg med \u00e5 overv\u00e5ke tilstanden p\u00e5 veg og flyplass.","breadcrumb":{"@id":"https:\/\/viatech.no\/no\/maling-av-friksjon\/#breadcrumb"},"inLanguage":"nb-NO","potentialAction":[{"@type":"ReadAction","target":["https:\/\/viatech.no\/no\/maling-av-friksjon\/"]}]},{"@type":"BreadcrumbList","@id":"https:\/\/viatech.no\/no\/maling-av-friksjon\/#breadcrumb","itemListElement":[{"@type":"ListItem","position":1,"name":"Home","item":"https:\/\/viatech.no\/no\/"},{"@type":"ListItem","position":2,"name":"M\u00e5ling av friksjon"}]},{"@type":"WebSite","@id":"https:\/\/viatech.no\/no\/#website","url":"https:\/\/viatech.no\/no\/","name":"Viatech","description":"Safety and sustainability","publisher":{"@id":"https:\/\/viatech.no\/no\/#organization"},"potentialAction":[{"@type":"SearchAction","target":{"@type":"EntryPoint","urlTemplate":"https:\/\/viatech.no\/no\/?s={search_term_string}"},"query-input":{"@type":"PropertyValueSpecification","valueRequired":true,"valueName":"search_term_string"}}],"inLanguage":"nb-NO"},{"@type":"Organization","@id":"https:\/\/viatech.no\/no\/#organization","name":"Viatech","url":"https:\/\/viatech.no\/no\/","logo":{"@type":"ImageObject","inLanguage":"nb-NO","@id":"https:\/\/viatech.no\/no\/#\/schema\/logo\/image\/","url":"https:\/\/viatech.no\/wp-content\/uploads\/2023\/04\/cropped-viatech_stor-logo.jpg","contentUrl":"https:\/\/viatech.no\/wp-content\/uploads\/2023\/04\/cropped-viatech_stor-logo.jpg","width":1379,"height":479,"caption":"Viatech"},"image":{"@id":"https:\/\/viatech.no\/no\/#\/schema\/logo\/image\/"}}]}},"_links":{"self":[{"href":"https:\/\/viatech.no\/no\/wp-json\/wp\/v2\/pages\/7406","targetHints":{"allow":["GET"]}}],"collection":[{"href":"https:\/\/viatech.no\/no\/wp-json\/wp\/v2\/pages"}],"about":[{"href":"https:\/\/viatech.no\/no\/wp-json\/wp\/v2\/types\/page"}],"author":[{"embeddable":true,"href":"https:\/\/viatech.no\/no\/wp-json\/wp\/v2\/users\/1"}],"replies":[{"embeddable":true,"href":"https:\/\/viatech.no\/no\/wp-json\/wp\/v2\/comments?post=7406"}],"version-history":[{"count":10,"href":"https:\/\/viatech.no\/no\/wp-json\/wp\/v2\/pages\/7406\/revisions"}],"predecessor-version":[{"id":7835,"href":"https:\/\/viatech.no\/no\/wp-json\/wp\/v2\/pages\/7406\/revisions\/7835"}],"wp:attachment":[{"href":"https:\/\/viatech.no\/no\/wp-json\/wp\/v2\/media?parent=7406"}],"curies":[{"name":"wp","href":"https:\/\/api.w.org\/{rel}","templated":true}]}}