{"id":7470,"date":"2023-04-22T15:41:59","date_gmt":"2023-04-22T15:41:59","guid":{"rendered":"https:\/\/viatech.no\/product\/viatrip-%c2%b5\/"},"modified":"2025-05-02T07:39:12","modified_gmt":"2025-05-02T07:39:12","slug":"viatrip-%c2%b5","status":"publish","type":"product","link":"https:\/\/viatech.no\/no\/produkt\/viatrip-%c2%b5\/","title":{"rendered":"ViaTrip \u00b5"},"content":{"rendered":"<h4>ViaTrip \u00b5 er et rimelig friksjonsm\u00e5lesystem som m\u00e5ler friksjonsgraden p\u00e5 veidekket under alle vinterforhold.<\/h4>\n<h3>Retardasjonsm\u00e5ling ViaTrip \u00b5<\/h3>\n<p>F\u00f8reren f\u00f8lger en prosedyre ved hjelp av bilens bremser for \u00e5 initialisere loggf\u00f8ringen av friksjonsdataene. Deretter m\u00e5les kj\u00f8ret\u00f8yets retardasjon, og friksjonsverdiene beregnes og loggf\u00f8res.<\/p>\n","protected":false},"excerpt":{"rendered":"<p>En enkel og lett l\u00f8sning for friksjonsm\u00e5ling.<\/p>\n","protected":false},"featured_media":7241,"template":"","meta":[],"product_brand":[],"product_cat":[152,153],"product_tag":[],"class_list":{"0":"post-7470","1":"product","2":"type-product","3":"status-publish","4":"has-post-thumbnail","6":"product_cat-maling-av-friksjon","7":"product_cat-viatrip-no","9":"first","10":"instock","11":"shipping-taxable","12":"product-type-simple"},"yoast_head":"<!-- This site is optimized with the Yoast SEO plugin v26.6 - https:\/\/yoast.com\/wordpress\/plugins\/seo\/ -->\n<title>ViaTrip \u00b5 - Viatech<\/title>\n<meta name=\"description\" content=\"ViaTrip \u00b5 er et rimelig friksjonsm\u00e5lesystem som m\u00e5ler friksjonsgraden p\u00e5 veidekket under alle vinterforhold.\" \/>\n<meta name=\"robots\" content=\"index, follow, max-snippet:-1, max-image-preview:large, max-video-preview:-1\" \/>\n<link rel=\"canonical\" href=\"https:\/\/viatech.no\/no\/produkt\/viatrip-%c2%b5\/\" \/>\n<meta property=\"og:locale\" content=\"nb_NO\" \/>\n<meta property=\"og:type\" content=\"article\" \/>\n<meta property=\"og:title\" content=\"ViaTrip \u00b5 - Viatech\" \/>\n<meta property=\"og:description\" content=\"ViaTrip \u00b5 er et rimelig friksjonsm\u00e5lesystem som m\u00e5ler friksjonsgraden p\u00e5 veidekket under alle vinterforhold.\" \/>\n<meta property=\"og:url\" content=\"https:\/\/viatech.no\/no\/produkt\/viatrip-%c2%b5\/\" \/>\n<meta property=\"og:site_name\" content=\"Viatech\" \/>\n<meta property=\"article:modified_time\" content=\"2025-05-02T07:39:12+00:00\" \/>\n<meta property=\"og:image\" content=\"https:\/\/viatech.no\/wp-content\/uploads\/2023\/04\/ViaTrip-Viatech.jpg\" \/>\n\t<meta property=\"og:image:width\" content=\"700\" \/>\n\t<meta property=\"og:image:height\" content=\"600\" \/>\n\t<meta property=\"og:image:type\" content=\"image\/jpeg\" \/>\n<meta name=\"twitter:card\" content=\"summary_large_image\" \/>\n<script type=\"application\/ld+json\" class=\"yoast-schema-graph\">{\"@context\":\"https:\/\/schema.org\",\"@graph\":[{\"@type\":\"WebPage\",\"@id\":\"https:\/\/viatech.no\/no\/produkt\/viatrip-%c2%b5\/\",\"url\":\"https:\/\/viatech.no\/no\/produkt\/viatrip-%c2%b5\/\",\"name\":\"ViaTrip \u00b5 - Viatech\",\"isPartOf\":{\"@id\":\"https:\/\/viatech.no\/no\/#website\"},\"primaryImageOfPage\":{\"@id\":\"https:\/\/viatech.no\/no\/produkt\/viatrip-%c2%b5\/#primaryimage\"},\"image\":{\"@id\":\"https:\/\/viatech.no\/no\/produkt\/viatrip-%c2%b5\/#primaryimage\"},\"thumbnailUrl\":\"https:\/\/viatech.no\/wp-content\/uploads\/2023\/04\/ViaTrip-Viatech.jpg\",\"datePublished\":\"2023-04-22T15:41:59+00:00\",\"dateModified\":\"2025-05-02T07:39:12+00:00\",\"description\":\"ViaTrip \u00b5 er et rimelig friksjonsm\u00e5lesystem som m\u00e5ler friksjonsgraden p\u00e5 veidekket under alle vinterforhold.\",\"breadcrumb\":{\"@id\":\"https:\/\/viatech.no\/no\/produkt\/viatrip-%c2%b5\/#breadcrumb\"},\"inLanguage\":\"nb-NO\",\"potentialAction\":[{\"@type\":\"ReadAction\",\"target\":[\"https:\/\/viatech.no\/no\/produkt\/viatrip-%c2%b5\/\"]}]},{\"@type\":\"ImageObject\",\"inLanguage\":\"nb-NO\",\"@id\":\"https:\/\/viatech.no\/no\/produkt\/viatrip-%c2%b5\/#primaryimage\",\"url\":\"https:\/\/viatech.no\/wp-content\/uploads\/2023\/04\/ViaTrip-Viatech.jpg\",\"contentUrl\":\"https:\/\/viatech.no\/wp-content\/uploads\/2023\/04\/ViaTrip-Viatech.jpg\",\"width\":700,\"height\":600,\"caption\":\"ViaTrip-Viatech\"},{\"@type\":\"BreadcrumbList\",\"@id\":\"https:\/\/viatech.no\/no\/produkt\/viatrip-%c2%b5\/#breadcrumb\",\"itemListElement\":[{\"@type\":\"ListItem\",\"position\":1,\"name\":\"Home\",\"item\":\"https:\/\/viatech.no\/no\/\"},{\"@type\":\"ListItem\",\"position\":2,\"name\":\"V\u00e5re produkter\",\"item\":\"https:\/\/viatech.no\/no\/shop\/\"},{\"@type\":\"ListItem\",\"position\":3,\"name\":\"ViaTrip \u00b5\"}]},{\"@type\":\"WebSite\",\"@id\":\"https:\/\/viatech.no\/no\/#website\",\"url\":\"https:\/\/viatech.no\/no\/\",\"name\":\"Viatech\",\"description\":\"Safety and sustainability\",\"publisher\":{\"@id\":\"https:\/\/viatech.no\/no\/#organization\"},\"potentialAction\":[{\"@type\":\"SearchAction\",\"target\":{\"@type\":\"EntryPoint\",\"urlTemplate\":\"https:\/\/viatech.no\/no\/?s={search_term_string}\"},\"query-input\":{\"@type\":\"PropertyValueSpecification\",\"valueRequired\":true,\"valueName\":\"search_term_string\"}}],\"inLanguage\":\"nb-NO\"},{\"@type\":\"Organization\",\"@id\":\"https:\/\/viatech.no\/no\/#organization\",\"name\":\"Viatech\",\"url\":\"https:\/\/viatech.no\/no\/\",\"logo\":{\"@type\":\"ImageObject\",\"inLanguage\":\"nb-NO\",\"@id\":\"https:\/\/viatech.no\/no\/#\/schema\/logo\/image\/\",\"url\":\"https:\/\/viatech.no\/wp-content\/uploads\/2023\/04\/cropped-viatech_stor-logo.jpg\",\"contentUrl\":\"https:\/\/viatech.no\/wp-content\/uploads\/2023\/04\/cropped-viatech_stor-logo.jpg\",\"width\":1379,\"height\":479,\"caption\":\"Viatech\"},\"image\":{\"@id\":\"https:\/\/viatech.no\/no\/#\/schema\/logo\/image\/\"}}]}<\/script>\n<!-- \/ Yoast SEO plugin. -->","yoast_head_json":{"title":"ViaTrip \u00b5 - Viatech","description":"ViaTrip \u00b5 er et rimelig friksjonsm\u00e5lesystem som m\u00e5ler friksjonsgraden p\u00e5 veidekket under alle vinterforhold.","robots":{"index":"index","follow":"follow","max-snippet":"max-snippet:-1","max-image-preview":"max-image-preview:large","max-video-preview":"max-video-preview:-1"},"canonical":"https:\/\/viatech.no\/no\/produkt\/viatrip-%c2%b5\/","og_locale":"nb_NO","og_type":"article","og_title":"ViaTrip \u00b5 - Viatech","og_description":"ViaTrip \u00b5 er et rimelig friksjonsm\u00e5lesystem som m\u00e5ler friksjonsgraden p\u00e5 veidekket under alle vinterforhold.","og_url":"https:\/\/viatech.no\/no\/produkt\/viatrip-%c2%b5\/","og_site_name":"Viatech","article_modified_time":"2025-05-02T07:39:12+00:00","og_image":[{"width":700,"height":600,"url":"https:\/\/viatech.no\/wp-content\/uploads\/2023\/04\/ViaTrip-Viatech.jpg","type":"image\/jpeg"}],"twitter_card":"summary_large_image","schema":{"@context":"https:\/\/schema.org","@graph":[{"@type":"WebPage","@id":"https:\/\/viatech.no\/no\/produkt\/viatrip-%c2%b5\/","url":"https:\/\/viatech.no\/no\/produkt\/viatrip-%c2%b5\/","name":"ViaTrip \u00b5 - Viatech","isPartOf":{"@id":"https:\/\/viatech.no\/no\/#website"},"primaryImageOfPage":{"@id":"https:\/\/viatech.no\/no\/produkt\/viatrip-%c2%b5\/#primaryimage"},"image":{"@id":"https:\/\/viatech.no\/no\/produkt\/viatrip-%c2%b5\/#primaryimage"},"thumbnailUrl":"https:\/\/viatech.no\/wp-content\/uploads\/2023\/04\/ViaTrip-Viatech.jpg","datePublished":"2023-04-22T15:41:59+00:00","dateModified":"2025-05-02T07:39:12+00:00","description":"ViaTrip \u00b5 er et rimelig friksjonsm\u00e5lesystem som m\u00e5ler friksjonsgraden p\u00e5 veidekket under alle vinterforhold.","breadcrumb":{"@id":"https:\/\/viatech.no\/no\/produkt\/viatrip-%c2%b5\/#breadcrumb"},"inLanguage":"nb-NO","potentialAction":[{"@type":"ReadAction","target":["https:\/\/viatech.no\/no\/produkt\/viatrip-%c2%b5\/"]}]},{"@type":"ImageObject","inLanguage":"nb-NO","@id":"https:\/\/viatech.no\/no\/produkt\/viatrip-%c2%b5\/#primaryimage","url":"https:\/\/viatech.no\/wp-content\/uploads\/2023\/04\/ViaTrip-Viatech.jpg","contentUrl":"https:\/\/viatech.no\/wp-content\/uploads\/2023\/04\/ViaTrip-Viatech.jpg","width":700,"height":600,"caption":"ViaTrip-Viatech"},{"@type":"BreadcrumbList","@id":"https:\/\/viatech.no\/no\/produkt\/viatrip-%c2%b5\/#breadcrumb","itemListElement":[{"@type":"ListItem","position":1,"name":"Home","item":"https:\/\/viatech.no\/no\/"},{"@type":"ListItem","position":2,"name":"V\u00e5re produkter","item":"https:\/\/viatech.no\/no\/shop\/"},{"@type":"ListItem","position":3,"name":"ViaTrip \u00b5"}]},{"@type":"WebSite","@id":"https:\/\/viatech.no\/no\/#website","url":"https:\/\/viatech.no\/no\/","name":"Viatech","description":"Safety and sustainability","publisher":{"@id":"https:\/\/viatech.no\/no\/#organization"},"potentialAction":[{"@type":"SearchAction","target":{"@type":"EntryPoint","urlTemplate":"https:\/\/viatech.no\/no\/?s={search_term_string}"},"query-input":{"@type":"PropertyValueSpecification","valueRequired":true,"valueName":"search_term_string"}}],"inLanguage":"nb-NO"},{"@type":"Organization","@id":"https:\/\/viatech.no\/no\/#organization","name":"Viatech","url":"https:\/\/viatech.no\/no\/","logo":{"@type":"ImageObject","inLanguage":"nb-NO","@id":"https:\/\/viatech.no\/no\/#\/schema\/logo\/image\/","url":"https:\/\/viatech.no\/wp-content\/uploads\/2023\/04\/cropped-viatech_stor-logo.jpg","contentUrl":"https:\/\/viatech.no\/wp-content\/uploads\/2023\/04\/cropped-viatech_stor-logo.jpg","width":1379,"height":479,"caption":"Viatech"},"image":{"@id":"https:\/\/viatech.no\/no\/#\/schema\/logo\/image\/"}}]}},"_links":{"self":[{"href":"https:\/\/viatech.no\/no\/wp-json\/wp\/v2\/product\/7470","targetHints":{"allow":["GET"]}}],"collection":[{"href":"https:\/\/viatech.no\/no\/wp-json\/wp\/v2\/product"}],"about":[{"href":"https:\/\/viatech.no\/no\/wp-json\/wp\/v2\/types\/product"}],"version-history":[{"count":1,"href":"https:\/\/viatech.no\/no\/wp-json\/wp\/v2\/product\/7470\/revisions"}],"predecessor-version":[{"id":7475,"href":"https:\/\/viatech.no\/no\/wp-json\/wp\/v2\/product\/7470\/revisions\/7475"}],"wp:featuredmedia":[{"embeddable":true,"href":"https:\/\/viatech.no\/no\/wp-json\/wp\/v2\/media\/7241"}],"wp:attachment":[{"href":"https:\/\/viatech.no\/no\/wp-json\/wp\/v2\/media?parent=7470"}],"wp:term":[{"taxonomy":"product_brand","embeddable":true,"href":"https:\/\/viatech.no\/no\/wp-json\/wp\/v2\/product_brand?post=7470"},{"taxonomy":"product_cat","embeddable":true,"href":"https:\/\/viatech.no\/no\/wp-json\/wp\/v2\/product_cat?post=7470"},{"taxonomy":"product_tag","embeddable":true,"href":"https:\/\/viatech.no\/no\/wp-json\/wp\/v2\/product_tag?post=7470"}],"curies":[{"name":"wp","href":"https:\/\/api.w.org\/{rel}","templated":true}]}}