{"id":7477,"date":"2023-04-22T15:45:36","date_gmt":"2023-04-22T15:45:36","guid":{"rendered":"https:\/\/viatech.no\/product\/via3dmapper\/"},"modified":"2025-05-03T14:12:24","modified_gmt":"2025-05-03T14:12:24","slug":"via3dmapper","status":"publish","type":"product","link":"https:\/\/viatech.no\/no\/produkt\/via3dmapper\/","title":{"rendered":"Via3DMapper"},"content":{"rendered":"\t\t<div data-elementor-type=\"product-post\" data-elementor-id=\"7477\" class=\"elementor elementor-7477 elementor-5826\" data-elementor-post-type=\"product\">\n\t\t\t\t<div class=\"elementor-element elementor-element-39cec811 e-flex e-con-boxed e-con e-parent\" data-id=\"39cec811\" data-element_type=\"container\" data-e-type=\"container\">\n\t\t\t\t\t<div class=\"e-con-inner\">\n\t\t\t\t<div class=\"elementor-element elementor-element-4ccb12d5 elementor-widget elementor-widget-text-editor\" data-id=\"4ccb12d5\" data-element_type=\"widget\" data-e-type=\"widget\" data-widget_type=\"text-editor.default\">\n\t\t\t\t<div class=\"elementor-widget-container\">\n\t\t\t\t\t\t\t\t\t<h3>Viktige funksjoner<\/h3><div class=\"articleimgdesc_right\"><strong>Skannerkonfigurasjon<\/strong><\/div><ul><li>Siste nytt innen skanning- og kartleggingsteknologi fra ViaTech<\/li><li>Lett og kompakt design<\/li><li>Fleksibel ramme &#8211; kan enkelt installeres \/ fjernes fra et kj\u00f8ret\u00f8y<\/li><li>Enkel transport &#8211; hele enheten kan transporteres i en transportkoffert<\/li><\/ul><ul><li>Designfleksibilitet &#8211; enkel systemoppgradering, tillegg av h\u00f8yoppl\u00f8selige kameraer, h\u00f8yere GNSS-system, flere LiDAR-er osv.<\/li><li>Datakompatibilitet &#8211; Eksporter til .las\/.laz-format og andre 3D-punktskykompatible formater<\/li><li>Forbedrede muligheter for fjernsupport<\/li><li>Eksporter til Orbit GT<\/li><li>Egnet for kartlegging av korridorer og ledningsnett<\/li><\/ul><h3> <\/h3><h3>Standard systemkonfigurasjon<\/h3><ul><li>LiDAR-sensorer &#8211; Velodyne VLP 16 &#8211; 2 stk.  <a href=\"http:\/\/www.mapix.com\/wp-content\/uploads\/2018\/07\/63-9229_Rev-H_Puck-_Datasheet_Web-1.pdf\" target=\"_blank\" rel=\"noopener\">Bes\u00f8k databladet.<\/a><\/li><li>Trimble Applanix POS LV 125.  <a href=\"https:\/\/www.applanix.com\/pdf\/POS_LV_125_Data_Sheet.pdf\" target=\"_blank\" rel=\"noopener\">Bes\u00f8k databladet.<\/a><\/li><li>Ladybug 5+ FLIR.  <a href=\"https:\/\/www.flir.com\/products\/ladybug5plus\/\" target=\"_blank\" rel=\"noopener\">Bes\u00f8k Datapage.<\/a><\/li><li>Instrument for avstandsm\u00e5ling (kilometerteller)<\/li><li>Monteringssett<\/li><li>ViaPPS-programvarepakke<\/li><li>Datainnsamlingsdatamaskin (b\u00e6rbar PC) og annet tilbeh\u00f8r<\/li><\/ul>\t\t\t\t\t\t\t\t<\/div>\n\t\t\t\t<\/div>\n\t\t\t\t\t<\/div>\n\t\t\t\t<\/div>\n\t\t<div class=\"elementor-element elementor-element-541eec3 e-flex e-con-boxed e-con e-parent\" data-id=\"541eec3\" data-element_type=\"container\" data-e-type=\"container\">\n\t\t\t\t\t<div class=\"e-con-inner\">\n\t\t<div class=\"elementor-element elementor-element-0034e9c e-con-full e-flex e-con e-child\" data-id=\"0034e9c\" data-element_type=\"container\" data-e-type=\"container\">\n\t\t\t\t<div class=\"elementor-element elementor-element-f818b2a elementor-widget elementor-widget-image\" data-id=\"f818b2a\" data-element_type=\"widget\" data-e-type=\"widget\" data-widget_type=\"image.default\">\n\t\t\t\t<div class=\"elementor-widget-container\">\n\t\t\t\t\t\t\t\t\t\t\t\t\t\t\t<img fetchpriority=\"high\" decoding=\"async\" width=\"683\" height=\"1024\" src=\"https:\/\/viatech.no\/wp-content\/uploads\/2023\/04\/ny_Via3DMapper-Viatech-683x1024.jpg\" class=\"attachment-large size-large wp-image-7335\" alt=\"\" srcset=\"https:\/\/viatech.no\/wp-content\/uploads\/2023\/04\/ny_Via3DMapper-Viatech-683x1024.jpg 683w, https:\/\/viatech.no\/wp-content\/uploads\/2023\/04\/ny_Via3DMapper-Viatech-200x300.jpg 200w, https:\/\/viatech.no\/wp-content\/uploads\/2023\/04\/ny_Via3DMapper-Viatech-768x1152.jpg 768w, https:\/\/viatech.no\/wp-content\/uploads\/2023\/04\/ny_Via3DMapper-Viatech-1024x1536.jpg 1024w, https:\/\/viatech.no\/wp-content\/uploads\/2023\/04\/ny_Via3DMapper-Viatech-1365x2048.jpg 1365w, https:\/\/viatech.no\/wp-content\/uploads\/2023\/04\/ny_Via3DMapper-Viatech-600x900.jpg 600w, https:\/\/viatech.no\/wp-content\/uploads\/2023\/04\/ny_Via3DMapper-Viatech-scaled.jpg 1707w\" sizes=\"(max-width: 683px) 100vw, 683px\" \/>\t\t\t\t\t\t\t\t\t\t\t\t\t\t\t<\/div>\n\t\t\t\t<\/div>\n\t\t\t\t<\/div>\n\t\t<div class=\"elementor-element elementor-element-f437674 e-con-full e-flex e-con e-child\" data-id=\"f437674\" data-element_type=\"container\" data-e-type=\"container\">\n\t\t\t\t<div class=\"elementor-element elementor-element-3db3414 elementor-widget elementor-widget-image\" data-id=\"3db3414\" data-element_type=\"widget\" data-e-type=\"widget\" data-widget_type=\"image.default\">\n\t\t\t\t<div class=\"elementor-widget-container\">\n\t\t\t\t\t\t\t\t\t\t\t\t\t\t\t<img decoding=\"async\" width=\"683\" height=\"1024\" src=\"https:\/\/viatech.no\/wp-content\/uploads\/2023\/04\/Via3DMapper_pa-bil-Viatech-683x1024.webp\" class=\"attachment-large size-large wp-image-7336\" alt=\"\" srcset=\"https:\/\/viatech.no\/wp-content\/uploads\/2023\/04\/Via3DMapper_pa-bil-Viatech-683x1024.webp 683w, https:\/\/viatech.no\/wp-content\/uploads\/2023\/04\/Via3DMapper_pa-bil-Viatech-200x300.webp 200w, https:\/\/viatech.no\/wp-content\/uploads\/2023\/04\/Via3DMapper_pa-bil-Viatech-768x1152.webp 768w, https:\/\/viatech.no\/wp-content\/uploads\/2023\/04\/Via3DMapper_pa-bil-Viatech-1024x1536.webp 1024w, https:\/\/viatech.no\/wp-content\/uploads\/2023\/04\/Via3DMapper_pa-bil-Viatech-1366x2048.webp 1366w, https:\/\/viatech.no\/wp-content\/uploads\/2023\/04\/Via3DMapper_pa-bil-Viatech-600x900.webp 600w, https:\/\/viatech.no\/wp-content\/uploads\/2023\/04\/Via3DMapper_pa-bil-Viatech.webp 1701w\" sizes=\"(max-width: 683px) 100vw, 683px\" \/>\t\t\t\t\t\t\t\t\t\t\t\t\t\t\t<\/div>\n\t\t\t\t<\/div>\n\t\t\t\t<\/div>\n\t\t\t\t\t<\/div>\n\t\t\t\t<\/div>\n\t\t\t\t<\/div>\n\t\t","protected":false},"excerpt":{"rendered":"<p>Et allsidig mobilt kartleggingssystem. Via3DMapper bygger p\u00e5 ViaTechs velutviklede skanne- og kartleggingsteknologi og er en komplett mobil kartl\u00f8sning. Den integreres godt med Asset Management og Inventory Survey.  <\/p>\n","protected":false},"featured_media":7333,"template":"","meta":[],"product_brand":[],"product_cat":[155,156],"product_tag":[],"class_list":{"0":"post-7477","1":"product","2":"type-product","3":"status-publish","4":"has-post-thumbnail","6":"product_cat-skanning-av-veg","7":"product_cat-via3dmapper-no","9":"first","10":"instock","11":"shipping-taxable","12":"product-type-simple"},"yoast_head":"<!-- This site is optimized with the Yoast SEO plugin v26.6 - https:\/\/yoast.com\/wordpress\/plugins\/seo\/ -->\n<title>Via3DMapper - Viatech<\/title>\n<meta name=\"description\" content=\"Via3DMapper bygger p\u00e5 ViaTechs velutviklede skanne- og kartleggingsteknologi og er en komplett mobil kartl\u00f8sning. Den integreres godt med Asset Management og Inventory Survey. Et allsidig mobilt kartleggingssystem.\" \/>\n<meta name=\"robots\" content=\"index, follow, max-snippet:-1, max-image-preview:large, max-video-preview:-1\" \/>\n<link rel=\"canonical\" href=\"https:\/\/viatech.no\/no\/produkt\/via3dmapper\/\" \/>\n<meta property=\"og:locale\" content=\"nb_NO\" \/>\n<meta property=\"og:type\" content=\"article\" \/>\n<meta property=\"og:title\" content=\"Via3DMapper - Viatech\" \/>\n<meta property=\"og:description\" content=\"Via3DMapper bygger p\u00e5 ViaTechs velutviklede skanne- og kartleggingsteknologi og er en komplett mobil kartl\u00f8sning. Den integreres godt med Asset Management og Inventory Survey. Et allsidig mobilt kartleggingssystem.\" \/>\n<meta property=\"og:url\" content=\"https:\/\/viatech.no\/no\/produkt\/via3dmapper\/\" \/>\n<meta property=\"og:site_name\" content=\"Viatech\" \/>\n<meta property=\"article:modified_time\" content=\"2025-05-03T14:12:24+00:00\" \/>\n<meta property=\"og:image\" content=\"https:\/\/viatech.no\/wp-content\/uploads\/2023\/04\/Via3DMapper-Viatech-2.jpg\" \/>\n\t<meta property=\"og:image:width\" content=\"601\" \/>\n\t<meta property=\"og:image:height\" content=\"602\" \/>\n\t<meta property=\"og:image:type\" content=\"image\/jpeg\" \/>\n<meta name=\"twitter:card\" content=\"summary_large_image\" \/>\n<meta name=\"twitter:label1\" content=\"Ansl. lesetid\" \/>\n\t<meta name=\"twitter:data1\" content=\"1 minutt\" \/>\n<script type=\"application\/ld+json\" class=\"yoast-schema-graph\">{\"@context\":\"https:\/\/schema.org\",\"@graph\":[{\"@type\":\"WebPage\",\"@id\":\"https:\/\/viatech.no\/no\/produkt\/via3dmapper\/\",\"url\":\"https:\/\/viatech.no\/no\/produkt\/via3dmapper\/\",\"name\":\"Via3DMapper - Viatech\",\"isPartOf\":{\"@id\":\"https:\/\/viatech.no\/no\/#website\"},\"primaryImageOfPage\":{\"@id\":\"https:\/\/viatech.no\/no\/produkt\/via3dmapper\/#primaryimage\"},\"image\":{\"@id\":\"https:\/\/viatech.no\/no\/produkt\/via3dmapper\/#primaryimage\"},\"thumbnailUrl\":\"https:\/\/viatech.no\/wp-content\/uploads\/2023\/04\/Via3DMapper-Viatech-2.jpg\",\"datePublished\":\"2023-04-22T15:45:36+00:00\",\"dateModified\":\"2025-05-03T14:12:24+00:00\",\"description\":\"Via3DMapper bygger p\u00e5 ViaTechs velutviklede skanne- og kartleggingsteknologi og er en komplett mobil kartl\u00f8sning. Den integreres godt med Asset Management og Inventory Survey. Et allsidig mobilt kartleggingssystem.\",\"breadcrumb\":{\"@id\":\"https:\/\/viatech.no\/no\/produkt\/via3dmapper\/#breadcrumb\"},\"inLanguage\":\"nb-NO\",\"potentialAction\":[{\"@type\":\"ReadAction\",\"target\":[\"https:\/\/viatech.no\/no\/produkt\/via3dmapper\/\"]}]},{\"@type\":\"ImageObject\",\"inLanguage\":\"nb-NO\",\"@id\":\"https:\/\/viatech.no\/no\/produkt\/via3dmapper\/#primaryimage\",\"url\":\"https:\/\/viatech.no\/wp-content\/uploads\/2023\/04\/Via3DMapper-Viatech-2.jpg\",\"contentUrl\":\"https:\/\/viatech.no\/wp-content\/uploads\/2023\/04\/Via3DMapper-Viatech-2.jpg\",\"width\":601,\"height\":602,\"caption\":\"Via3DMapper-Viatech\"},{\"@type\":\"BreadcrumbList\",\"@id\":\"https:\/\/viatech.no\/no\/produkt\/via3dmapper\/#breadcrumb\",\"itemListElement\":[{\"@type\":\"ListItem\",\"position\":1,\"name\":\"Home\",\"item\":\"https:\/\/viatech.no\/no\/\"},{\"@type\":\"ListItem\",\"position\":2,\"name\":\"V\u00e5re produkter\",\"item\":\"https:\/\/viatech.no\/no\/shop\/\"},{\"@type\":\"ListItem\",\"position\":3,\"name\":\"Via3DMapper\"}]},{\"@type\":\"WebSite\",\"@id\":\"https:\/\/viatech.no\/no\/#website\",\"url\":\"https:\/\/viatech.no\/no\/\",\"name\":\"Viatech\",\"description\":\"Safety and sustainability\",\"publisher\":{\"@id\":\"https:\/\/viatech.no\/no\/#organization\"},\"potentialAction\":[{\"@type\":\"SearchAction\",\"target\":{\"@type\":\"EntryPoint\",\"urlTemplate\":\"https:\/\/viatech.no\/no\/?s={search_term_string}\"},\"query-input\":{\"@type\":\"PropertyValueSpecification\",\"valueRequired\":true,\"valueName\":\"search_term_string\"}}],\"inLanguage\":\"nb-NO\"},{\"@type\":\"Organization\",\"@id\":\"https:\/\/viatech.no\/no\/#organization\",\"name\":\"Viatech\",\"url\":\"https:\/\/viatech.no\/no\/\",\"logo\":{\"@type\":\"ImageObject\",\"inLanguage\":\"nb-NO\",\"@id\":\"https:\/\/viatech.no\/no\/#\/schema\/logo\/image\/\",\"url\":\"https:\/\/viatech.no\/wp-content\/uploads\/2023\/04\/cropped-viatech_stor-logo.jpg\",\"contentUrl\":\"https:\/\/viatech.no\/wp-content\/uploads\/2023\/04\/cropped-viatech_stor-logo.jpg\",\"width\":1379,\"height\":479,\"caption\":\"Viatech\"},\"image\":{\"@id\":\"https:\/\/viatech.no\/no\/#\/schema\/logo\/image\/\"}}]}<\/script>\n<!-- \/ Yoast SEO plugin. -->","yoast_head_json":{"title":"Via3DMapper - Viatech","description":"Via3DMapper bygger p\u00e5 ViaTechs velutviklede skanne- og kartleggingsteknologi og er en komplett mobil kartl\u00f8sning. Den integreres godt med Asset Management og Inventory Survey. Et allsidig mobilt kartleggingssystem.","robots":{"index":"index","follow":"follow","max-snippet":"max-snippet:-1","max-image-preview":"max-image-preview:large","max-video-preview":"max-video-preview:-1"},"canonical":"https:\/\/viatech.no\/no\/produkt\/via3dmapper\/","og_locale":"nb_NO","og_type":"article","og_title":"Via3DMapper - Viatech","og_description":"Via3DMapper bygger p\u00e5 ViaTechs velutviklede skanne- og kartleggingsteknologi og er en komplett mobil kartl\u00f8sning. Den integreres godt med Asset Management og Inventory Survey. Et allsidig mobilt kartleggingssystem.","og_url":"https:\/\/viatech.no\/no\/produkt\/via3dmapper\/","og_site_name":"Viatech","article_modified_time":"2025-05-03T14:12:24+00:00","og_image":[{"width":601,"height":602,"url":"https:\/\/viatech.no\/wp-content\/uploads\/2023\/04\/Via3DMapper-Viatech-2.jpg","type":"image\/jpeg"}],"twitter_card":"summary_large_image","twitter_misc":{"Ansl. lesetid":"1 minutt"},"schema":{"@context":"https:\/\/schema.org","@graph":[{"@type":"WebPage","@id":"https:\/\/viatech.no\/no\/produkt\/via3dmapper\/","url":"https:\/\/viatech.no\/no\/produkt\/via3dmapper\/","name":"Via3DMapper - Viatech","isPartOf":{"@id":"https:\/\/viatech.no\/no\/#website"},"primaryImageOfPage":{"@id":"https:\/\/viatech.no\/no\/produkt\/via3dmapper\/#primaryimage"},"image":{"@id":"https:\/\/viatech.no\/no\/produkt\/via3dmapper\/#primaryimage"},"thumbnailUrl":"https:\/\/viatech.no\/wp-content\/uploads\/2023\/04\/Via3DMapper-Viatech-2.jpg","datePublished":"2023-04-22T15:45:36+00:00","dateModified":"2025-05-03T14:12:24+00:00","description":"Via3DMapper bygger p\u00e5 ViaTechs velutviklede skanne- og kartleggingsteknologi og er en komplett mobil kartl\u00f8sning. Den integreres godt med Asset Management og Inventory Survey. Et allsidig mobilt kartleggingssystem.","breadcrumb":{"@id":"https:\/\/viatech.no\/no\/produkt\/via3dmapper\/#breadcrumb"},"inLanguage":"nb-NO","potentialAction":[{"@type":"ReadAction","target":["https:\/\/viatech.no\/no\/produkt\/via3dmapper\/"]}]},{"@type":"ImageObject","inLanguage":"nb-NO","@id":"https:\/\/viatech.no\/no\/produkt\/via3dmapper\/#primaryimage","url":"https:\/\/viatech.no\/wp-content\/uploads\/2023\/04\/Via3DMapper-Viatech-2.jpg","contentUrl":"https:\/\/viatech.no\/wp-content\/uploads\/2023\/04\/Via3DMapper-Viatech-2.jpg","width":601,"height":602,"caption":"Via3DMapper-Viatech"},{"@type":"BreadcrumbList","@id":"https:\/\/viatech.no\/no\/produkt\/via3dmapper\/#breadcrumb","itemListElement":[{"@type":"ListItem","position":1,"name":"Home","item":"https:\/\/viatech.no\/no\/"},{"@type":"ListItem","position":2,"name":"V\u00e5re produkter","item":"https:\/\/viatech.no\/no\/shop\/"},{"@type":"ListItem","position":3,"name":"Via3DMapper"}]},{"@type":"WebSite","@id":"https:\/\/viatech.no\/no\/#website","url":"https:\/\/viatech.no\/no\/","name":"Viatech","description":"Safety and sustainability","publisher":{"@id":"https:\/\/viatech.no\/no\/#organization"},"potentialAction":[{"@type":"SearchAction","target":{"@type":"EntryPoint","urlTemplate":"https:\/\/viatech.no\/no\/?s={search_term_string}"},"query-input":{"@type":"PropertyValueSpecification","valueRequired":true,"valueName":"search_term_string"}}],"inLanguage":"nb-NO"},{"@type":"Organization","@id":"https:\/\/viatech.no\/no\/#organization","name":"Viatech","url":"https:\/\/viatech.no\/no\/","logo":{"@type":"ImageObject","inLanguage":"nb-NO","@id":"https:\/\/viatech.no\/no\/#\/schema\/logo\/image\/","url":"https:\/\/viatech.no\/wp-content\/uploads\/2023\/04\/cropped-viatech_stor-logo.jpg","contentUrl":"https:\/\/viatech.no\/wp-content\/uploads\/2023\/04\/cropped-viatech_stor-logo.jpg","width":1379,"height":479,"caption":"Viatech"},"image":{"@id":"https:\/\/viatech.no\/no\/#\/schema\/logo\/image\/"}}]}},"_links":{"self":[{"href":"https:\/\/viatech.no\/no\/wp-json\/wp\/v2\/product\/7477","targetHints":{"allow":["GET"]}}],"collection":[{"href":"https:\/\/viatech.no\/no\/wp-json\/wp\/v2\/product"}],"about":[{"href":"https:\/\/viatech.no\/no\/wp-json\/wp\/v2\/types\/product"}],"version-history":[{"count":3,"href":"https:\/\/viatech.no\/no\/wp-json\/wp\/v2\/product\/7477\/revisions"}],"predecessor-version":[{"id":7652,"href":"https:\/\/viatech.no\/no\/wp-json\/wp\/v2\/product\/7477\/revisions\/7652"}],"wp:featuredmedia":[{"embeddable":true,"href":"https:\/\/viatech.no\/no\/wp-json\/wp\/v2\/media\/7333"}],"wp:attachment":[{"href":"https:\/\/viatech.no\/no\/wp-json\/wp\/v2\/media?parent=7477"}],"wp:term":[{"taxonomy":"product_brand","embeddable":true,"href":"https:\/\/viatech.no\/no\/wp-json\/wp\/v2\/product_brand?post=7477"},{"taxonomy":"product_cat","embeddable":true,"href":"https:\/\/viatech.no\/no\/wp-json\/wp\/v2\/product_cat?post=7477"},{"taxonomy":"product_tag","embeddable":true,"href":"https:\/\/viatech.no\/no\/wp-json\/wp\/v2\/product_tag?post=7477"}],"curies":[{"name":"wp","href":"https:\/\/api.w.org\/{rel}","templated":true}]}}