{"id":7481,"date":"2023-04-22T15:46:11","date_gmt":"2023-04-22T15:46:11","guid":{"rendered":"https:\/\/viatech.no\/product\/vialds\/"},"modified":"2025-05-03T14:12:25","modified_gmt":"2025-05-03T14:12:25","slug":"vialds","status":"publish","type":"product","link":"https:\/\/viatech.no\/no\/produkt\/vialds\/","title":{"rendered":"ViaLDS"},"content":{"rendered":"\t\t<div data-elementor-type=\"product-post\" data-elementor-id=\"7481\" class=\"elementor elementor-7481 elementor-5827\" data-elementor-post-type=\"product\">\n\t\t\t\t\t\t<section class=\"elementor-section elementor-top-section elementor-element elementor-element-51a06df9 elementor-section-boxed elementor-section-height-default elementor-section-height-default qodef-elementor-content-no\" data-id=\"51a06df9\" data-element_type=\"section\" data-e-type=\"section\">\n\t\t\t\t\t\t<div class=\"elementor-container elementor-column-gap-default\">\n\t\t\t\t\t<div class=\"elementor-column elementor-col-100 elementor-top-column elementor-element elementor-element-6b1162fc\" data-id=\"6b1162fc\" data-element_type=\"column\" data-e-type=\"column\">\n\t\t\t<div class=\"elementor-widget-wrap elementor-element-populated\">\n\t\t\t\t\t\t<div class=\"elementor-element elementor-element-13f0e79f elementor-widget elementor-widget-text-editor\" data-id=\"13f0e79f\" data-element_type=\"widget\" data-e-type=\"widget\" data-widget_type=\"text-editor.default\">\n\t\t\t\t<div class=\"elementor-widget-container\">\n\t\t\t\t\t\t\t\t\t<div class=\"column_1\"><h3>Generelt<\/h3><p>ViaLDS (Laser Distance System) er et produkt fra ViaTech som brukes til \u00e5 m\u00e5le h\u00f8yder i tunneler, under broer og lignende. Ved hjelp av laser oppn\u00e5s stor presisjon, selv under krevende forhold som f.eks. nylagt asfalt. <\/p><p>Kontinuerlig h\u00f8ydem\u00e5ling gir et bedre grunnlag for vedlikeholdsplanlegging. Rask og enkel dokumentasjon av h\u00f8yder etter operasjoner. Resultatet brukes til \u00e5 optimalisere veimerking. F\u00f8reren styrer selv n\u00e5r m\u00e5lingene skal utf\u00f8res. M\u00e5lingene er kontinuerlige, slik at f\u00f8reren ikke trenger \u00e5 forlate kj\u00f8ret\u00f8yet, noe som \u00f8ker sikkerheten.    <\/p><p>ViaLDS er utviklet i samarbeid med norske veimyndigheter, som har testet systemet med gode resultater. Testene har v\u00e6rt grundige, og det er testet p\u00e5 ulike underlag som spr\u00f8ytebetong, stein og betongelementer. <\/p><h3>  <\/h3><h3>Montering<\/h3><p>Systemet monteres enkelt p\u00e5 kj\u00f8ret\u00f8y ved hjelp av en ramme, som vist p\u00e5 bildet over. Rammen er montert slik at den enkelt kan tas av og settes p\u00e5 plass igjen. Ved \u00e5 bruke to lasere, \u00e9n som peker oppover og \u00e9n nedover, kan systemet monteres i alle h\u00f8yder uten behov for kalibrering. En GPS, montert langs laserne, s\u00f8rger for at systemet kommuniserer korrekt med veinettet. Alt kobles til en datamaskin via enten en Ethernet-kabel eller en USB-kabel.    <\/p><h3>  <\/h3><h3>Drift<\/h3><p>Et av hovedfokusene under utviklingen av programvaren var at systemet skulle v\u00e6re enkelt \u00e5 bruke og ikke kreve noen spesielle ferdigheter. Derfor er brukergrensesnittet laget i samme \u00e5nd som den \u00f8vrige ViaTech-programvaren. Bare n\u00f8dvendig informasjon vises, og tallene er store og synlige. F\u00f8r m\u00e5lingen startes, angis informasjon som stedsnavn og minste tillatte h\u00f8yde. For tunneler brukes ofte tunnelnavn.    <\/p><p>Under m\u00e5lingen vises aktuell informasjon om veinettet, sammen med n\u00f8kkelinformasjon og et diagram som viser h\u00f8ydedata. Alle r\u00e5data lagres kontinuerlig p\u00e5 harddisken under m\u00e5lingen. <\/p><h3> <\/h3><h3>Analyser og rapporter<\/h3><p>En desktop-applikasjon brukes til \u00e5 analysere m\u00e5ledataene og generere rapporter. Bildet viser to m\u00e5linger i en tunnel. Repeterbarheten i m\u00e5lingene er sv\u00e6rt god, og det er enkelt \u00e5 zoome og manipulere diagrammene.  <\/p><p>Rapportfunksjonen gj\u00f8r det mulig \u00e5 opprette en tekstfil med m\u00e5lingene, som deretter kan \u00e5pnes i Microsoft Excel eller vises i skrivebordsprogrammet.<\/p><p>M\u00e5lingene kan ogs\u00e5 skrives ut for \u00e5 lage en rapport som viser n\u00e5r og hvor en m\u00e5ling er foretatt, maksimums- og minimumsverdier, samt eventuelle omr\u00e5der som ligger over eller under terskelverdiene.<\/p><h3> <\/h3><h3>Tekniske spesifikasjoner<\/h3><table><tbody><tr><th>Generelt<\/th><th> <\/th><\/tr><tr><td>Dimensjoner<\/td><td>H\u00f8yde: 300 mm, lengde: 200 mm, bredde 600 mm (11,8, 7,9, 23,6 tommer)<\/td><\/tr><tr><td>Vekt<\/td><td>5 kg (11 lbs)<\/td><\/tr><tr><td>Temperaturomr\u00e5de<\/td><td>0 \u00b0C &#8211; 40 \u00b0C<\/td><\/tr><tr><td>Spenning<\/td><td>12 V<\/td><\/tr><tr><td>Kommunikasjon med PC<\/td><td>Ethernet<\/td><\/tr><tr><th>Sensor<\/th><th> <\/th><\/tr><tr><td>Minimum rekkevidde<\/td><td>1.4 m<\/td><\/tr><tr><td>Maksimal rekkevidde<\/td><td>20 m<\/td><\/tr><tr><td>Frekvens<\/td><td>2 kHz<\/td><\/tr><\/tbody><\/table><\/div>\t\t\t\t\t\t\t\t<\/div>\n\t\t\t\t<\/div>\n\t\t\t\t\t<\/div>\n\t\t<\/div>\n\t\t\t\t\t<\/div>\n\t\t<\/section>\n\t\t<div class=\"elementor-element elementor-element-a628d63 e-flex e-con-boxed e-con e-parent\" data-id=\"a628d63\" data-element_type=\"container\" data-e-type=\"container\">\n\t\t\t\t\t<div class=\"e-con-inner\">\n\t\t<div class=\"elementor-element elementor-element-33db20c e-con-full e-flex e-con e-child\" data-id=\"33db20c\" data-element_type=\"container\" data-e-type=\"container\">\n\t\t\t\t<div class=\"elementor-element elementor-element-e13d5de elementor-widget elementor-widget-image\" data-id=\"e13d5de\" data-element_type=\"widget\" data-e-type=\"widget\" data-widget_type=\"image.default\">\n\t\t\t\t<div class=\"elementor-widget-container\">\n\t\t\t\t\t\t\t\t\t\t\t\t\t\t\t<img fetchpriority=\"high\" decoding=\"async\" width=\"681\" height=\"1024\" src=\"https:\/\/viatech.no\/wp-content\/uploads\/2024\/02\/ViaLDS-Viatech-681x1024.webp\" class=\"attachment-large size-large wp-image-7331\" alt=\"\" srcset=\"https:\/\/viatech.no\/wp-content\/uploads\/2024\/02\/ViaLDS-Viatech-681x1024.webp 681w, https:\/\/viatech.no\/wp-content\/uploads\/2024\/02\/ViaLDS-Viatech-200x300.webp 200w, https:\/\/viatech.no\/wp-content\/uploads\/2024\/02\/ViaLDS-Viatech-768x1155.webp 768w, https:\/\/viatech.no\/wp-content\/uploads\/2024\/02\/ViaLDS-Viatech-600x902.webp 600w, https:\/\/viatech.no\/wp-content\/uploads\/2024\/02\/ViaLDS-Viatech.webp 850w\" sizes=\"(max-width: 681px) 100vw, 681px\" \/>\t\t\t\t\t\t\t\t\t\t\t\t\t\t\t<\/div>\n\t\t\t\t<\/div>\n\t\t\t\t<\/div>\n\t\t<div class=\"elementor-element elementor-element-d751068 e-con-full e-flex e-con e-child\" data-id=\"d751068\" data-element_type=\"container\" data-e-type=\"container\">\n\t\t\t\t<div class=\"elementor-element elementor-element-326873b elementor-widget elementor-widget-image\" data-id=\"326873b\" data-element_type=\"widget\" data-e-type=\"widget\" data-widget_type=\"image.default\">\n\t\t\t\t<div class=\"elementor-widget-container\">\n\t\t\t\t\t\t\t\t\t\t\t\t\t\t\t<img decoding=\"async\" width=\"681\" height=\"1024\" src=\"https:\/\/viatech.no\/wp-content\/uploads\/2023\/04\/ViaLDS2-Viatech-681x1024.webp\" class=\"attachment-large size-large wp-image-7332\" alt=\"\" srcset=\"https:\/\/viatech.no\/wp-content\/uploads\/2023\/04\/ViaLDS2-Viatech-681x1024.webp 681w, https:\/\/viatech.no\/wp-content\/uploads\/2023\/04\/ViaLDS2-Viatech-200x300.webp 200w, https:\/\/viatech.no\/wp-content\/uploads\/2023\/04\/ViaLDS2-Viatech-768x1155.webp 768w, https:\/\/viatech.no\/wp-content\/uploads\/2023\/04\/ViaLDS2-Viatech-600x902.webp 600w, https:\/\/viatech.no\/wp-content\/uploads\/2023\/04\/ViaLDS2-Viatech.webp 850w\" sizes=\"(max-width: 681px) 100vw, 681px\" \/>\t\t\t\t\t\t\t\t\t\t\t\t\t\t\t<\/div>\n\t\t\t\t<\/div>\n\t\t\t\t<\/div>\n\t\t\t\t\t<\/div>\n\t\t\t\t<\/div>\n\t\t\t\t<\/div>\n\t\t","protected":false},"excerpt":{"rendered":"<p>ViaLDS er utviklet i samarbeid med norske veimyndigheter, som har testet systemet med gode resultater.<\/p>\n","protected":false},"featured_media":7245,"template":"","meta":[],"product_brand":[],"product_cat":[155,157],"product_tag":[],"class_list":{"0":"post-7481","1":"product","2":"type-product","3":"status-publish","4":"has-post-thumbnail","6":"product_cat-skanning-av-veg","7":"product_cat-vialds-no","9":"first","10":"instock","11":"shipping-taxable","12":"product-type-simple"},"yoast_head":"<!-- This site is optimized with the Yoast SEO plugin v26.6 - https:\/\/yoast.com\/wordpress\/plugins\/seo\/ -->\n<title>ViaLDS - Viatech<\/title>\n<meta name=\"description\" content=\"ViaLDS (Laser Distance System) er et produkt fra ViaTech som brukes til \u00e5 m\u00e5le h\u00f8yder i tunneler, under broer og lignende. ViaLDS er utviklet i samarbeid med norske veimyndigheter, som har testet systemet med gode resultater.\" \/>\n<meta name=\"robots\" content=\"index, follow, max-snippet:-1, max-image-preview:large, max-video-preview:-1\" \/>\n<link rel=\"canonical\" href=\"https:\/\/viatech.no\/no\/produkt\/vialds\/\" \/>\n<meta property=\"og:locale\" content=\"nb_NO\" \/>\n<meta property=\"og:type\" content=\"article\" \/>\n<meta property=\"og:title\" content=\"ViaLDS - Viatech\" \/>\n<meta property=\"og:description\" content=\"ViaLDS (Laser Distance System) er et produkt fra ViaTech som brukes til \u00e5 m\u00e5le h\u00f8yder i tunneler, under broer og lignende. ViaLDS er utviklet i samarbeid med norske veimyndigheter, som har testet systemet med gode resultater.\" \/>\n<meta property=\"og:url\" content=\"https:\/\/viatech.no\/no\/produkt\/vialds\/\" \/>\n<meta property=\"og:site_name\" content=\"Viatech\" \/>\n<meta property=\"article:modified_time\" content=\"2025-05-03T14:12:25+00:00\" \/>\n<meta property=\"og:image\" content=\"https:\/\/viatech.no\/wp-content\/uploads\/2023\/04\/ViaLDS-Viatech.jpg\" \/>\n\t<meta property=\"og:image:width\" content=\"700\" \/>\n\t<meta property=\"og:image:height\" content=\"600\" \/>\n\t<meta property=\"og:image:type\" content=\"image\/jpeg\" \/>\n<meta name=\"twitter:card\" content=\"summary_large_image\" \/>\n<meta name=\"twitter:label1\" content=\"Ansl. lesetid\" \/>\n\t<meta name=\"twitter:data1\" content=\"2 minutter\" \/>\n<script type=\"application\/ld+json\" class=\"yoast-schema-graph\">{\"@context\":\"https:\/\/schema.org\",\"@graph\":[{\"@type\":\"WebPage\",\"@id\":\"https:\/\/viatech.no\/no\/produkt\/vialds\/\",\"url\":\"https:\/\/viatech.no\/no\/produkt\/vialds\/\",\"name\":\"ViaLDS - Viatech\",\"isPartOf\":{\"@id\":\"https:\/\/viatech.no\/no\/#website\"},\"primaryImageOfPage\":{\"@id\":\"https:\/\/viatech.no\/no\/produkt\/vialds\/#primaryimage\"},\"image\":{\"@id\":\"https:\/\/viatech.no\/no\/produkt\/vialds\/#primaryimage\"},\"thumbnailUrl\":\"https:\/\/viatech.no\/wp-content\/uploads\/2023\/04\/ViaLDS-Viatech.jpg\",\"datePublished\":\"2023-04-22T15:46:11+00:00\",\"dateModified\":\"2025-05-03T14:12:25+00:00\",\"description\":\"ViaLDS (Laser Distance System) er et produkt fra ViaTech som brukes til \u00e5 m\u00e5le h\u00f8yder i tunneler, under broer og lignende. ViaLDS er utviklet i samarbeid med norske veimyndigheter, som har testet systemet med gode resultater.\",\"breadcrumb\":{\"@id\":\"https:\/\/viatech.no\/no\/produkt\/vialds\/#breadcrumb\"},\"inLanguage\":\"nb-NO\",\"potentialAction\":[{\"@type\":\"ReadAction\",\"target\":[\"https:\/\/viatech.no\/no\/produkt\/vialds\/\"]}]},{\"@type\":\"ImageObject\",\"inLanguage\":\"nb-NO\",\"@id\":\"https:\/\/viatech.no\/no\/produkt\/vialds\/#primaryimage\",\"url\":\"https:\/\/viatech.no\/wp-content\/uploads\/2023\/04\/ViaLDS-Viatech.jpg\",\"contentUrl\":\"https:\/\/viatech.no\/wp-content\/uploads\/2023\/04\/ViaLDS-Viatech.jpg\",\"width\":700,\"height\":600,\"caption\":\"ViaLDS-Viatech\"},{\"@type\":\"BreadcrumbList\",\"@id\":\"https:\/\/viatech.no\/no\/produkt\/vialds\/#breadcrumb\",\"itemListElement\":[{\"@type\":\"ListItem\",\"position\":1,\"name\":\"Home\",\"item\":\"https:\/\/viatech.no\/no\/\"},{\"@type\":\"ListItem\",\"position\":2,\"name\":\"V\u00e5re produkter\",\"item\":\"https:\/\/viatech.no\/no\/shop\/\"},{\"@type\":\"ListItem\",\"position\":3,\"name\":\"ViaLDS\"}]},{\"@type\":\"WebSite\",\"@id\":\"https:\/\/viatech.no\/no\/#website\",\"url\":\"https:\/\/viatech.no\/no\/\",\"name\":\"Viatech\",\"description\":\"Safety and sustainability\",\"publisher\":{\"@id\":\"https:\/\/viatech.no\/no\/#organization\"},\"potentialAction\":[{\"@type\":\"SearchAction\",\"target\":{\"@type\":\"EntryPoint\",\"urlTemplate\":\"https:\/\/viatech.no\/no\/?s={search_term_string}\"},\"query-input\":{\"@type\":\"PropertyValueSpecification\",\"valueRequired\":true,\"valueName\":\"search_term_string\"}}],\"inLanguage\":\"nb-NO\"},{\"@type\":\"Organization\",\"@id\":\"https:\/\/viatech.no\/no\/#organization\",\"name\":\"Viatech\",\"url\":\"https:\/\/viatech.no\/no\/\",\"logo\":{\"@type\":\"ImageObject\",\"inLanguage\":\"nb-NO\",\"@id\":\"https:\/\/viatech.no\/no\/#\/schema\/logo\/image\/\",\"url\":\"https:\/\/viatech.no\/wp-content\/uploads\/2023\/04\/cropped-viatech_stor-logo.jpg\",\"contentUrl\":\"https:\/\/viatech.no\/wp-content\/uploads\/2023\/04\/cropped-viatech_stor-logo.jpg\",\"width\":1379,\"height\":479,\"caption\":\"Viatech\"},\"image\":{\"@id\":\"https:\/\/viatech.no\/no\/#\/schema\/logo\/image\/\"}}]}<\/script>\n<!-- \/ Yoast SEO plugin. -->","yoast_head_json":{"title":"ViaLDS - Viatech","description":"ViaLDS (Laser Distance System) er et produkt fra ViaTech som brukes til \u00e5 m\u00e5le h\u00f8yder i tunneler, under broer og lignende. ViaLDS er utviklet i samarbeid med norske veimyndigheter, som har testet systemet med gode resultater.","robots":{"index":"index","follow":"follow","max-snippet":"max-snippet:-1","max-image-preview":"max-image-preview:large","max-video-preview":"max-video-preview:-1"},"canonical":"https:\/\/viatech.no\/no\/produkt\/vialds\/","og_locale":"nb_NO","og_type":"article","og_title":"ViaLDS - Viatech","og_description":"ViaLDS (Laser Distance System) er et produkt fra ViaTech som brukes til \u00e5 m\u00e5le h\u00f8yder i tunneler, under broer og lignende. ViaLDS er utviklet i samarbeid med norske veimyndigheter, som har testet systemet med gode resultater.","og_url":"https:\/\/viatech.no\/no\/produkt\/vialds\/","og_site_name":"Viatech","article_modified_time":"2025-05-03T14:12:25+00:00","og_image":[{"width":700,"height":600,"url":"https:\/\/viatech.no\/wp-content\/uploads\/2023\/04\/ViaLDS-Viatech.jpg","type":"image\/jpeg"}],"twitter_card":"summary_large_image","twitter_misc":{"Ansl. lesetid":"2 minutter"},"schema":{"@context":"https:\/\/schema.org","@graph":[{"@type":"WebPage","@id":"https:\/\/viatech.no\/no\/produkt\/vialds\/","url":"https:\/\/viatech.no\/no\/produkt\/vialds\/","name":"ViaLDS - Viatech","isPartOf":{"@id":"https:\/\/viatech.no\/no\/#website"},"primaryImageOfPage":{"@id":"https:\/\/viatech.no\/no\/produkt\/vialds\/#primaryimage"},"image":{"@id":"https:\/\/viatech.no\/no\/produkt\/vialds\/#primaryimage"},"thumbnailUrl":"https:\/\/viatech.no\/wp-content\/uploads\/2023\/04\/ViaLDS-Viatech.jpg","datePublished":"2023-04-22T15:46:11+00:00","dateModified":"2025-05-03T14:12:25+00:00","description":"ViaLDS (Laser Distance System) er et produkt fra ViaTech som brukes til \u00e5 m\u00e5le h\u00f8yder i tunneler, under broer og lignende. ViaLDS er utviklet i samarbeid med norske veimyndigheter, som har testet systemet med gode resultater.","breadcrumb":{"@id":"https:\/\/viatech.no\/no\/produkt\/vialds\/#breadcrumb"},"inLanguage":"nb-NO","potentialAction":[{"@type":"ReadAction","target":["https:\/\/viatech.no\/no\/produkt\/vialds\/"]}]},{"@type":"ImageObject","inLanguage":"nb-NO","@id":"https:\/\/viatech.no\/no\/produkt\/vialds\/#primaryimage","url":"https:\/\/viatech.no\/wp-content\/uploads\/2023\/04\/ViaLDS-Viatech.jpg","contentUrl":"https:\/\/viatech.no\/wp-content\/uploads\/2023\/04\/ViaLDS-Viatech.jpg","width":700,"height":600,"caption":"ViaLDS-Viatech"},{"@type":"BreadcrumbList","@id":"https:\/\/viatech.no\/no\/produkt\/vialds\/#breadcrumb","itemListElement":[{"@type":"ListItem","position":1,"name":"Home","item":"https:\/\/viatech.no\/no\/"},{"@type":"ListItem","position":2,"name":"V\u00e5re produkter","item":"https:\/\/viatech.no\/no\/shop\/"},{"@type":"ListItem","position":3,"name":"ViaLDS"}]},{"@type":"WebSite","@id":"https:\/\/viatech.no\/no\/#website","url":"https:\/\/viatech.no\/no\/","name":"Viatech","description":"Safety and sustainability","publisher":{"@id":"https:\/\/viatech.no\/no\/#organization"},"potentialAction":[{"@type":"SearchAction","target":{"@type":"EntryPoint","urlTemplate":"https:\/\/viatech.no\/no\/?s={search_term_string}"},"query-input":{"@type":"PropertyValueSpecification","valueRequired":true,"valueName":"search_term_string"}}],"inLanguage":"nb-NO"},{"@type":"Organization","@id":"https:\/\/viatech.no\/no\/#organization","name":"Viatech","url":"https:\/\/viatech.no\/no\/","logo":{"@type":"ImageObject","inLanguage":"nb-NO","@id":"https:\/\/viatech.no\/no\/#\/schema\/logo\/image\/","url":"https:\/\/viatech.no\/wp-content\/uploads\/2023\/04\/cropped-viatech_stor-logo.jpg","contentUrl":"https:\/\/viatech.no\/wp-content\/uploads\/2023\/04\/cropped-viatech_stor-logo.jpg","width":1379,"height":479,"caption":"Viatech"},"image":{"@id":"https:\/\/viatech.no\/no\/#\/schema\/logo\/image\/"}}]}},"_links":{"self":[{"href":"https:\/\/viatech.no\/no\/wp-json\/wp\/v2\/product\/7481","targetHints":{"allow":["GET"]}}],"collection":[{"href":"https:\/\/viatech.no\/no\/wp-json\/wp\/v2\/product"}],"about":[{"href":"https:\/\/viatech.no\/no\/wp-json\/wp\/v2\/types\/product"}],"version-history":[{"count":2,"href":"https:\/\/viatech.no\/no\/wp-json\/wp\/v2\/product\/7481\/revisions"}],"predecessor-version":[{"id":7483,"href":"https:\/\/viatech.no\/no\/wp-json\/wp\/v2\/product\/7481\/revisions\/7483"}],"wp:featuredmedia":[{"embeddable":true,"href":"https:\/\/viatech.no\/no\/wp-json\/wp\/v2\/media\/7245"}],"wp:attachment":[{"href":"https:\/\/viatech.no\/no\/wp-json\/wp\/v2\/media?parent=7481"}],"wp:term":[{"taxonomy":"product_brand","embeddable":true,"href":"https:\/\/viatech.no\/no\/wp-json\/wp\/v2\/product_brand?post=7481"},{"taxonomy":"product_cat","embeddable":true,"href":"https:\/\/viatech.no\/no\/wp-json\/wp\/v2\/product_cat?post=7481"},{"taxonomy":"product_tag","embeddable":true,"href":"https:\/\/viatech.no\/no\/wp-json\/wp\/v2\/product_tag?post=7481"}],"curies":[{"name":"wp","href":"https:\/\/api.w.org\/{rel}","templated":true}]}}