{"id":7484,"date":"2023-04-22T15:47:17","date_gmt":"2023-04-22T15:47:17","guid":{"rendered":"https:\/\/viatech.no\/product\/viairi\/"},"modified":"2025-05-03T14:12:26","modified_gmt":"2025-05-03T14:12:26","slug":"viairi","status":"publish","type":"product","link":"https:\/\/viatech.no\/no\/produkt\/viairi\/","title":{"rendered":"ViaIRI"},"content":{"rendered":"\t\t<div data-elementor-type=\"product-post\" data-elementor-id=\"7484\" class=\"elementor elementor-7484 elementor-5829\" data-elementor-post-type=\"product\">\n\t\t\t\t\t\t<section class=\"elementor-section elementor-top-section elementor-element elementor-element-723a8910 elementor-section-boxed elementor-section-height-default elementor-section-height-default qodef-elementor-content-no\" data-id=\"723a8910\" data-element_type=\"section\" data-e-type=\"section\">\n\t\t\t\t\t\t<div class=\"elementor-container elementor-column-gap-default\">\n\t\t\t\t\t<div class=\"elementor-column elementor-col-100 elementor-top-column elementor-element elementor-element-4f28bc41\" data-id=\"4f28bc41\" data-element_type=\"column\" data-e-type=\"column\">\n\t\t\t<div class=\"elementor-widget-wrap elementor-element-populated\">\n\t\t\t\t\t\t<div class=\"elementor-element elementor-element-2991295b elementor-widget elementor-widget-text-editor\" data-id=\"2991295b\" data-element_type=\"widget\" data-e-type=\"widget\" data-widget_type=\"text-editor.default\">\n\t\t\t\t<div class=\"elementor-widget-container\">\n\t\t\t\t\t\t\t\t\t<div class=\"column_1\"><p>Laserenheten inneholder to sensorer, en laseravstandsm\u00e5ler som m\u00e5ler avstanden fra laseren og ned til veibanen, og et 3-akset gyro- og akselerometer (IMU) som brukes til \u00e5 m\u00e5le bevegelsen til selve laserenheten.<\/p><p> <\/p><p>N\u00e5r bilen kj\u00f8rer og m\u00e5ler, samles data inn fra laserenhetene og lagres p\u00e5 PC-en. N\u00e5r m\u00e5lingen er fullf\u00f8rt, analyseres de lagrede dataene, og lengdeprofil, IRI og andre parametere opprettes, \u00e9n for hver laserenhet. <span style=\"color: var( --e-global-color-text ); font-family: var( --e-global-typography-text-font-family ), Sans-serif; font-weight: var( --e-global-typography-text-font-weight );\"> <\/span><\/p><p><span style=\"color: var( --e-global-color-text ); font-family: var( --e-global-typography-text-font-family ), Sans-serif; font-weight: var( --e-global-typography-text-font-weight );\"> <\/span><\/p><p><span style=\"color: var( --e-global-color-text ); font-family: var( --e-global-typography-text-font-family ), Sans-serif; font-weight: var( --e-global-typography-text-font-weight );\">Flere laserenheter kan brukes til \u00e5 m\u00e5le parametere for flere spor.<\/span><\/p><p><span style=\"color: var( --e-global-color-text ); font-family: var( --e-global-typography-text-font-family ), Sans-serif; font-weight: var( --e-global-typography-text-font-weight );\"> <\/span><\/p><p>ViaIRI best\u00e5r av f\u00f8lgende deler:<\/p><ul><li>En eller flere laserenheter med IMU plassert p\u00e5 bilens st\u00f8tfanger foran eller p\u00e5 slepekroken<\/li><li>Kilometerteller<\/li><li>GPS<\/li><li>En grensesnittboks som plasseres inne i bilen for \u00e5 samle inn kilometertellersignalet og distribuere str\u00f8m og lokalt nettverk.<\/li><li>En Windows-PC ble brukt til datainnsamling og datapresentasjon.<\/li><\/ul><h3> <\/h3><h3>Beregninger<\/h3><p>M\u00e5lingene og beregningene er i samsvar med ASTM E950, ASTM E1845 og Verdensbankens tekniske dokument 46 klasse 1.<\/p><p>I tillegg st\u00f8tter ViaIRI Boeing Bump Index (FAA AC5380-9) og Ride Number (ASTM E1489)<\/p><p> <\/p><p> <\/p><h3>Programvare<\/h3><p>ViaIRIs brukergrensesnitt er basert p\u00e5 f\u00f8lgende:<\/p><ul><li>Klargjort for ber\u00f8ringsskjerm. Operat\u00f8ren kan starte og avslutte m\u00e5linger ved hjelp av ber\u00f8ringsskjermen. <\/li><li>Enkel \u00e5 betjene. Store skrifter og f\u00e5 tall gj\u00f8r det enkelt for operat\u00f8ren \u00e5 observere m\u00e5lingene mens de utf\u00f8res. <\/li><li>Bakgrunnsverifisering av m\u00e5lte data. Brukergrensesnittet kontrollerer dataene fra sensorenheten og sikrer at de lagrede dataene er gyldige. <\/li><li>Brukergrensesnittet kan ogs\u00e5 vise IRI og MPD i sanntid hvis alternativene IRI og\/eller MPD er valgt. Merk at live-dataene kun gir en indikasjon p\u00e5 verdien, da de kan avvike noe fra dataene som beregnes etter m\u00e5lingen. Dette skyldes forbedret filtrering n\u00e5r m\u00e5lingen er fullf\u00f8rt.  <\/li><\/ul><p> <\/p><p>Alle sensordata lagres i en intern database. Rapportgeneratoren produserer rapporter i .csv- eller .xml-format, som enkelt kan lastes inn i Microsoft Excel for videre analyse. Rapportene kan ogs\u00e5 leveres i et tilpasset format. Rapporten inneholder informasjon om dato for m\u00e5ling, sted, systemnavn osv. Til slutt finnes det en liste med rader som inneholder beregnede verdier for en gitt avstand.<\/p><p>Analyzer, som vises til h\u00f8yre, kan brukes til \u00e5 gi en grafisk presentasjon av testresultatene. Programmet gj\u00f8r det enkelt \u00e5 analysere \u00e9n m\u00e5ling eller sammenligne flere m\u00e5linger. Bildet viser tre ulike m\u00e5linger av lengdeprofilet for samme veistrekning.  <\/p><\/div><p> <\/p><p> <\/p><p><em>Bruk av ViaPPS Analyzer med ViaIRI-m\u00e5linger.<\/em><\/p><p> <\/p><p> <\/p><p><span style=\"color: #000000; font-size: 30px;\">Tekniske spesifikasjoner<\/span><\/p><div class=\"column_1\"><table><tbody><tr><th>Generelt, sensorenhet<\/th><th> <\/th><\/tr><tr><td>Driftstemperatur<\/td><td>-10\u00b0 til 60\u00b0 C<\/td><\/tr><tr><td>Oppbevaringstemperatur<\/td><td>-20\u00b0 til 70\u00b0 C<\/td><\/tr><tr><td>Relativ luftfuktighet<\/td><td>5-95 % uten kondensering<\/td><\/tr><tr><td>Str\u00f8mbehov<\/td><td>12 V, 20 W<\/td><\/tr><tr><th>Laser<\/th><th> <\/th><\/tr><tr><td>Lasertype<\/td><td>Riftek RF607<\/td><\/tr><tr><td>Laserkraft<\/td><td>&lt; maks 80 mW<\/td><\/tr><tr><td>Laserklasse<\/td><td>3B<\/td><\/tr><tr><td>Laserb\u00f8lgelengde<\/td><td>660 nm, (synlig r\u00f8d)<\/td><\/tr><tr><td>Sikkerhetsavstand<\/td><td>5.6 m<\/td><\/tr><tr><td>M\u00e5leomr\u00e5de<\/td><td>250 mm<\/td><\/tr><tr><td>M\u00e5leoppl\u00f8sning<\/td><td>0,025 mm<\/td><\/tr><tr><td>Maksimal datahastighet<\/td><td>70 KHz<\/td><\/tr><tr><th>Gyro<\/th><th> <\/th><\/tr><tr><td>Oppl\u00f8sning for akselerometer<\/td><td>1,9 \u00b5g<\/td><\/tr><tr><td>Gyro-oppl\u00f8sning<\/td><td>0,22\u00b0\/time<\/td><\/tr><tr><th>Innsamling av data<\/th><th> <\/th><\/tr><tr><td>Samplingsfrekvens for laser<\/td><td>70 KHz<\/td><\/tr><tr><td>Samplingsfrekvens for akselerometer<\/td><td>2000 Hz<\/td><\/tr><tr><td>Samplingsfrekvens for gyro<\/td><td>262 Hz<\/td><\/tr><tr><td>Samplingsfrekvens for kilometerteller<\/td><td>50 Hz<\/td><\/tr><tr><td>M\u00e5ling av kj\u00f8ret\u00f8yets hastighetsomr\u00e5de<\/td><td>20 &#8211; 120 km\/t<\/td><\/tr><\/tbody><\/table><\/div>\t\t\t\t\t\t\t\t<\/div>\n\t\t\t\t<\/div>\n\t\t\t\t\t<\/div>\n\t\t<\/div>\n\t\t\t\t\t<\/div>\n\t\t<\/section>\n\t\t\t\t<\/div>\n\t\t","protected":false},"excerpt":{"rendered":"<h5>Tekstur- og IRI-m\u00e5ling med h\u00f8yhastighetslaser.<\/h5>\n<h3><\/h3>\n<h3>Generelt<\/h3>\n<p>Teksturlaseren m\u00e5ler veidekkets tekstur og h\u00f8ydeprofil med stor n\u00f8yaktighet. Ved \u00e5 kombinere h\u00f8ydeinformasjonen fra teksturlaseren med IMU-enheten (Inertial Motion Unit), beregnes den internasjonale ruhetsindeksen (IRI). Andre parametere, som MPD og hilliness, kan ogs\u00e5 beregnes.  <\/p>\n","protected":false},"featured_media":7242,"template":"","meta":[],"product_brand":[],"product_cat":[155,158],"product_tag":[],"class_list":{"0":"post-7484","1":"product","2":"type-product","3":"status-publish","4":"has-post-thumbnail","6":"product_cat-skanning-av-veg","7":"product_cat-viairi-no","9":"first","10":"instock","11":"shipping-taxable","12":"product-type-simple"},"yoast_head":"<!-- This site is optimized with the Yoast SEO plugin v26.6 - https:\/\/yoast.com\/wordpress\/plugins\/seo\/ -->\n<title>ViaIRI - Viatech<\/title>\n<meta name=\"description\" content=\"M\u00e5ling av tekstur og IRI med h\u00f8yhastighetslaser. Teksturlaseren m\u00e5ler tekstur og h\u00f8ydeprofil med h\u00f8y n\u00f8yaktighet.\" \/>\n<meta name=\"robots\" content=\"index, follow, max-snippet:-1, max-image-preview:large, max-video-preview:-1\" \/>\n<link rel=\"canonical\" href=\"https:\/\/viatech.no\/no\/produkt\/viairi\/\" \/>\n<meta property=\"og:locale\" content=\"nb_NO\" \/>\n<meta property=\"og:type\" content=\"article\" \/>\n<meta property=\"og:title\" content=\"ViaIRI - Viatech\" \/>\n<meta property=\"og:description\" content=\"M\u00e5ling av tekstur og IRI med h\u00f8yhastighetslaser. Teksturlaseren m\u00e5ler tekstur og h\u00f8ydeprofil med h\u00f8y n\u00f8yaktighet.\" \/>\n<meta property=\"og:url\" content=\"https:\/\/viatech.no\/no\/produkt\/viairi\/\" \/>\n<meta property=\"og:site_name\" content=\"Viatech\" \/>\n<meta property=\"article:modified_time\" content=\"2025-05-03T14:12:26+00:00\" \/>\n<meta property=\"og:image\" content=\"https:\/\/viatech.no\/wp-content\/uploads\/2023\/04\/ViaIRI-Viatech.jpg\" \/>\n\t<meta property=\"og:image:width\" content=\"700\" \/>\n\t<meta property=\"og:image:height\" content=\"670\" \/>\n\t<meta property=\"og:image:type\" content=\"image\/jpeg\" \/>\n<meta name=\"twitter:card\" content=\"summary_large_image\" \/>\n<meta name=\"twitter:label1\" content=\"Ansl. lesetid\" \/>\n\t<meta name=\"twitter:data1\" content=\"2 minutter\" \/>\n<script type=\"application\/ld+json\" class=\"yoast-schema-graph\">{\"@context\":\"https:\/\/schema.org\",\"@graph\":[{\"@type\":\"WebPage\",\"@id\":\"https:\/\/viatech.no\/no\/produkt\/viairi\/\",\"url\":\"https:\/\/viatech.no\/no\/produkt\/viairi\/\",\"name\":\"ViaIRI - Viatech\",\"isPartOf\":{\"@id\":\"https:\/\/viatech.no\/no\/#website\"},\"primaryImageOfPage\":{\"@id\":\"https:\/\/viatech.no\/no\/produkt\/viairi\/#primaryimage\"},\"image\":{\"@id\":\"https:\/\/viatech.no\/no\/produkt\/viairi\/#primaryimage\"},\"thumbnailUrl\":\"https:\/\/viatech.no\/wp-content\/uploads\/2023\/04\/ViaIRI-Viatech.jpg\",\"datePublished\":\"2023-04-22T15:47:17+00:00\",\"dateModified\":\"2025-05-03T14:12:26+00:00\",\"description\":\"M\u00e5ling av tekstur og IRI med h\u00f8yhastighetslaser. Teksturlaseren m\u00e5ler tekstur og h\u00f8ydeprofil med h\u00f8y n\u00f8yaktighet.\",\"breadcrumb\":{\"@id\":\"https:\/\/viatech.no\/no\/produkt\/viairi\/#breadcrumb\"},\"inLanguage\":\"nb-NO\",\"potentialAction\":[{\"@type\":\"ReadAction\",\"target\":[\"https:\/\/viatech.no\/no\/produkt\/viairi\/\"]}]},{\"@type\":\"ImageObject\",\"inLanguage\":\"nb-NO\",\"@id\":\"https:\/\/viatech.no\/no\/produkt\/viairi\/#primaryimage\",\"url\":\"https:\/\/viatech.no\/wp-content\/uploads\/2023\/04\/ViaIRI-Viatech.jpg\",\"contentUrl\":\"https:\/\/viatech.no\/wp-content\/uploads\/2023\/04\/ViaIRI-Viatech.jpg\",\"width\":700,\"height\":670,\"caption\":\"ViaIRI-Viatech\"},{\"@type\":\"BreadcrumbList\",\"@id\":\"https:\/\/viatech.no\/no\/produkt\/viairi\/#breadcrumb\",\"itemListElement\":[{\"@type\":\"ListItem\",\"position\":1,\"name\":\"Home\",\"item\":\"https:\/\/viatech.no\/no\/\"},{\"@type\":\"ListItem\",\"position\":2,\"name\":\"V\u00e5re produkter\",\"item\":\"https:\/\/viatech.no\/no\/shop\/\"},{\"@type\":\"ListItem\",\"position\":3,\"name\":\"ViaIRI\"}]},{\"@type\":\"WebSite\",\"@id\":\"https:\/\/viatech.no\/no\/#website\",\"url\":\"https:\/\/viatech.no\/no\/\",\"name\":\"Viatech\",\"description\":\"Safety and sustainability\",\"publisher\":{\"@id\":\"https:\/\/viatech.no\/no\/#organization\"},\"potentialAction\":[{\"@type\":\"SearchAction\",\"target\":{\"@type\":\"EntryPoint\",\"urlTemplate\":\"https:\/\/viatech.no\/no\/?s={search_term_string}\"},\"query-input\":{\"@type\":\"PropertyValueSpecification\",\"valueRequired\":true,\"valueName\":\"search_term_string\"}}],\"inLanguage\":\"nb-NO\"},{\"@type\":\"Organization\",\"@id\":\"https:\/\/viatech.no\/no\/#organization\",\"name\":\"Viatech\",\"url\":\"https:\/\/viatech.no\/no\/\",\"logo\":{\"@type\":\"ImageObject\",\"inLanguage\":\"nb-NO\",\"@id\":\"https:\/\/viatech.no\/no\/#\/schema\/logo\/image\/\",\"url\":\"https:\/\/viatech.no\/wp-content\/uploads\/2023\/04\/cropped-viatech_stor-logo.jpg\",\"contentUrl\":\"https:\/\/viatech.no\/wp-content\/uploads\/2023\/04\/cropped-viatech_stor-logo.jpg\",\"width\":1379,\"height\":479,\"caption\":\"Viatech\"},\"image\":{\"@id\":\"https:\/\/viatech.no\/no\/#\/schema\/logo\/image\/\"}}]}<\/script>\n<!-- \/ Yoast SEO plugin. -->","yoast_head_json":{"title":"ViaIRI - Viatech","description":"M\u00e5ling av tekstur og IRI med h\u00f8yhastighetslaser. Teksturlaseren m\u00e5ler tekstur og h\u00f8ydeprofil med h\u00f8y n\u00f8yaktighet.","robots":{"index":"index","follow":"follow","max-snippet":"max-snippet:-1","max-image-preview":"max-image-preview:large","max-video-preview":"max-video-preview:-1"},"canonical":"https:\/\/viatech.no\/no\/produkt\/viairi\/","og_locale":"nb_NO","og_type":"article","og_title":"ViaIRI - Viatech","og_description":"M\u00e5ling av tekstur og IRI med h\u00f8yhastighetslaser. Teksturlaseren m\u00e5ler tekstur og h\u00f8ydeprofil med h\u00f8y n\u00f8yaktighet.","og_url":"https:\/\/viatech.no\/no\/produkt\/viairi\/","og_site_name":"Viatech","article_modified_time":"2025-05-03T14:12:26+00:00","og_image":[{"width":700,"height":670,"url":"https:\/\/viatech.no\/wp-content\/uploads\/2023\/04\/ViaIRI-Viatech.jpg","type":"image\/jpeg"}],"twitter_card":"summary_large_image","twitter_misc":{"Ansl. lesetid":"2 minutter"},"schema":{"@context":"https:\/\/schema.org","@graph":[{"@type":"WebPage","@id":"https:\/\/viatech.no\/no\/produkt\/viairi\/","url":"https:\/\/viatech.no\/no\/produkt\/viairi\/","name":"ViaIRI - Viatech","isPartOf":{"@id":"https:\/\/viatech.no\/no\/#website"},"primaryImageOfPage":{"@id":"https:\/\/viatech.no\/no\/produkt\/viairi\/#primaryimage"},"image":{"@id":"https:\/\/viatech.no\/no\/produkt\/viairi\/#primaryimage"},"thumbnailUrl":"https:\/\/viatech.no\/wp-content\/uploads\/2023\/04\/ViaIRI-Viatech.jpg","datePublished":"2023-04-22T15:47:17+00:00","dateModified":"2025-05-03T14:12:26+00:00","description":"M\u00e5ling av tekstur og IRI med h\u00f8yhastighetslaser. Teksturlaseren m\u00e5ler tekstur og h\u00f8ydeprofil med h\u00f8y n\u00f8yaktighet.","breadcrumb":{"@id":"https:\/\/viatech.no\/no\/produkt\/viairi\/#breadcrumb"},"inLanguage":"nb-NO","potentialAction":[{"@type":"ReadAction","target":["https:\/\/viatech.no\/no\/produkt\/viairi\/"]}]},{"@type":"ImageObject","inLanguage":"nb-NO","@id":"https:\/\/viatech.no\/no\/produkt\/viairi\/#primaryimage","url":"https:\/\/viatech.no\/wp-content\/uploads\/2023\/04\/ViaIRI-Viatech.jpg","contentUrl":"https:\/\/viatech.no\/wp-content\/uploads\/2023\/04\/ViaIRI-Viatech.jpg","width":700,"height":670,"caption":"ViaIRI-Viatech"},{"@type":"BreadcrumbList","@id":"https:\/\/viatech.no\/no\/produkt\/viairi\/#breadcrumb","itemListElement":[{"@type":"ListItem","position":1,"name":"Home","item":"https:\/\/viatech.no\/no\/"},{"@type":"ListItem","position":2,"name":"V\u00e5re produkter","item":"https:\/\/viatech.no\/no\/shop\/"},{"@type":"ListItem","position":3,"name":"ViaIRI"}]},{"@type":"WebSite","@id":"https:\/\/viatech.no\/no\/#website","url":"https:\/\/viatech.no\/no\/","name":"Viatech","description":"Safety and sustainability","publisher":{"@id":"https:\/\/viatech.no\/no\/#organization"},"potentialAction":[{"@type":"SearchAction","target":{"@type":"EntryPoint","urlTemplate":"https:\/\/viatech.no\/no\/?s={search_term_string}"},"query-input":{"@type":"PropertyValueSpecification","valueRequired":true,"valueName":"search_term_string"}}],"inLanguage":"nb-NO"},{"@type":"Organization","@id":"https:\/\/viatech.no\/no\/#organization","name":"Viatech","url":"https:\/\/viatech.no\/no\/","logo":{"@type":"ImageObject","inLanguage":"nb-NO","@id":"https:\/\/viatech.no\/no\/#\/schema\/logo\/image\/","url":"https:\/\/viatech.no\/wp-content\/uploads\/2023\/04\/cropped-viatech_stor-logo.jpg","contentUrl":"https:\/\/viatech.no\/wp-content\/uploads\/2023\/04\/cropped-viatech_stor-logo.jpg","width":1379,"height":479,"caption":"Viatech"},"image":{"@id":"https:\/\/viatech.no\/no\/#\/schema\/logo\/image\/"}}]}},"_links":{"self":[{"href":"https:\/\/viatech.no\/no\/wp-json\/wp\/v2\/product\/7484","targetHints":{"allow":["GET"]}}],"collection":[{"href":"https:\/\/viatech.no\/no\/wp-json\/wp\/v2\/product"}],"about":[{"href":"https:\/\/viatech.no\/no\/wp-json\/wp\/v2\/types\/product"}],"version-history":[{"count":4,"href":"https:\/\/viatech.no\/no\/wp-json\/wp\/v2\/product\/7484\/revisions"}],"predecessor-version":[{"id":7522,"href":"https:\/\/viatech.no\/no\/wp-json\/wp\/v2\/product\/7484\/revisions\/7522"}],"wp:featuredmedia":[{"embeddable":true,"href":"https:\/\/viatech.no\/no\/wp-json\/wp\/v2\/media\/7242"}],"wp:attachment":[{"href":"https:\/\/viatech.no\/no\/wp-json\/wp\/v2\/media?parent=7484"}],"wp:term":[{"taxonomy":"product_brand","embeddable":true,"href":"https:\/\/viatech.no\/no\/wp-json\/wp\/v2\/product_brand?post=7484"},{"taxonomy":"product_cat","embeddable":true,"href":"https:\/\/viatech.no\/no\/wp-json\/wp\/v2\/product_cat?post=7484"},{"taxonomy":"product_tag","embeddable":true,"href":"https:\/\/viatech.no\/no\/wp-json\/wp\/v2\/product_tag?post=7484"}],"curies":[{"name":"wp","href":"https:\/\/api.w.org\/{rel}","templated":true}]}}