{"id":7490,"date":"2024-02-08T16:04:56","date_gmt":"2024-02-08T16:04:56","guid":{"rendered":"https:\/\/viatech.no\/product\/viafriction-vinter\/"},"modified":"2025-09-01T10:28:07","modified_gmt":"2025-09-01T10:28:07","slug":"viafriction-vinter","status":"publish","type":"product","link":"https:\/\/viatech.no\/no\/produkt\/viafriction-vinter\/","title":{"rendered":"ViaFriction Vinter"},"content":{"rendered":"\t\t<div data-elementor-type=\"product-post\" data-elementor-id=\"7490\" class=\"elementor elementor-7490 elementor-6738\" data-elementor-post-type=\"product\">\n\t\t\t\t\t\t<section class=\"elementor-section elementor-top-section elementor-element elementor-element-12d89e3b elementor-section-boxed elementor-section-height-default elementor-section-height-default qodef-elementor-content-no\" data-id=\"12d89e3b\" data-element_type=\"section\" data-e-type=\"section\">\n\t\t\t\t\t\t<div class=\"elementor-container elementor-column-gap-default\">\n\t\t\t\t\t<div class=\"elementor-column elementor-col-100 elementor-top-column elementor-element elementor-element-5029e7f1\" data-id=\"5029e7f1\" data-element_type=\"column\" data-e-type=\"column\">\n\t\t\t<div class=\"elementor-widget-wrap elementor-element-populated\">\n\t\t\t\t\t\t<div class=\"elementor-element elementor-element-541966fb elementor-widget elementor-widget-text-editor\" data-id=\"541966fb\" data-element_type=\"widget\" data-e-type=\"widget\" data-widget_type=\"text-editor.default\">\n\t\t\t\t<div class=\"elementor-widget-container\">\n\t\t\t\t\t\t\t\t\t<div><h3>Generelt<\/h3><p>ViaFriction Vinter er en friksjonsm\u00e5ler med ett hjul som trekkes av et kj\u00f8ret\u00f8y. Den betegnes som en CFME (Continuous Friction Measuring Equipment). Hovedoppgaven er \u00e5 m\u00e5le friksjonen p\u00e5 vegdekket under vinterforhold. Friksjonen mellom m\u00e5lehjulet og underlaget m\u00e5les kontinuerlig, mens en unik m\u00e5leteknologi, utviklet og patentert av ViaTech, s\u00f8rger for at dataene er stabile og p\u00e5litelige, selv under ustabile forhold. Dette reduserer behovet for kalibrering betydelig.    <\/p><p>Vinterm\u00e5linger vil utsette enheten for lave temperaturer, salt, grus osv. ViaFriction er konstruert av materialer og komponenter av h\u00f8yeste kvalitet for \u00e5 sikre optimale resultater, selv i et krevende vintermilj\u00f8. Varmen som ViaFriction produserer under drift, holder enheten fri for is og sn\u00f8.  <\/p><p>Enheten har sv\u00e6rt f\u00e5 bevegelige deler &#8211; noe som gj\u00f8r ViaFriction mindre utsatt for mekaniske feil.<\/p><p>Over 200 ViaFriction-enheter har blitt levert siden 2006, og de fleste av enhetene brukes fortsatt til \u00e5 gj\u00f8re vintervegene trygge. Dette er et bevis p\u00e5 deres holdbarhet. ViaFriction bruker et elektrisk bremsesystem for \u00e5 kunne m\u00e5le friksjonskoeffisienten. Dette systemet fungerer ogs\u00e5 som en varmeenhet, noe som reduserer is og sn\u00f8 som kan legge seg p\u00e5 enheten.   <\/p><p>Gjennom grundige tester har det vist seg at ViaFriction har overlegne egenskaper sammenlignet med andre friksjonstestere p\u00e5 markedet. ViaFriction gir repeterbare m\u00e5linger under ulike forhold og beholder kalibreringen over tid. Kundene v\u00e5re spenner fra universiteter til veimyndigheter og private selskaper over hele verden.  <\/p><p>Enheten kj\u00f8rer fritt bak kj\u00f8ret\u00f8yet under transport. Den kan ogs\u00e5 leveres med en elektrisk l\u00f8fteanordning som l\u00f8fter ViaFriction over veibanen n\u00e5r den ikke er i bruk. Se bildene for en illustrasjon av denne l\u00f8ftemekanismen.  <\/p><p>ViaFriction Winter leveres normalt som tilhengerl\u00f8sning. Enheten f\u00e5r da str\u00f8m fra tilhengertilkoblingen. ViaFriction kommuniserer med datamaskinen i bilen ved hjelp av en tr\u00e5dl\u00f8s forbindelse eller en Ethernet-kabel. Tilhengerl\u00f8sningen gj\u00f8r friksjonsm\u00e5leren uavhengig av et bestemt kj\u00f8ret\u00f8y og krever ingen kj\u00f8ret\u00f8yspesifikk installasjon.   <\/p><\/div>\t\t\t\t\t\t\t\t<\/div>\n\t\t\t\t<\/div>\n\t\t\t\t\t<\/div>\n\t\t<\/div>\n\t\t\t\t\t<\/div>\n\t\t<\/section>\n\t\t<div class=\"elementor-element elementor-element-ee29dd9 e-flex e-con-boxed e-con e-parent\" data-id=\"ee29dd9\" data-element_type=\"container\" data-e-type=\"container\">\n\t\t\t\t\t<div class=\"e-con-inner\">\n\t\t<div class=\"elementor-element elementor-element-dc79f40 e-con-full e-flex e-con e-child\" data-id=\"dc79f40\" data-element_type=\"container\" data-e-type=\"container\">\n\t\t\t\t<div class=\"elementor-element elementor-element-a5b0252 elementor-widget elementor-widget-image\" data-id=\"a5b0252\" data-element_type=\"widget\" data-e-type=\"widget\" data-widget_type=\"image.default\">\n\t\t\t\t<div class=\"elementor-widget-container\">\n\t\t\t\t\t\t\t\t\t\t\t\t\t\t\t<img fetchpriority=\"high\" decoding=\"async\" width=\"798\" height=\"528\" src=\"https:\/\/viatech.no\/wp-content\/uploads\/2023\/04\/ny_Truck-with-2000l-water-tank-yields-60km-measurement-distance.jpg\" class=\"attachment-full size-full wp-image-7314\" alt=\"Lastebil med 2000 liter vanntank gir 60 km m\u00e5ledistanse\" srcset=\"https:\/\/viatech.no\/wp-content\/uploads\/2023\/04\/ny_Truck-with-2000l-water-tank-yields-60km-measurement-distance.jpg 798w, https:\/\/viatech.no\/wp-content\/uploads\/2023\/04\/ny_Truck-with-2000l-water-tank-yields-60km-measurement-distance-300x198.jpg 300w, https:\/\/viatech.no\/wp-content\/uploads\/2023\/04\/ny_Truck-with-2000l-water-tank-yields-60km-measurement-distance-768x508.jpg 768w, https:\/\/viatech.no\/wp-content\/uploads\/2023\/04\/ny_Truck-with-2000l-water-tank-yields-60km-measurement-distance-600x397.jpg 600w\" sizes=\"(max-width: 798px) 100vw, 798px\" \/>\t\t\t\t\t\t\t\t\t\t\t\t\t\t\t<\/div>\n\t\t\t\t<\/div>\n\t\t\t\t<div class=\"elementor-element elementor-element-ca14bf6 elementor-widget elementor-widget-text-editor\" data-id=\"ca14bf6\" data-element_type=\"widget\" data-e-type=\"widget\" data-widget_type=\"text-editor.default\">\n\t\t\t\t<div class=\"elementor-widget-container\">\n\t\t\t\t\t\t\t\t\t<p>Standard vinterutstyr<\/p>\t\t\t\t\t\t\t\t<\/div>\n\t\t\t\t<\/div>\n\t\t\t\t<\/div>\n\t\t<div class=\"elementor-element elementor-element-cd19574 e-con-full e-flex e-con e-child\" data-id=\"cd19574\" data-element_type=\"container\" data-e-type=\"container\">\n\t\t\t\t<\/div>\n\t\t\t\t\t<\/div>\n\t\t\t\t<\/div>\n\t\t\t\t<section class=\"elementor-section elementor-top-section elementor-element elementor-element-fcd2226 elementor-section-boxed elementor-section-height-default elementor-section-height-default qodef-elementor-content-no\" data-id=\"fcd2226\" data-element_type=\"section\" data-e-type=\"section\">\n\t\t\t\t\t\t<div class=\"elementor-container elementor-column-gap-default\">\n\t\t\t\t\t<div class=\"elementor-column elementor-col-100 elementor-top-column elementor-element elementor-element-d529cb0\" data-id=\"d529cb0\" data-element_type=\"column\" data-e-type=\"column\">\n\t\t\t<div class=\"elementor-widget-wrap elementor-element-populated\">\n\t\t\t\t\t\t<div class=\"elementor-element elementor-element-2330fc1 elementor-widget elementor-widget-text-editor\" data-id=\"2330fc1\" data-element_type=\"widget\" data-e-type=\"widget\" data-widget_type=\"text-editor.default\">\n\t\t\t\t<div class=\"elementor-widget-container\">\n\t\t\t\t\t\t\t\t\t<h4>Teknologi<\/h4><p>Den m\u00e5lte friksjonen og friksjonskraften avhenger av normalkraften p\u00e5 m\u00e5lehjulet og hastighetsforskjellen mellom m\u00e5lehjulet og kj\u00f8ret\u00f8yet. For \u00e5 oppn\u00e5 n\u00f8yaktige m\u00e5linger er det viktig \u00e5 ha en n\u00f8yaktig kontroll av hastigheten og en god m\u00e5ling av normalkraften. <\/p><p>De fleste friksjonstestere som finnes p\u00e5 markedet i dag, har en fast hastighetsforskjell mellom m\u00e5lehjulet og kj\u00f8ret\u00f8yet. ViaFriction bruker en elektrisk brems for \u00e5 kontrollere hastigheten p\u00e5 m\u00e5lehjulet. Bremsen styres av en datamaskin. Denne l\u00f8sningen gir et kontrollsystem med ekstremt lav responstid og n\u00f8yaktig kontroll av hastigheten p\u00e5 m\u00e5lehjulet. Det gir ogs\u00e5 mulighet for m\u00e5lemoduser som ikke er mulig for enheter p\u00e5 markedet i dag. Dette inkluderer den viktige overv\u00e5kingsmodusen, som kan finne omr\u00e5der med lav friksjon uten \u00e5 m\u00e5tte bremse hjulet hele tiden. Dette reduserer slitasjen p\u00e5 hjulene og systemet betydelig.      <\/p><p>Et avansert fj\u00e6ringssystem s\u00f8rger for at m\u00e5lhjulet har godt grep p\u00e5 vegbanen, selv p\u00e5 ujevne veger.<\/p><h3> <\/h3><h4>Vinterm\u00e5ling<\/h4><p>Vinterm\u00e5linger vil utsette enheten for lave temperaturer, salt, grus osv. ViaFriction er konstruert av materialer og komponenter av h\u00f8yeste kvalitet for \u00e5 sikre optimale resultater, selv i et ubarmhjertig vintermilj\u00f8. Varmen som ViaFriction produserer under drift, holder enheten fri for is og sn\u00f8.  <\/p><p>Drift om vinteren krever ikke vanningssystemet som er forklart ovenfor. Enheten kan derfor leveres som en ren vinterversjon, uten dette systemet. Den lille vintertraileren er godkjent av norske vegmyndigheter. Vinterm\u00e5ler kan ogs\u00e5 leveres som 2-spors m\u00e5ler, men da p\u00e5 en litt st\u00f8rre tilhenger.  <\/p><h3> <\/h3><h3>M\u00e5lemodus<\/h3><p>ViaFriction st\u00f8tter flere m\u00e5ter \u00e5 m\u00e5le friksjonen p\u00e5. Det kan v\u00e6re fast slipp, overv\u00e5king eller auto-overv\u00e5king.<\/p><h4>Fast slipp<\/h4><p>Fast slipp er n\u00e5r den m\u00e5lte hjulhastigheten er en prosentandel av kj\u00f8ret\u00f8yets hastighet. Dette er identisk med m\u00e5lemodusene som brukes av de fleste friksjonstestere. For \u00e5 oppn\u00e5 repeterbare resultater i fast sluring, m\u00e5 m\u00e5lingen utf\u00f8res i en fast hastighet. Den m\u00e5lte friksjonen varierer med hastighetsforskjellen mellom m\u00e5lehjulet og kj\u00f8ret\u00f8yet.   <\/p><h4>Overv\u00e5king<\/h4><p>Overv\u00e5kingsmodusen er en variant av faste slipp der den faktiske friksjonsm\u00e5lingen ikke finner sted med mindre friksjonsniv\u00e5et er under en gitt verdi. Overv\u00e5kingsmodusen reduserer slitasjen p\u00e5 dekk og utstyr betraktelig.<br><br>Auto-Overv\u00e5king<br>Auto-overv\u00e5king er en variant av overv\u00e5kingsmodus. Forskjellen er at systemet selv sjekker om man bytter veg eller kj\u00f8reretning, og starter og stopper m\u00e5linger automatisk. <\/p><h4>Brukergrensesnitt<\/h4><p>F\u00f8reren betjener ViaFriction friksjonstesteren ved hjelp av et Windows PC-program p\u00e5 en lap-top. I tillegg til det vanlige PC-grensesnittet kan programmet betjenes ved hjelp av et lite knappepanel som er montert i n\u00e6rheten av rattet. M\u00e5lingene kan overf\u00f8res via mobilt bredb\u00e5nd fra kj\u00f8ret\u00f8yet til beslutningstakerne i sanntid til ViaWEB. Disse m\u00e5lingene kan deretter analyseres ved hjelp av ViaPlot+ eller Microsoft Excel. Registrering av friksjonsm\u00e5linger kombineres ofte med <a href=\"https:\/\/www.viatech.no\/products.aspx?lang=en&amp;id=4\">ViaPhoto<\/a> for dokumentasjon av veistandarden og utf\u00f8rt vedlikeholdsarbeid.    <\/p><h4>Tekniske spesifikasjoner<\/h4><table><tbody><tr><th>Fysiske dimensjoner<\/th><th> <\/th><\/tr><tr><td>M\u00e5l (med vintertilhenger)<\/td><td>H\u00f8yde: 830 mm, lengde: 2030 mm, bredde: 1790 mm (32,7, 79,9, 70,5 tommer)<\/td><\/tr><tr><td><span style=\"background-color: #ffffff;\">Dimensjoner (kun friksjonsm\u00e5ler)<\/span><\/td><td><span style=\"background-color: #ffffff;\">H\u00f8yde: 830 mm, lengde: 1150 mm, bredde: 405 mm (32,7, 45,3, 15,9 tommer)<\/span><\/td><\/tr><tr><td><span style=\"background-color: #ffffff;\">Vekt (med vintertilhenger)<\/span><\/td><td><span style=\"background-color: #ffffff;\">180 kg (397 lbs)<\/span><\/td><\/tr><tr><td><span style=\"background-color: #ffffff;\">Vekt (kun friksjonsm\u00e5ler)<\/span><\/td><td><span style=\"background-color: #ffffff;\">80 kg (132 lbs)<\/span><\/td><\/tr><tr><td> <\/td><td> <\/td><\/tr><tr><td><span style=\"font-weight: bold; background-color: #ffffff;\">M\u00e5lehastigheter<\/span><\/td><td> <\/td><\/tr><tr><th><span style=\"font-weight: 400; background-color: #ffffff;\">M\u00e5lehastighet:<\/span><\/th><th><span style=\"font-weight: 400; background-color: #ffffff;\">20 &#8211; 95 km\/t (12 &#8211; 60 mph)<\/span><\/th><\/tr><tr><td> <\/td><td> <\/td><\/tr><\/tbody><\/table><p><strong><span style=\"background-color: #ffffff; color: #7a7a7a; font-family: Roboto, sans-serif; font-size: 19px;\">Fast Slipp<\/span><\/strong><\/p><p>Slipp-prosenten kan settes til en hvilken som helst prosentandel fra 1 % til 75 %. Vanligvis er prosenten under m\u00e5linger 20 % for en vinterm\u00e5ler. <\/p>\t\t\t\t\t\t\t\t<\/div>\n\t\t\t\t<\/div>\n\t\t\t\t\t<\/div>\n\t\t<\/div>\n\t\t\t\t\t<\/div>\n\t\t<\/section>\n\t\t\t\t<\/div>\n\t\t","protected":false},"excerpt":{"rendered":"<p>ViaFriction Vinter brukes til \u00e5 m\u00e5le friksjonsniv\u00e5et p\u00e5 veg og rullebane under vinterforhold<\/p>\n","protected":false},"featured_media":7314,"template":"","meta":[],"product_brand":[],"product_cat":[152,159],"product_tag":[],"class_list":{"0":"post-7490","1":"product","2":"type-product","3":"status-publish","4":"has-post-thumbnail","6":"product_cat-maling-av-friksjon","7":"product_cat-viafriction-no","9":"first","10":"instock","11":"shipping-taxable","12":"product-type-simple"},"yoast_head":"<!-- This site is optimized with the Yoast SEO plugin v26.6 - https:\/\/yoast.com\/wordpress\/plugins\/seo\/ -->\n<title>ViaFriction Vinter - Viatech<\/title>\n<meta name=\"description\" content=\"ViaFriction brukes til \u00e5 m\u00e5le friksjonsniv\u00e5et p\u00e5 veg og rullebane. Hovedoppgaven er \u00e5 m\u00e5le friksjonen i vegdekket.\" \/>\n<meta name=\"robots\" content=\"index, follow, max-snippet:-1, max-image-preview:large, max-video-preview:-1\" \/>\n<link rel=\"canonical\" href=\"https:\/\/viatech.no\/no\/produkt\/viafriction-vinter\/\" \/>\n<meta property=\"og:locale\" content=\"nb_NO\" \/>\n<meta property=\"og:type\" content=\"article\" \/>\n<meta property=\"og:title\" content=\"ViaFriction Vinter - Viatech\" \/>\n<meta property=\"og:description\" content=\"ViaFriction brukes til \u00e5 m\u00e5le friksjonsniv\u00e5et p\u00e5 veg og rullebane. Hovedoppgaven er \u00e5 m\u00e5le friksjonen i vegdekket.\" \/>\n<meta property=\"og:url\" content=\"https:\/\/viatech.no\/no\/produkt\/viafriction-vinter\/\" \/>\n<meta property=\"og:site_name\" content=\"Viatech\" \/>\n<meta property=\"article:modified_time\" content=\"2025-09-01T10:28:07+00:00\" \/>\n<meta property=\"og:image\" content=\"https:\/\/viatech.no\/wp-content\/uploads\/2023\/04\/ny_Truck-with-2000l-water-tank-yields-60km-measurement-distance.jpg\" \/>\n\t<meta property=\"og:image:width\" content=\"798\" \/>\n\t<meta property=\"og:image:height\" content=\"528\" \/>\n\t<meta property=\"og:image:type\" content=\"image\/jpeg\" \/>\n<meta name=\"twitter:card\" content=\"summary_large_image\" \/>\n<meta name=\"twitter:label1\" content=\"Ansl. lesetid\" \/>\n\t<meta name=\"twitter:data1\" content=\"4 minutter\" \/>\n<script type=\"application\/ld+json\" class=\"yoast-schema-graph\">{\"@context\":\"https:\/\/schema.org\",\"@graph\":[{\"@type\":\"WebPage\",\"@id\":\"https:\/\/viatech.no\/no\/produkt\/viafriction-vinter\/\",\"url\":\"https:\/\/viatech.no\/no\/produkt\/viafriction-vinter\/\",\"name\":\"ViaFriction Vinter - Viatech\",\"isPartOf\":{\"@id\":\"https:\/\/viatech.no\/no\/#website\"},\"primaryImageOfPage\":{\"@id\":\"https:\/\/viatech.no\/no\/produkt\/viafriction-vinter\/#primaryimage\"},\"image\":{\"@id\":\"https:\/\/viatech.no\/no\/produkt\/viafriction-vinter\/#primaryimage\"},\"thumbnailUrl\":\"https:\/\/viatech.no\/wp-content\/uploads\/2023\/04\/ny_Truck-with-2000l-water-tank-yields-60km-measurement-distance.jpg\",\"datePublished\":\"2024-02-08T16:04:56+00:00\",\"dateModified\":\"2025-09-01T10:28:07+00:00\",\"description\":\"ViaFriction brukes til \u00e5 m\u00e5le friksjonsniv\u00e5et p\u00e5 veg og rullebane. Hovedoppgaven er \u00e5 m\u00e5le friksjonen i vegdekket.\",\"breadcrumb\":{\"@id\":\"https:\/\/viatech.no\/no\/produkt\/viafriction-vinter\/#breadcrumb\"},\"inLanguage\":\"nb-NO\",\"potentialAction\":[{\"@type\":\"ReadAction\",\"target\":[\"https:\/\/viatech.no\/no\/produkt\/viafriction-vinter\/\"]}]},{\"@type\":\"ImageObject\",\"inLanguage\":\"nb-NO\",\"@id\":\"https:\/\/viatech.no\/no\/produkt\/viafriction-vinter\/#primaryimage\",\"url\":\"https:\/\/viatech.no\/wp-content\/uploads\/2023\/04\/ny_Truck-with-2000l-water-tank-yields-60km-measurement-distance.jpg\",\"contentUrl\":\"https:\/\/viatech.no\/wp-content\/uploads\/2023\/04\/ny_Truck-with-2000l-water-tank-yields-60km-measurement-distance.jpg\",\"width\":798,\"height\":528,\"caption\":\"Lastebil med 2000 liter vanntank gir 60 km m\u00e5ledistanse\"},{\"@type\":\"BreadcrumbList\",\"@id\":\"https:\/\/viatech.no\/no\/produkt\/viafriction-vinter\/#breadcrumb\",\"itemListElement\":[{\"@type\":\"ListItem\",\"position\":1,\"name\":\"Home\",\"item\":\"https:\/\/viatech.no\/no\/\"},{\"@type\":\"ListItem\",\"position\":2,\"name\":\"V\u00e5re produkter\",\"item\":\"https:\/\/viatech.no\/no\/shop\/\"},{\"@type\":\"ListItem\",\"position\":3,\"name\":\"ViaFriction Vinter\"}]},{\"@type\":\"WebSite\",\"@id\":\"https:\/\/viatech.no\/no\/#website\",\"url\":\"https:\/\/viatech.no\/no\/\",\"name\":\"Viatech\",\"description\":\"Safety and sustainability\",\"publisher\":{\"@id\":\"https:\/\/viatech.no\/no\/#organization\"},\"potentialAction\":[{\"@type\":\"SearchAction\",\"target\":{\"@type\":\"EntryPoint\",\"urlTemplate\":\"https:\/\/viatech.no\/no\/?s={search_term_string}\"},\"query-input\":{\"@type\":\"PropertyValueSpecification\",\"valueRequired\":true,\"valueName\":\"search_term_string\"}}],\"inLanguage\":\"nb-NO\"},{\"@type\":\"Organization\",\"@id\":\"https:\/\/viatech.no\/no\/#organization\",\"name\":\"Viatech\",\"url\":\"https:\/\/viatech.no\/no\/\",\"logo\":{\"@type\":\"ImageObject\",\"inLanguage\":\"nb-NO\",\"@id\":\"https:\/\/viatech.no\/no\/#\/schema\/logo\/image\/\",\"url\":\"https:\/\/viatech.no\/wp-content\/uploads\/2023\/04\/cropped-viatech_stor-logo.jpg\",\"contentUrl\":\"https:\/\/viatech.no\/wp-content\/uploads\/2023\/04\/cropped-viatech_stor-logo.jpg\",\"width\":1379,\"height\":479,\"caption\":\"Viatech\"},\"image\":{\"@id\":\"https:\/\/viatech.no\/no\/#\/schema\/logo\/image\/\"}}]}<\/script>\n<!-- \/ Yoast SEO plugin. -->","yoast_head_json":{"title":"ViaFriction Vinter - Viatech","description":"ViaFriction brukes til \u00e5 m\u00e5le friksjonsniv\u00e5et p\u00e5 veg og rullebane. Hovedoppgaven er \u00e5 m\u00e5le friksjonen i vegdekket.","robots":{"index":"index","follow":"follow","max-snippet":"max-snippet:-1","max-image-preview":"max-image-preview:large","max-video-preview":"max-video-preview:-1"},"canonical":"https:\/\/viatech.no\/no\/produkt\/viafriction-vinter\/","og_locale":"nb_NO","og_type":"article","og_title":"ViaFriction Vinter - Viatech","og_description":"ViaFriction brukes til \u00e5 m\u00e5le friksjonsniv\u00e5et p\u00e5 veg og rullebane. Hovedoppgaven er \u00e5 m\u00e5le friksjonen i vegdekket.","og_url":"https:\/\/viatech.no\/no\/produkt\/viafriction-vinter\/","og_site_name":"Viatech","article_modified_time":"2025-09-01T10:28:07+00:00","og_image":[{"width":798,"height":528,"url":"https:\/\/viatech.no\/wp-content\/uploads\/2023\/04\/ny_Truck-with-2000l-water-tank-yields-60km-measurement-distance.jpg","type":"image\/jpeg"}],"twitter_card":"summary_large_image","twitter_misc":{"Ansl. lesetid":"4 minutter"},"schema":{"@context":"https:\/\/schema.org","@graph":[{"@type":"WebPage","@id":"https:\/\/viatech.no\/no\/produkt\/viafriction-vinter\/","url":"https:\/\/viatech.no\/no\/produkt\/viafriction-vinter\/","name":"ViaFriction Vinter - Viatech","isPartOf":{"@id":"https:\/\/viatech.no\/no\/#website"},"primaryImageOfPage":{"@id":"https:\/\/viatech.no\/no\/produkt\/viafriction-vinter\/#primaryimage"},"image":{"@id":"https:\/\/viatech.no\/no\/produkt\/viafriction-vinter\/#primaryimage"},"thumbnailUrl":"https:\/\/viatech.no\/wp-content\/uploads\/2023\/04\/ny_Truck-with-2000l-water-tank-yields-60km-measurement-distance.jpg","datePublished":"2024-02-08T16:04:56+00:00","dateModified":"2025-09-01T10:28:07+00:00","description":"ViaFriction brukes til \u00e5 m\u00e5le friksjonsniv\u00e5et p\u00e5 veg og rullebane. Hovedoppgaven er \u00e5 m\u00e5le friksjonen i vegdekket.","breadcrumb":{"@id":"https:\/\/viatech.no\/no\/produkt\/viafriction-vinter\/#breadcrumb"},"inLanguage":"nb-NO","potentialAction":[{"@type":"ReadAction","target":["https:\/\/viatech.no\/no\/produkt\/viafriction-vinter\/"]}]},{"@type":"ImageObject","inLanguage":"nb-NO","@id":"https:\/\/viatech.no\/no\/produkt\/viafriction-vinter\/#primaryimage","url":"https:\/\/viatech.no\/wp-content\/uploads\/2023\/04\/ny_Truck-with-2000l-water-tank-yields-60km-measurement-distance.jpg","contentUrl":"https:\/\/viatech.no\/wp-content\/uploads\/2023\/04\/ny_Truck-with-2000l-water-tank-yields-60km-measurement-distance.jpg","width":798,"height":528,"caption":"Lastebil med 2000 liter vanntank gir 60 km m\u00e5ledistanse"},{"@type":"BreadcrumbList","@id":"https:\/\/viatech.no\/no\/produkt\/viafriction-vinter\/#breadcrumb","itemListElement":[{"@type":"ListItem","position":1,"name":"Home","item":"https:\/\/viatech.no\/no\/"},{"@type":"ListItem","position":2,"name":"V\u00e5re produkter","item":"https:\/\/viatech.no\/no\/shop\/"},{"@type":"ListItem","position":3,"name":"ViaFriction Vinter"}]},{"@type":"WebSite","@id":"https:\/\/viatech.no\/no\/#website","url":"https:\/\/viatech.no\/no\/","name":"Viatech","description":"Safety and sustainability","publisher":{"@id":"https:\/\/viatech.no\/no\/#organization"},"potentialAction":[{"@type":"SearchAction","target":{"@type":"EntryPoint","urlTemplate":"https:\/\/viatech.no\/no\/?s={search_term_string}"},"query-input":{"@type":"PropertyValueSpecification","valueRequired":true,"valueName":"search_term_string"}}],"inLanguage":"nb-NO"},{"@type":"Organization","@id":"https:\/\/viatech.no\/no\/#organization","name":"Viatech","url":"https:\/\/viatech.no\/no\/","logo":{"@type":"ImageObject","inLanguage":"nb-NO","@id":"https:\/\/viatech.no\/no\/#\/schema\/logo\/image\/","url":"https:\/\/viatech.no\/wp-content\/uploads\/2023\/04\/cropped-viatech_stor-logo.jpg","contentUrl":"https:\/\/viatech.no\/wp-content\/uploads\/2023\/04\/cropped-viatech_stor-logo.jpg","width":1379,"height":479,"caption":"Viatech"},"image":{"@id":"https:\/\/viatech.no\/no\/#\/schema\/logo\/image\/"}}]}},"_links":{"self":[{"href":"https:\/\/viatech.no\/no\/wp-json\/wp\/v2\/product\/7490","targetHints":{"allow":["GET"]}}],"collection":[{"href":"https:\/\/viatech.no\/no\/wp-json\/wp\/v2\/product"}],"about":[{"href":"https:\/\/viatech.no\/no\/wp-json\/wp\/v2\/types\/product"}],"version-history":[{"count":8,"href":"https:\/\/viatech.no\/no\/wp-json\/wp\/v2\/product\/7490\/revisions"}],"predecessor-version":[{"id":7834,"href":"https:\/\/viatech.no\/no\/wp-json\/wp\/v2\/product\/7490\/revisions\/7834"}],"wp:featuredmedia":[{"embeddable":true,"href":"https:\/\/viatech.no\/no\/wp-json\/wp\/v2\/media\/7314"}],"wp:attachment":[{"href":"https:\/\/viatech.no\/no\/wp-json\/wp\/v2\/media?parent=7490"}],"wp:term":[{"taxonomy":"product_brand","embeddable":true,"href":"https:\/\/viatech.no\/no\/wp-json\/wp\/v2\/product_brand?post=7490"},{"taxonomy":"product_cat","embeddable":true,"href":"https:\/\/viatech.no\/no\/wp-json\/wp\/v2\/product_cat?post=7490"},{"taxonomy":"product_tag","embeddable":true,"href":"https:\/\/viatech.no\/no\/wp-json\/wp\/v2\/product_tag?post=7490"}],"curies":[{"name":"wp","href":"https:\/\/api.w.org\/{rel}","templated":true}]}}