{"id":7496,"date":"2023-04-22T15:49:33","date_gmt":"2023-04-22T15:49:33","guid":{"rendered":"https:\/\/viatech.no\/product\/viaphoto-360\/"},"modified":"2025-05-03T14:12:25","modified_gmt":"2025-05-03T14:12:25","slug":"viaphoto-360","status":"publish","type":"product","link":"https:\/\/viatech.no\/no\/produkt\/viaphoto-360\/","title":{"rendered":"ViaPhoto 360"},"content":{"rendered":"\t\t<div data-elementor-type=\"product-post\" data-elementor-id=\"7496\" class=\"elementor elementor-7496 elementor-5832\" data-elementor-post-type=\"product\">\n\t\t\t\t<div class=\"elementor-element elementor-element-26eae60 e-flex e-con-boxed e-con e-parent\" data-id=\"26eae60\" data-element_type=\"container\" data-e-type=\"container\">\n\t\t\t\t\t<div class=\"e-con-inner\">\n\t\t\t\t<div class=\"elementor-element elementor-element-0d69f72 elementor-widget elementor-widget-text-editor\" data-id=\"0d69f72\" data-element_type=\"widget\" data-e-type=\"widget\" data-widget_type=\"text-editor.default\">\n\t\t\t\t<div class=\"elementor-widget-container\">\n\t\t\t\t\t\t\t\t\t<h4>Generelt<\/h4><p>\u00d8nsker du \u00e5 se veikanten p\u00e5 samme m\u00e5te som Google StreetView, men bildene fra Google er enten for gamle, for lav oppl\u00f8sning, for langt fra hverandre, eller s\u00e5 har Google-bilen ikke v\u00e6rt der i det hele tatt?<\/p><p> <\/p><p>ViaTech tilbyr ViaPhoto 360, et toppmoderne bildesystem som tilbyr:<\/p><ul><li>H\u00f8y oppl\u00f8sning, 30 megapiksler per bilde.<\/li><li>Kunden bestemmer selv n\u00e5r bildene skal tas.<\/li><li>Kunden bestemmer selv hvor bildene skal tas.<\/li><\/ul><p>ViaPhoto 360-systemet best\u00e5r av f\u00f8lgende deler:<\/p><ul><li>Et 360\u00b0-kamera med h\u00f8y oppl\u00f8sning<\/li><li>En GNSS (GPS) som angir posisjonen til bildene.<\/li><li>En Windows-PC som brukes til innsamling og presentasjon av bilder.<\/li><\/ul>\t\t\t\t\t\t\t\t<\/div>\n\t\t\t\t<\/div>\n\t\t\t\t\t<\/div>\n\t\t\t\t<\/div>\n\t\t<div class=\"elementor-element elementor-element-f334509 e-flex e-con-boxed e-con e-parent\" data-id=\"f334509\" data-element_type=\"container\" data-e-type=\"container\">\n\t\t\t\t\t<div class=\"e-con-inner\">\n\t\t\t\t<div class=\"elementor-element elementor-element-7a73112 elementor-widget elementor-widget-image\" data-id=\"7a73112\" data-element_type=\"widget\" data-e-type=\"widget\" data-widget_type=\"image.default\">\n\t\t\t\t<div class=\"elementor-widget-container\">\n\t\t\t\t\t\t\t\t\t\t\t\t\t\t\t<img fetchpriority=\"high\" decoding=\"async\" width=\"400\" height=\"266\" src=\"https:\/\/viatech.no\/wp-content\/uploads\/2023\/04\/viaphoto360.png\" class=\"attachment-large size-large wp-image-7318\" alt=\"\" srcset=\"https:\/\/viatech.no\/wp-content\/uploads\/2023\/04\/viaphoto360.png 400w, https:\/\/viatech.no\/wp-content\/uploads\/2023\/04\/viaphoto360-300x200.png 300w\" sizes=\"(max-width: 400px) 100vw, 400px\" \/>\t\t\t\t\t\t\t\t\t\t\t\t\t\t\t<\/div>\n\t\t\t\t<\/div>\n\t\t\t\t\t<\/div>\n\t\t\t\t<\/div>\n\t\t<div class=\"elementor-element elementor-element-c7735c3 e-flex e-con-boxed e-con e-parent\" data-id=\"c7735c3\" data-element_type=\"container\" data-e-type=\"container\">\n\t\t\t\t\t<div class=\"e-con-inner\">\n\t\t\t\t<div class=\"elementor-element elementor-element-3ab80de elementor-widget elementor-widget-text-editor\" data-id=\"3ab80de\" data-element_type=\"widget\" data-e-type=\"widget\" data-widget_type=\"text-editor.default\">\n\t\t\t\t<div class=\"elementor-widget-container\">\n\t\t\t\t\t\t\t\t\t<div class=\"column_1\"><h4>Montering av kameraet<\/h4><p>Det sf\u00e6riske kameraet som brukes til ViaPhoto 360, kan monteres sammen med ViaTechs <a href=\"https:\/\/www.viatech.no\/products.aspx?lang=en&amp;id=6\">ViaPPS-system<\/a>. Kameraet kan ogs\u00e5 monteres midlertidig p\u00e5 toppen av en bil. <\/p><p>ViaPhoto 360 kan utvides ved hjelp av f\u00f8lgende:<\/p><ul><li>Et n\u00f8yaktig GNSS og en intertiell plattform kan finne den n\u00f8yaktige posisjonen til bildene.<\/li><li>Kilometerteller som m\u00e5ler kj\u00f8ret\u00f8yets bevegelse (ekstrautstyr). Dette forbedrer posisjonen n\u00e5r GNSS-satellittdekningen er d\u00e5rlig. <\/li><li>Ved \u00e5 kombinere ViaPhoto360 med et LiDAR-system kan brukeren m\u00e5le objekter med millimeteroppl\u00f8sning.<\/li><\/ul><h4>Visning av bilder<\/h4><p>Bildene fra kamerasystemet kan vises av en rekke ulike seere. ViaTech tilbyr en nettbasert l\u00f8sning som er enkel \u00e5 bruke. ViaPhoto 360 Viewer har f\u00f8lgende funksjoner:  <\/p><ul><li>Gj\u00f8r det mulig for brukeren \u00e5 se i alle retninger.<\/li><li>Viser bildene i et kart.<\/li><li>Navigering ved \u00e5 g\u00e5 til neste eller forrige bilde.<\/li><li>Navigering ved \u00e5 velge posisjon i kartet.<\/li><li>Fremviseren er lagret hos kunden.<\/li><li>Det er ingen begrensninger p\u00e5 antall samtidige brukere.<\/li><\/ul><h4>Tredjeparts seere<\/h4><p>Det finnes en rekke visningsprogrammer som kan vise standard bildefiler tatt av ViaPhoto 360. Tilleggsfunksjonene som kan tilbys inkluderer: <\/p><ul><li>Bruke data fra GNSS og treghetsplattformen til \u00e5 utf\u00f8re m\u00e5linger i bildet.<\/li><li>Kombinasjon av bilder og LiDAR-m\u00e5linger, noe som muliggj\u00f8r n\u00f8yaktige m\u00e5linger i bildet.<\/li><li>Kombinasjon av bilder, m\u00e5linger og objektdatabase for \u00e5 f\u00e5 et inventarsystem.<\/li><\/ul><h4>Tekniske spesifikasjoner<\/h4><table><tbody><tr><th>Generelt<\/th><th> <\/th><\/tr><tr><td>Bildeoppl\u00f8sning<\/td><td>30 megapiksler<\/td><\/tr><tr><td>Bildefrekvens<\/td><td>10 bilder\/sekund<\/td><\/tr><tr><td>Fokal avstand<\/td><td>2 m &#8211; \u221e<\/td><\/tr><tr><td>Grensesnitt for kamera<\/td><td>USB 3.0<\/td><\/tr><tr><td>Kamerastr\u00f8m<\/td><td>12-24 V 13 W<\/td><\/tr><tr><th>Milj\u00f8<\/th><th> <\/th><\/tr><tr><td>Driftstemperatur<\/td><td>0 \u00b0C &#8211; 45 \u00b0C<\/td><\/tr><tr><td>Luftfuktighet ved drift<\/td><td>20% &#8211; 80%<\/td><\/tr><tr><td>Lagringstemperatur<\/td><td>-30 \u00b0C &#8211; 60 \u00b0C<\/td><\/tr><tr><td>Fuktighet ved lagring<\/td><td>20% &#8211; 95%<\/td><\/tr><\/tbody><\/table><\/div>\t\t\t\t\t\t\t\t<\/div>\n\t\t\t\t<\/div>\n\t\t\t\t\t<\/div>\n\t\t\t\t<\/div>\n\t\t\t\t<\/div>\n\t\t","protected":false},"excerpt":{"rendered":"<p>Visuell dokumentasjon av tilstanden i 360 grader. \u00d8nsker du \u00e5 se veikanten p\u00e5 samme m\u00e5te som Google StreetView, men bildene fra Google er enten for gamle, for lav oppl\u00f8sning, for langt fra hverandre, eller s\u00e5 har Google-bilen ikke v\u00e6rt der i det hele tatt? <\/p>\n","protected":false},"featured_media":7247,"template":"","meta":[],"product_brand":[],"product_cat":[161],"product_tag":[],"class_list":{"0":"post-7496","1":"product","2":"type-product","3":"status-publish","4":"has-post-thumbnail","6":"product_cat-viaphoto-360-no","8":"first","9":"instock","10":"shipping-taxable","11":"product-type-simple"},"yoast_head":"<!-- This site is optimized with the Yoast SEO plugin v26.6 - https:\/\/yoast.com\/wordpress\/plugins\/seo\/ -->\n<title>ViaPhoto 360 - Viatech<\/title>\n<meta name=\"description\" content=\"Visuell dokumentasjon av tilstanden i 360 grader. ViaTech tilbyr ViaPhoto 360, et toppmoderne bildesystem.\" \/>\n<meta name=\"robots\" content=\"index, follow, max-snippet:-1, max-image-preview:large, max-video-preview:-1\" \/>\n<link rel=\"canonical\" href=\"https:\/\/viatech.no\/no\/produkt\/viaphoto-360\/\" \/>\n<meta property=\"og:locale\" content=\"nb_NO\" \/>\n<meta property=\"og:type\" content=\"article\" \/>\n<meta property=\"og:title\" content=\"ViaPhoto 360 - Viatech\" \/>\n<meta property=\"og:description\" content=\"Visuell dokumentasjon av tilstanden i 360 grader. ViaTech tilbyr ViaPhoto 360, et toppmoderne bildesystem.\" \/>\n<meta property=\"og:url\" content=\"https:\/\/viatech.no\/no\/produkt\/viaphoto-360\/\" \/>\n<meta property=\"og:site_name\" content=\"Viatech\" \/>\n<meta property=\"article:modified_time\" content=\"2025-05-03T14:12:25+00:00\" \/>\n<meta property=\"og:image\" content=\"https:\/\/viatech.no\/wp-content\/uploads\/2023\/04\/ViaPhoto360-Viatech.jpg\" \/>\n\t<meta property=\"og:image:width\" content=\"700\" \/>\n\t<meta property=\"og:image:height\" content=\"600\" \/>\n\t<meta property=\"og:image:type\" content=\"image\/jpeg\" \/>\n<meta name=\"twitter:card\" content=\"summary_large_image\" \/>\n<meta name=\"twitter:label1\" content=\"Ansl. lesetid\" \/>\n\t<meta name=\"twitter:data1\" content=\"2 minutter\" \/>\n<script type=\"application\/ld+json\" class=\"yoast-schema-graph\">{\"@context\":\"https:\/\/schema.org\",\"@graph\":[{\"@type\":\"WebPage\",\"@id\":\"https:\/\/viatech.no\/no\/produkt\/viaphoto-360\/\",\"url\":\"https:\/\/viatech.no\/no\/produkt\/viaphoto-360\/\",\"name\":\"ViaPhoto 360 - Viatech\",\"isPartOf\":{\"@id\":\"https:\/\/viatech.no\/no\/#website\"},\"primaryImageOfPage\":{\"@id\":\"https:\/\/viatech.no\/no\/produkt\/viaphoto-360\/#primaryimage\"},\"image\":{\"@id\":\"https:\/\/viatech.no\/no\/produkt\/viaphoto-360\/#primaryimage\"},\"thumbnailUrl\":\"https:\/\/viatech.no\/wp-content\/uploads\/2023\/04\/ViaPhoto360-Viatech.jpg\",\"datePublished\":\"2023-04-22T15:49:33+00:00\",\"dateModified\":\"2025-05-03T14:12:25+00:00\",\"description\":\"Visuell dokumentasjon av tilstanden i 360 grader. ViaTech tilbyr ViaPhoto 360, et toppmoderne bildesystem.\",\"breadcrumb\":{\"@id\":\"https:\/\/viatech.no\/no\/produkt\/viaphoto-360\/#breadcrumb\"},\"inLanguage\":\"nb-NO\",\"potentialAction\":[{\"@type\":\"ReadAction\",\"target\":[\"https:\/\/viatech.no\/no\/produkt\/viaphoto-360\/\"]}]},{\"@type\":\"ImageObject\",\"inLanguage\":\"nb-NO\",\"@id\":\"https:\/\/viatech.no\/no\/produkt\/viaphoto-360\/#primaryimage\",\"url\":\"https:\/\/viatech.no\/wp-content\/uploads\/2023\/04\/ViaPhoto360-Viatech.jpg\",\"contentUrl\":\"https:\/\/viatech.no\/wp-content\/uploads\/2023\/04\/ViaPhoto360-Viatech.jpg\",\"width\":700,\"height\":600,\"caption\":\"ViaPhoto360-Viatech\"},{\"@type\":\"BreadcrumbList\",\"@id\":\"https:\/\/viatech.no\/no\/produkt\/viaphoto-360\/#breadcrumb\",\"itemListElement\":[{\"@type\":\"ListItem\",\"position\":1,\"name\":\"Home\",\"item\":\"https:\/\/viatech.no\/no\/\"},{\"@type\":\"ListItem\",\"position\":2,\"name\":\"V\u00e5re produkter\",\"item\":\"https:\/\/viatech.no\/no\/shop\/\"},{\"@type\":\"ListItem\",\"position\":3,\"name\":\"ViaPhoto 360\"}]},{\"@type\":\"WebSite\",\"@id\":\"https:\/\/viatech.no\/no\/#website\",\"url\":\"https:\/\/viatech.no\/no\/\",\"name\":\"Viatech\",\"description\":\"Safety and sustainability\",\"publisher\":{\"@id\":\"https:\/\/viatech.no\/no\/#organization\"},\"potentialAction\":[{\"@type\":\"SearchAction\",\"target\":{\"@type\":\"EntryPoint\",\"urlTemplate\":\"https:\/\/viatech.no\/no\/?s={search_term_string}\"},\"query-input\":{\"@type\":\"PropertyValueSpecification\",\"valueRequired\":true,\"valueName\":\"search_term_string\"}}],\"inLanguage\":\"nb-NO\"},{\"@type\":\"Organization\",\"@id\":\"https:\/\/viatech.no\/no\/#organization\",\"name\":\"Viatech\",\"url\":\"https:\/\/viatech.no\/no\/\",\"logo\":{\"@type\":\"ImageObject\",\"inLanguage\":\"nb-NO\",\"@id\":\"https:\/\/viatech.no\/no\/#\/schema\/logo\/image\/\",\"url\":\"https:\/\/viatech.no\/wp-content\/uploads\/2023\/04\/cropped-viatech_stor-logo.jpg\",\"contentUrl\":\"https:\/\/viatech.no\/wp-content\/uploads\/2023\/04\/cropped-viatech_stor-logo.jpg\",\"width\":1379,\"height\":479,\"caption\":\"Viatech\"},\"image\":{\"@id\":\"https:\/\/viatech.no\/no\/#\/schema\/logo\/image\/\"}}]}<\/script>\n<!-- \/ Yoast SEO plugin. -->","yoast_head_json":{"title":"ViaPhoto 360 - Viatech","description":"Visuell dokumentasjon av tilstanden i 360 grader. ViaTech tilbyr ViaPhoto 360, et toppmoderne bildesystem.","robots":{"index":"index","follow":"follow","max-snippet":"max-snippet:-1","max-image-preview":"max-image-preview:large","max-video-preview":"max-video-preview:-1"},"canonical":"https:\/\/viatech.no\/no\/produkt\/viaphoto-360\/","og_locale":"nb_NO","og_type":"article","og_title":"ViaPhoto 360 - Viatech","og_description":"Visuell dokumentasjon av tilstanden i 360 grader. ViaTech tilbyr ViaPhoto 360, et toppmoderne bildesystem.","og_url":"https:\/\/viatech.no\/no\/produkt\/viaphoto-360\/","og_site_name":"Viatech","article_modified_time":"2025-05-03T14:12:25+00:00","og_image":[{"width":700,"height":600,"url":"https:\/\/viatech.no\/wp-content\/uploads\/2023\/04\/ViaPhoto360-Viatech.jpg","type":"image\/jpeg"}],"twitter_card":"summary_large_image","twitter_misc":{"Ansl. lesetid":"2 minutter"},"schema":{"@context":"https:\/\/schema.org","@graph":[{"@type":"WebPage","@id":"https:\/\/viatech.no\/no\/produkt\/viaphoto-360\/","url":"https:\/\/viatech.no\/no\/produkt\/viaphoto-360\/","name":"ViaPhoto 360 - Viatech","isPartOf":{"@id":"https:\/\/viatech.no\/no\/#website"},"primaryImageOfPage":{"@id":"https:\/\/viatech.no\/no\/produkt\/viaphoto-360\/#primaryimage"},"image":{"@id":"https:\/\/viatech.no\/no\/produkt\/viaphoto-360\/#primaryimage"},"thumbnailUrl":"https:\/\/viatech.no\/wp-content\/uploads\/2023\/04\/ViaPhoto360-Viatech.jpg","datePublished":"2023-04-22T15:49:33+00:00","dateModified":"2025-05-03T14:12:25+00:00","description":"Visuell dokumentasjon av tilstanden i 360 grader. ViaTech tilbyr ViaPhoto 360, et toppmoderne bildesystem.","breadcrumb":{"@id":"https:\/\/viatech.no\/no\/produkt\/viaphoto-360\/#breadcrumb"},"inLanguage":"nb-NO","potentialAction":[{"@type":"ReadAction","target":["https:\/\/viatech.no\/no\/produkt\/viaphoto-360\/"]}]},{"@type":"ImageObject","inLanguage":"nb-NO","@id":"https:\/\/viatech.no\/no\/produkt\/viaphoto-360\/#primaryimage","url":"https:\/\/viatech.no\/wp-content\/uploads\/2023\/04\/ViaPhoto360-Viatech.jpg","contentUrl":"https:\/\/viatech.no\/wp-content\/uploads\/2023\/04\/ViaPhoto360-Viatech.jpg","width":700,"height":600,"caption":"ViaPhoto360-Viatech"},{"@type":"BreadcrumbList","@id":"https:\/\/viatech.no\/no\/produkt\/viaphoto-360\/#breadcrumb","itemListElement":[{"@type":"ListItem","position":1,"name":"Home","item":"https:\/\/viatech.no\/no\/"},{"@type":"ListItem","position":2,"name":"V\u00e5re produkter","item":"https:\/\/viatech.no\/no\/shop\/"},{"@type":"ListItem","position":3,"name":"ViaPhoto 360"}]},{"@type":"WebSite","@id":"https:\/\/viatech.no\/no\/#website","url":"https:\/\/viatech.no\/no\/","name":"Viatech","description":"Safety and sustainability","publisher":{"@id":"https:\/\/viatech.no\/no\/#organization"},"potentialAction":[{"@type":"SearchAction","target":{"@type":"EntryPoint","urlTemplate":"https:\/\/viatech.no\/no\/?s={search_term_string}"},"query-input":{"@type":"PropertyValueSpecification","valueRequired":true,"valueName":"search_term_string"}}],"inLanguage":"nb-NO"},{"@type":"Organization","@id":"https:\/\/viatech.no\/no\/#organization","name":"Viatech","url":"https:\/\/viatech.no\/no\/","logo":{"@type":"ImageObject","inLanguage":"nb-NO","@id":"https:\/\/viatech.no\/no\/#\/schema\/logo\/image\/","url":"https:\/\/viatech.no\/wp-content\/uploads\/2023\/04\/cropped-viatech_stor-logo.jpg","contentUrl":"https:\/\/viatech.no\/wp-content\/uploads\/2023\/04\/cropped-viatech_stor-logo.jpg","width":1379,"height":479,"caption":"Viatech"},"image":{"@id":"https:\/\/viatech.no\/no\/#\/schema\/logo\/image\/"}}]}},"_links":{"self":[{"href":"https:\/\/viatech.no\/no\/wp-json\/wp\/v2\/product\/7496","targetHints":{"allow":["GET"]}}],"collection":[{"href":"https:\/\/viatech.no\/no\/wp-json\/wp\/v2\/product"}],"about":[{"href":"https:\/\/viatech.no\/no\/wp-json\/wp\/v2\/types\/product"}],"version-history":[{"count":2,"href":"https:\/\/viatech.no\/no\/wp-json\/wp\/v2\/product\/7496\/revisions"}],"predecessor-version":[{"id":7504,"href":"https:\/\/viatech.no\/no\/wp-json\/wp\/v2\/product\/7496\/revisions\/7504"}],"wp:featuredmedia":[{"embeddable":true,"href":"https:\/\/viatech.no\/no\/wp-json\/wp\/v2\/media\/7247"}],"wp:attachment":[{"href":"https:\/\/viatech.no\/no\/wp-json\/wp\/v2\/media?parent=7496"}],"wp:term":[{"taxonomy":"product_brand","embeddable":true,"href":"https:\/\/viatech.no\/no\/wp-json\/wp\/v2\/product_brand?post=7496"},{"taxonomy":"product_cat","embeddable":true,"href":"https:\/\/viatech.no\/no\/wp-json\/wp\/v2\/product_cat?post=7496"},{"taxonomy":"product_tag","embeddable":true,"href":"https:\/\/viatech.no\/no\/wp-json\/wp\/v2\/product_tag?post=7496"}],"curies":[{"name":"wp","href":"https:\/\/api.w.org\/{rel}","templated":true}]}}