{"id":7511,"date":"2023-04-22T15:47:59","date_gmt":"2023-04-22T15:47:59","guid":{"rendered":"https:\/\/viatech.no\/product\/viaphoto\/"},"modified":"2025-05-03T14:12:24","modified_gmt":"2025-05-03T14:12:24","slug":"viaphoto","status":"publish","type":"product","link":"https:\/\/viatech.no\/no\/produkt\/viaphoto\/","title":{"rendered":"ViaPhoto"},"content":{"rendered":"\t\t<div data-elementor-type=\"product-post\" data-elementor-id=\"7511\" class=\"elementor elementor-7511 elementor-5830\" data-elementor-post-type=\"product\">\n\t\t\t\t<div class=\"elementor-element elementor-element-3ee1451 e-flex e-con-boxed e-con e-parent\" data-id=\"3ee1451\" data-element_type=\"container\" data-e-type=\"container\">\n\t\t\t\t\t<div class=\"e-con-inner\">\n\t\t\t\t<div class=\"elementor-element elementor-element-aecb241 elementor-widget elementor-widget-text-editor\" data-id=\"aecb241\" data-element_type=\"widget\" data-e-type=\"widget\" data-widget_type=\"text-editor.default\">\n\t\t\t\t<div class=\"elementor-widget-container\">\n\t\t\t\t\t\t\t\t\t<h4>ViaPhoto  <\/h4><p>ViaPhoto kan komme i mange former. ViaPhoto kan v\u00e6re en del av et m\u00e5lesystem fra ViaTech (ViaFriction, ViaPPS, Via3DMapper osv.). ViaPhoto kan ogs\u00e5 v\u00e6re et frittst\u00e5ende system med bare GPS, PC og kamera. Fotosystemet tar gode digitale bilder selv n\u00e5r kj\u00f8ret\u00f8yet er i bevegelse. Informasjon om kj\u00f8ret\u00f8yets posisjon samt klokkeslett og dato kan legges inn \u00f8verst i venstre hj\u00f8rne av bildet. Posisjonsinformasjonen inneholder b\u00e5de GPS-posisjonen og posisjonen langs veien. N\u00e5r ViaPhoto er en del av ViaFriction, kan sensorverdier fra friksjonsm\u00e5leren ogs\u00e5 legges til i bildet. Dette inkluderer parametere som friksjonsverdi, lufttemperatur, luftfuktighet og veitemperatur. N\u00e5r ViaPhoto er en del av ViaPPS eller Via3DMapper, kan bildene brukes til \u00e5 legge til farger i punktskydataene.        <\/p><h4>Funksjoner<\/h4><ul><li>ViaPhoto kan styre opptil 4 kameraer.<\/li><li>ViaPhoto bruker kameraer fra Basler.<\/li><li>Kameraene som st\u00f8ttes, kan v\u00e6re alt fra 5 MPiksler til 44 MPiksler. Flere kameraer fra Baslers store utvalg av kameraer kan enkelt legges til i systemet. <\/li><li>ViaPhoto kan sette sammen bilder fra to kameraer til brede bilder.<\/li><li>ViaPhoto kan bruke tider p\u00e5 mikrosekunder for bilder som st\u00f8tter fargelegging av punktskyer for mobilkartlegging.<\/li><li>ViaPhoto-bildene tas i avstandsintervaller (kj\u00f8ret\u00f8yets bevegelse) eller i tidsintervaller (varigheten mellom hvert bilde). Kamerabildene kan utl\u00f8ses i forskjellige grupper. <\/li><\/ul>\t\t\t\t\t\t\t\t<\/div>\n\t\t\t\t<\/div>\n\t\t\t\t\t<\/div>\n\t\t\t\t<\/div>\n\t\t<div class=\"elementor-element elementor-element-043321d e-flex e-con-boxed e-con e-parent\" data-id=\"043321d\" data-element_type=\"container\" data-e-type=\"container\">\n\t\t\t\t\t<div class=\"e-con-inner\">\n\t\t\t\t<div class=\"elementor-element elementor-element-8a1fd0c elementor-widget elementor-widget-image\" data-id=\"8a1fd0c\" data-element_type=\"widget\" data-e-type=\"widget\" data-widget_type=\"image.default\">\n\t\t\t\t<div class=\"elementor-widget-container\">\n\t\t\t\t\t\t\t\t\t\t\t\t\t\t\t<img fetchpriority=\"high\" decoding=\"async\" width=\"400\" height=\"266\" src=\"https:\/\/viatech.no\/wp-content\/uploads\/2023\/04\/viaphoto_light.png\" class=\"attachment-large size-large wp-image-7317\" alt=\"\" srcset=\"https:\/\/viatech.no\/wp-content\/uploads\/2023\/04\/viaphoto_light.png 400w, https:\/\/viatech.no\/wp-content\/uploads\/2023\/04\/viaphoto_light-300x200.png 300w\" sizes=\"(max-width: 400px) 100vw, 400px\" \/>\t\t\t\t\t\t\t\t\t\t\t\t\t\t\t<\/div>\n\t\t\t\t<\/div>\n\t\t\t\t<div class=\"elementor-element elementor-element-1f12c8b elementor-widget elementor-widget-text-editor\" data-id=\"1f12c8b\" data-element_type=\"widget\" data-e-type=\"widget\" data-widget_type=\"text-editor.default\">\n\t\t\t\t<div class=\"elementor-widget-container\">\n\t\t\t\t\t\t\t\t\t<p>ViaPhoto<\/p>\t\t\t\t\t\t\t\t<\/div>\n\t\t\t\t<\/div>\n\t\t\t\t\t<\/div>\n\t\t\t\t<\/div>\n\t\t\t\t<\/div>\n\t\t","protected":false},"excerpt":{"rendered":"<p>Et fotosystem brukes f\u00f8rst og fremst til \u00e5 dokumentere veiens tilstand. Det vanligste er \u00e5 bruke ViaPhoto sammen med ViaFriction eller ViaPPS. Bildene kan vise skader som ogs\u00e5 registreres av ViaPPS, veiens tilstand ved m\u00e5ling av friksjon eller skilt og kryss.  <\/p>\n<p>&nbsp;<\/p>\n","protected":false},"featured_media":7248,"template":"","meta":[],"product_brand":[],"product_cat":[162,163],"product_tag":[],"class_list":{"0":"post-7511","1":"product","2":"type-product","3":"status-publish","4":"has-post-thumbnail","6":"product_cat-viaphoto-no","7":"product_cat-viaphoto-wide-no","9":"first","10":"instock","11":"shipping-taxable","12":"product-type-simple"},"yoast_head":"<!-- This site is optimized with the Yoast SEO plugin v26.6 - https:\/\/yoast.com\/wordpress\/plugins\/seo\/ -->\n<title>ViaPhoto - Viatech<\/title>\n<meta name=\"description\" content=\"Fotosystemet brukes f\u00f8rst og fremst til \u00e5 dokumentere veiens tilstand. Bildene kan for eksempel vise tegn p\u00e5 skader p\u00e5 veibanen.\" \/>\n<meta name=\"robots\" content=\"index, follow, max-snippet:-1, max-image-preview:large, max-video-preview:-1\" \/>\n<link rel=\"canonical\" href=\"https:\/\/viatech.no\/no\/produkt\/viaphoto\/\" \/>\n<meta property=\"og:locale\" content=\"nb_NO\" \/>\n<meta property=\"og:type\" content=\"article\" \/>\n<meta property=\"og:title\" content=\"ViaPhoto - Viatech\" \/>\n<meta property=\"og:description\" content=\"Fotosystemet brukes f\u00f8rst og fremst til \u00e5 dokumentere veiens tilstand. Bildene kan for eksempel vise tegn p\u00e5 skader p\u00e5 veibanen.\" \/>\n<meta property=\"og:url\" content=\"https:\/\/viatech.no\/no\/produkt\/viaphoto\/\" \/>\n<meta property=\"og:site_name\" content=\"Viatech\" \/>\n<meta property=\"article:modified_time\" content=\"2025-05-03T14:12:24+00:00\" \/>\n<meta property=\"og:image\" content=\"https:\/\/viatech.no\/wp-content\/uploads\/2023\/04\/ViaPhoto_light-Viatech.jpg\" \/>\n\t<meta property=\"og:image:width\" content=\"700\" \/>\n\t<meta property=\"og:image:height\" content=\"600\" \/>\n\t<meta property=\"og:image:type\" content=\"image\/jpeg\" \/>\n<meta name=\"twitter:card\" content=\"summary_large_image\" \/>\n<meta name=\"twitter:label1\" content=\"Ansl. lesetid\" \/>\n\t<meta name=\"twitter:data1\" content=\"1 minutt\" \/>\n<script type=\"application\/ld+json\" class=\"yoast-schema-graph\">{\"@context\":\"https:\/\/schema.org\",\"@graph\":[{\"@type\":\"WebPage\",\"@id\":\"https:\/\/viatech.no\/no\/produkt\/viaphoto\/\",\"url\":\"https:\/\/viatech.no\/no\/produkt\/viaphoto\/\",\"name\":\"ViaPhoto - Viatech\",\"isPartOf\":{\"@id\":\"https:\/\/viatech.no\/no\/#website\"},\"primaryImageOfPage\":{\"@id\":\"https:\/\/viatech.no\/no\/produkt\/viaphoto\/#primaryimage\"},\"image\":{\"@id\":\"https:\/\/viatech.no\/no\/produkt\/viaphoto\/#primaryimage\"},\"thumbnailUrl\":\"https:\/\/viatech.no\/wp-content\/uploads\/2023\/04\/ViaPhoto_light-Viatech.jpg\",\"datePublished\":\"2023-04-22T15:47:59+00:00\",\"dateModified\":\"2025-05-03T14:12:24+00:00\",\"description\":\"Fotosystemet brukes f\u00f8rst og fremst til \u00e5 dokumentere veiens tilstand. Bildene kan for eksempel vise tegn p\u00e5 skader p\u00e5 veibanen.\",\"breadcrumb\":{\"@id\":\"https:\/\/viatech.no\/no\/produkt\/viaphoto\/#breadcrumb\"},\"inLanguage\":\"nb-NO\",\"potentialAction\":[{\"@type\":\"ReadAction\",\"target\":[\"https:\/\/viatech.no\/no\/produkt\/viaphoto\/\"]}]},{\"@type\":\"ImageObject\",\"inLanguage\":\"nb-NO\",\"@id\":\"https:\/\/viatech.no\/no\/produkt\/viaphoto\/#primaryimage\",\"url\":\"https:\/\/viatech.no\/wp-content\/uploads\/2023\/04\/ViaPhoto_light-Viatech.jpg\",\"contentUrl\":\"https:\/\/viatech.no\/wp-content\/uploads\/2023\/04\/ViaPhoto_light-Viatech.jpg\",\"width\":700,\"height\":600,\"caption\":\"ViaPhoto_light-Viatech\"},{\"@type\":\"BreadcrumbList\",\"@id\":\"https:\/\/viatech.no\/no\/produkt\/viaphoto\/#breadcrumb\",\"itemListElement\":[{\"@type\":\"ListItem\",\"position\":1,\"name\":\"Home\",\"item\":\"https:\/\/viatech.no\/no\/\"},{\"@type\":\"ListItem\",\"position\":2,\"name\":\"V\u00e5re produkter\",\"item\":\"https:\/\/viatech.no\/no\/shop\/\"},{\"@type\":\"ListItem\",\"position\":3,\"name\":\"ViaPhoto\"}]},{\"@type\":\"WebSite\",\"@id\":\"https:\/\/viatech.no\/no\/#website\",\"url\":\"https:\/\/viatech.no\/no\/\",\"name\":\"Viatech\",\"description\":\"Safety and sustainability\",\"publisher\":{\"@id\":\"https:\/\/viatech.no\/no\/#organization\"},\"potentialAction\":[{\"@type\":\"SearchAction\",\"target\":{\"@type\":\"EntryPoint\",\"urlTemplate\":\"https:\/\/viatech.no\/no\/?s={search_term_string}\"},\"query-input\":{\"@type\":\"PropertyValueSpecification\",\"valueRequired\":true,\"valueName\":\"search_term_string\"}}],\"inLanguage\":\"nb-NO\"},{\"@type\":\"Organization\",\"@id\":\"https:\/\/viatech.no\/no\/#organization\",\"name\":\"Viatech\",\"url\":\"https:\/\/viatech.no\/no\/\",\"logo\":{\"@type\":\"ImageObject\",\"inLanguage\":\"nb-NO\",\"@id\":\"https:\/\/viatech.no\/no\/#\/schema\/logo\/image\/\",\"url\":\"https:\/\/viatech.no\/wp-content\/uploads\/2023\/04\/cropped-viatech_stor-logo.jpg\",\"contentUrl\":\"https:\/\/viatech.no\/wp-content\/uploads\/2023\/04\/cropped-viatech_stor-logo.jpg\",\"width\":1379,\"height\":479,\"caption\":\"Viatech\"},\"image\":{\"@id\":\"https:\/\/viatech.no\/no\/#\/schema\/logo\/image\/\"}}]}<\/script>\n<!-- \/ Yoast SEO plugin. -->","yoast_head_json":{"title":"ViaPhoto - Viatech","description":"Fotosystemet brukes f\u00f8rst og fremst til \u00e5 dokumentere veiens tilstand. Bildene kan for eksempel vise tegn p\u00e5 skader p\u00e5 veibanen.","robots":{"index":"index","follow":"follow","max-snippet":"max-snippet:-1","max-image-preview":"max-image-preview:large","max-video-preview":"max-video-preview:-1"},"canonical":"https:\/\/viatech.no\/no\/produkt\/viaphoto\/","og_locale":"nb_NO","og_type":"article","og_title":"ViaPhoto - Viatech","og_description":"Fotosystemet brukes f\u00f8rst og fremst til \u00e5 dokumentere veiens tilstand. Bildene kan for eksempel vise tegn p\u00e5 skader p\u00e5 veibanen.","og_url":"https:\/\/viatech.no\/no\/produkt\/viaphoto\/","og_site_name":"Viatech","article_modified_time":"2025-05-03T14:12:24+00:00","og_image":[{"width":700,"height":600,"url":"https:\/\/viatech.no\/wp-content\/uploads\/2023\/04\/ViaPhoto_light-Viatech.jpg","type":"image\/jpeg"}],"twitter_card":"summary_large_image","twitter_misc":{"Ansl. lesetid":"1 minutt"},"schema":{"@context":"https:\/\/schema.org","@graph":[{"@type":"WebPage","@id":"https:\/\/viatech.no\/no\/produkt\/viaphoto\/","url":"https:\/\/viatech.no\/no\/produkt\/viaphoto\/","name":"ViaPhoto - Viatech","isPartOf":{"@id":"https:\/\/viatech.no\/no\/#website"},"primaryImageOfPage":{"@id":"https:\/\/viatech.no\/no\/produkt\/viaphoto\/#primaryimage"},"image":{"@id":"https:\/\/viatech.no\/no\/produkt\/viaphoto\/#primaryimage"},"thumbnailUrl":"https:\/\/viatech.no\/wp-content\/uploads\/2023\/04\/ViaPhoto_light-Viatech.jpg","datePublished":"2023-04-22T15:47:59+00:00","dateModified":"2025-05-03T14:12:24+00:00","description":"Fotosystemet brukes f\u00f8rst og fremst til \u00e5 dokumentere veiens tilstand. Bildene kan for eksempel vise tegn p\u00e5 skader p\u00e5 veibanen.","breadcrumb":{"@id":"https:\/\/viatech.no\/no\/produkt\/viaphoto\/#breadcrumb"},"inLanguage":"nb-NO","potentialAction":[{"@type":"ReadAction","target":["https:\/\/viatech.no\/no\/produkt\/viaphoto\/"]}]},{"@type":"ImageObject","inLanguage":"nb-NO","@id":"https:\/\/viatech.no\/no\/produkt\/viaphoto\/#primaryimage","url":"https:\/\/viatech.no\/wp-content\/uploads\/2023\/04\/ViaPhoto_light-Viatech.jpg","contentUrl":"https:\/\/viatech.no\/wp-content\/uploads\/2023\/04\/ViaPhoto_light-Viatech.jpg","width":700,"height":600,"caption":"ViaPhoto_light-Viatech"},{"@type":"BreadcrumbList","@id":"https:\/\/viatech.no\/no\/produkt\/viaphoto\/#breadcrumb","itemListElement":[{"@type":"ListItem","position":1,"name":"Home","item":"https:\/\/viatech.no\/no\/"},{"@type":"ListItem","position":2,"name":"V\u00e5re produkter","item":"https:\/\/viatech.no\/no\/shop\/"},{"@type":"ListItem","position":3,"name":"ViaPhoto"}]},{"@type":"WebSite","@id":"https:\/\/viatech.no\/no\/#website","url":"https:\/\/viatech.no\/no\/","name":"Viatech","description":"Safety and sustainability","publisher":{"@id":"https:\/\/viatech.no\/no\/#organization"},"potentialAction":[{"@type":"SearchAction","target":{"@type":"EntryPoint","urlTemplate":"https:\/\/viatech.no\/no\/?s={search_term_string}"},"query-input":{"@type":"PropertyValueSpecification","valueRequired":true,"valueName":"search_term_string"}}],"inLanguage":"nb-NO"},{"@type":"Organization","@id":"https:\/\/viatech.no\/no\/#organization","name":"Viatech","url":"https:\/\/viatech.no\/no\/","logo":{"@type":"ImageObject","inLanguage":"nb-NO","@id":"https:\/\/viatech.no\/no\/#\/schema\/logo\/image\/","url":"https:\/\/viatech.no\/wp-content\/uploads\/2023\/04\/cropped-viatech_stor-logo.jpg","contentUrl":"https:\/\/viatech.no\/wp-content\/uploads\/2023\/04\/cropped-viatech_stor-logo.jpg","width":1379,"height":479,"caption":"Viatech"},"image":{"@id":"https:\/\/viatech.no\/no\/#\/schema\/logo\/image\/"}}]}},"_links":{"self":[{"href":"https:\/\/viatech.no\/no\/wp-json\/wp\/v2\/product\/7511","targetHints":{"allow":["GET"]}}],"collection":[{"href":"https:\/\/viatech.no\/no\/wp-json\/wp\/v2\/product"}],"about":[{"href":"https:\/\/viatech.no\/no\/wp-json\/wp\/v2\/types\/product"}],"version-history":[{"count":4,"href":"https:\/\/viatech.no\/no\/wp-json\/wp\/v2\/product\/7511\/revisions"}],"predecessor-version":[{"id":7516,"href":"https:\/\/viatech.no\/no\/wp-json\/wp\/v2\/product\/7511\/revisions\/7516"}],"wp:featuredmedia":[{"embeddable":true,"href":"https:\/\/viatech.no\/no\/wp-json\/wp\/v2\/media\/7248"}],"wp:attachment":[{"href":"https:\/\/viatech.no\/no\/wp-json\/wp\/v2\/media?parent=7511"}],"wp:term":[{"taxonomy":"product_brand","embeddable":true,"href":"https:\/\/viatech.no\/no\/wp-json\/wp\/v2\/product_brand?post=7511"},{"taxonomy":"product_cat","embeddable":true,"href":"https:\/\/viatech.no\/no\/wp-json\/wp\/v2\/product_cat?post=7511"},{"taxonomy":"product_tag","embeddable":true,"href":"https:\/\/viatech.no\/no\/wp-json\/wp\/v2\/product_tag?post=7511"}],"curies":[{"name":"wp","href":"https:\/\/api.w.org\/{rel}","templated":true}]}}