{"id":8121,"date":"2026-04-12T14:52:07","date_gmt":"2026-04-12T14:52:07","guid":{"rendered":"https:\/\/viatech.no\/?post_type=product&#038;p=8121"},"modified":"2026-04-12T14:59:25","modified_gmt":"2026-04-12T14:59:25","slug":"viapps-copy","status":"publish","type":"product","link":"https:\/\/viatech.no\/no\/produkt\/viapps-copy\/","title":{"rendered":"ViaPPS 2.0"},"content":{"rendered":"\t\t<div data-elementor-type=\"product-post\" data-elementor-id=\"8121\" class=\"elementor elementor-8121 elementor-8120\" data-elementor-post-type=\"product\">\n\t\t\t\t\t\t<section class=\"elementor-section elementor-top-section elementor-element elementor-element-2f961c5d elementor-section-boxed elementor-section-height-default elementor-section-height-default qodef-elementor-content-no\" data-id=\"2f961c5d\" data-element_type=\"section\" data-e-type=\"section\">\n\t\t\t\t\t\t<div class=\"elementor-container elementor-column-gap-default\">\n\t\t\t\t\t<div class=\"elementor-column elementor-col-100 elementor-top-column elementor-element elementor-element-248dc90\" data-id=\"248dc90\" data-element_type=\"column\" data-e-type=\"column\">\n\t\t\t<div class=\"elementor-widget-wrap elementor-element-populated\">\n\t\t\t\t\t\t<div class=\"elementor-element elementor-element-1537c6d8 elementor-widget elementor-widget-text-editor\" data-id=\"1537c6d8\" data-element_type=\"widget\" data-e-type=\"widget\" data-widget_type=\"text-editor.default\">\n\t\t\t\t<div class=\"elementor-widget-container\">\n\t\t\t\t\t\t\t\t\t<div class=\"column_1\"><h3>Generelt<\/h3><p>Systemet er utviklet i n\u00e6rt samarbeid med Statens vegvesen. ViaPPS oppfyller kravene til m\u00e5ling av veidekke som er fastsatt av Statens vegvesen, og kravene i f\u00f8lgende standarder: <\/p><ul><li>ASTM E-1448-92<\/li><li>Europeisk standard &#8211; Overflateegenskaper for veier og flyplasser EN 13036-8<\/li><\/ul><p>Statens vegvesen og fylkeskommunene har 15 ViaPPS-systemer i bruk. Private selskaper bruker ogs\u00e5 ViaPPS til dokumentasjon av tilstanden p\u00e5 motorveier, veier og flyplassdekker. Den nye ViaPPS bruker LiDAR-teknologi, en 360\u00b0 laserskanner, for \u00e5 lage en h\u00f8yoppl\u00f8selig 3D-punktsky. LiDAR-teknologien gj\u00f8r at ViaPPS kan m\u00e5le langt flere parametere enn eksisterende teknologi.   <\/p><p> <\/p><p>Punktskyen som skapes ved hjelp av laserskanningen, brukes til \u00e5 evaluere forholdene p\u00e5 fortauet og sideomr\u00e5det, og den automatiske rapporten er umiddelbart tilgjengelig. Hele systemet monteres p\u00e5 et kj\u00f8ret\u00f8y, for eksempel en varebil, bil, lastebil eller tilhenger. <\/p><p> <\/p><p>ViaPPS kj\u00f8rer over 100 000 km hvert \u00e5r, og har vist seg \u00e5 v\u00e6re p\u00e5litelig siden 2006. ViaPPS tilbyr Automatisk inspeksjon av veier, 3D-kartlegging, automatiske rapporter og umiddelbart tilgjengelige data. Alt i ett system. Et h\u00f8yoppl\u00f8selig kamera, en avansert punktsky og n\u00f8yaktig posisjonering av data gir p\u00e5litelige resultater. Kundene v\u00e5re mener ViaPPS er sv\u00e6rt kostnadseffektivt n\u00e5r det gjelder vedlikehold av veinettet. Systemet m\u00e5ler overflateparametere som tilsvarer det som normalt m\u00e5les av tre kj\u00f8ret\u00f8y.     <\/p><p> <\/p><p> <\/p><\/div>\t\t\t\t\t\t\t\t<\/div>\n\t\t\t\t<\/div>\n\t\t\t\t\t<\/div>\n\t\t<\/div>\n\t\t\t\t\t<\/div>\n\t\t<\/section>\n\t\t<div class=\"elementor-element elementor-element-b841bc4 e-flex e-con-boxed e-con e-parent\" data-id=\"b841bc4\" data-element_type=\"container\" data-e-type=\"container\">\n\t\t\t\t\t<div class=\"e-con-inner\">\n\t\t\t\t<div class=\"elementor-element elementor-element-07e1c68 elementor-widget elementor-widget-image\" data-id=\"07e1c68\" data-element_type=\"widget\" data-e-type=\"widget\" data-widget_type=\"image.default\">\n\t\t\t\t<div class=\"elementor-widget-container\">\n\t\t\t\t\t\t\t\t\t\t\t\t\t\t\t<img fetchpriority=\"high\" decoding=\"async\" width=\"992\" height=\"744\" src=\"https:\/\/viatech.no\/wp-content\/uploads\/2026\/04\/ViaPPS-2.0-Viatech.webp\" class=\"attachment-full size-full wp-image-8128\" alt=\"ViaPPS 2.0-Viatech\" srcset=\"https:\/\/viatech.no\/wp-content\/uploads\/2026\/04\/ViaPPS-2.0-Viatech.webp 992w, https:\/\/viatech.no\/wp-content\/uploads\/2026\/04\/ViaPPS-2.0-Viatech-300x225.webp 300w, https:\/\/viatech.no\/wp-content\/uploads\/2026\/04\/ViaPPS-2.0-Viatech-768x576.webp 768w, https:\/\/viatech.no\/wp-content\/uploads\/2026\/04\/ViaPPS-2.0-Viatech-600x450.webp 600w\" sizes=\"(max-width: 992px) 100vw, 992px\" \/>\t\t\t\t\t\t\t\t\t\t\t\t\t\t\t<\/div>\n\t\t\t\t<\/div>\n\t\t\t\t<div class=\"elementor-element elementor-element-d52ec62 elementor-widget elementor-widget-text-editor\" data-id=\"d52ec62\" data-element_type=\"widget\" data-e-type=\"widget\" data-widget_type=\"text-editor.default\">\n\t\t\t\t<div class=\"elementor-widget-container\">\n\t\t\t\t\t\t\t\t\t<p><em>Sensorstativ<\/em><\/p>\t\t\t\t\t\t\t\t<\/div>\n\t\t\t\t<\/div>\n\t\t\t\t\t<\/div>\n\t\t\t\t<\/div>\n\t\t\t\t<section class=\"elementor-section elementor-top-section elementor-element elementor-element-082c7d7 elementor-section-boxed elementor-section-height-default elementor-section-height-default qodef-elementor-content-no\" data-id=\"082c7d7\" data-element_type=\"section\" data-e-type=\"section\">\n\t\t\t\t\t\t<div class=\"elementor-container elementor-column-gap-default\">\n\t\t\t\t\t<div class=\"elementor-column elementor-col-100 elementor-top-column elementor-element elementor-element-313e4f6\" data-id=\"313e4f6\" data-element_type=\"column\" data-e-type=\"column\">\n\t\t\t<div class=\"elementor-widget-wrap elementor-element-populated\">\n\t\t\t\t\t\t<div class=\"elementor-element elementor-element-04342c7 elementor-widget elementor-widget-text-editor\" data-id=\"04342c7\" data-element_type=\"widget\" data-e-type=\"widget\" data-widget_type=\"text-editor.default\">\n\t\t\t\t<div class=\"elementor-widget-container\">\n\t\t\t\t\t\t\t\t\t<h3>Mobilt kartsystem<\/h3><p>ViaPPS kan ogs\u00e5 brukes til:<\/p><ul><li>Unders\u00f8kelse av ulykker<\/li><li>Unders\u00f8kelse av forholdene i tunnel og sideomr\u00e5de<\/li><li>3D-modellering av veinettet med LAS-format som skal integreres i BIM<\/li><li>Eksporter til Orbit GT, Horus, Paver<\/li><\/ul><h3>Teknologi<\/h3><p>Laserskanneren som brukes av ViaTech, Z+F PROFILER\u00ae 9012A eller den nye 9020, er i stand til \u00e5 fange opp mer enn 1 million punkter i sekundet. Laserskanneren er av laserklasse 1, noe som gj\u00f8r den \u00f8yesikker. Punktskyens h\u00f8ye oppl\u00f8sning bidrar til \u00e5 skape et tydelig bilde av fortauet og dets tilstand. ViaPPS-systemet kombinerer laserskannerdata og GNSS-data for \u00e5 produsere n\u00f8yaktige 3D-punktskyer, der hvert punkt har x-, y- og z-posisjoner i verdenskoordinater. I tillegg til denne skanneren kan ViaPPS suppleres med et par Velodyne-skannere og et 360\u00b0-kamera. Dette brukes til \u00e5 lage et komplett mobilt kartleggingssystem. En ekstra laser kan legges til for IRI- og makroteksturm\u00e5linger.      <\/p><p>Punktskyen kan brukes sammen med ViaPPS-programvaren for dataanalyse (ViaPPS Analyzer) for \u00e5 registrere f\u00f8lgende parametere for veien automatisk:<\/p><ul><li>D\u00e5rlige fuger i asfalten<\/li><li>Kvaliteten p\u00e5 veimerkingene<\/li><li>Kurveradius<\/li><li>IRI og MPD<\/li><li>Homogenitet<\/li><li>Langsg\u00e5ende og tverrg\u00e5ende profil<\/li><li>Spordybde, spordybdeareal og spordybdevolum<\/li><li>Kryssfall og kryssfall vs. krav<\/li><li>Lokal nedb\u00f8yning i lengderetningen og ujevnheter<\/li><li>Bredde p\u00e5 kj\u00f8refeltet (ogs\u00e5 input til beregningene)<\/li><li>Sprekkparametere (sprekkniv\u00e5, sprekkomr\u00e5deniv\u00e5, posisjon)<\/li><li>Vertikal h\u00f8yde til broer\/krysninger eller i tunneler<\/li><li>Maksimalt lokalt tverrfall i kj\u00f8refelt som kan utgj\u00f8re en fare for f\u00f8reren<\/li><li>Raveling<\/li><\/ul><div> <\/div><p>Disse kan ogs\u00e5 inkluderes i rapporten, som er skrevet i .csv-format som passer for Microsoft Excel og ViaPPS analyzer-programvare og er umiddelbart tilgjengelig. I tillegg kan brukeren velge \u00e5 f\u00e5 dataene eksportert i et kundespesifikt format hvis det er behov for det. ViaTech har gitt st\u00f8tte for en rekke forskjellige formater p\u00e5 foresp\u00f8rsel fra kunder.<\/p><p>ViaPPS Analyzer brukes til \u00e5 gi en grafisk presentasjon av rapportene som genereres av ViaPPS Desktop. ViaPPS Analyzer gj\u00f8r det enkelt \u00e5 studere m\u00e5linger eller sammenligne flere m\u00e5linger. <\/p><p>ViaPPS bruker POS LV fra Applanix. Posisjons- og orienteringssystemet er kompakt og helintegrert, og benytter integrert treghetsteknologi for \u00e5 generere stabile, p\u00e5litelige og repeterbare posisjoneringsl\u00f8sninger for landbaserte kj\u00f8ret\u00f8yapplikasjoner. Det er utviklet for \u00e5 fungere under de vanskeligste GPS-forhold som finnes i by- og forstadsmilj\u00f8er. POS muliggj\u00f8r n\u00f8yaktig posisjonering for veigeometri, inspeksjon av veidekke, GIS-database- og kapitalforvaltning, veioppm\u00e5ling og kj\u00f8ret\u00f8ydynamikk. POS inkluderer f\u00f8lgende komponenter: IMU, PCS, DMI, GNSS-mottakere og GNSS-antenner.   <\/p><h3 style=\"background-color: #ffffff;\">Utdata<\/h3><div>ViaPPS kan produsere et sett med GeoJSON-filer som kan vises i andre GIS-verkt\u00f8y. Her er et eksempel p\u00e5 sprekker i veibanen som vises i ViaPPS Desktop-applikasjonen:   <\/div><div><img decoding=\"async\" class=\"alignnone size-medium wp-image-6790\" src=\"https:\/\/viatech.no\/wp-content\/uploads\/2024\/02\/ViaPPS_ny-300x290.jpg\" alt=\"ViaPPS-Viatech\" width=\"300\" height=\"290\" srcset=\"https:\/\/viatech.no\/wp-content\/uploads\/2024\/02\/ViaPPS_ny-300x290.jpg 300w, https:\/\/viatech.no\/wp-content\/uploads\/2024\/02\/ViaPPS_ny-768x744.jpg 768w, https:\/\/viatech.no\/wp-content\/uploads\/2024\/02\/ViaPPS_ny-600x581.jpg 600w, https:\/\/viatech.no\/wp-content\/uploads\/2024\/02\/ViaPPS_ny.jpg 850w\" sizes=\"(max-width: 300px) 100vw, 300px\" \/><\/div><div>AI-modeller (kunstig intelligens) trenes opp og brukes til \u00e5 oppdage og klassifisere sprekker og hull i veibanen, slik at de enkelt kan integreres med GIS-verkt\u00f8y (f.eks. QGIS).<\/div><div> <\/div><h3>Filer av interesse<\/h3><p><span style=\"text-decoration: underline;\"><a href=\"https:\/\/viatech.no\/wp-content\/uploads\/2023\/04\/ViaPPS-Deliverables-as-per-MoT-Specifications.pdf\">MoT India Presentasjon om v\u00e5re p\u00e5g\u00e5ende forretninger med India<\/a><\/span><\/p><h3> <\/h3><p> <\/p>\t\t\t\t\t\t\t\t<\/div>\n\t\t\t\t<\/div>\n\t\t\t\t<div class=\"elementor-element elementor-element-aae6ad1 elementor-widget elementor-widget-image\" data-id=\"aae6ad1\" data-element_type=\"widget\" data-e-type=\"widget\" data-widget_type=\"image.default\">\n\t\t\t\t<div class=\"elementor-widget-container\">\n\t\t\t\t\t\t\t\t\t\t\t\t\t\t\t<img decoding=\"async\" width=\"1024\" height=\"768\" src=\"https:\/\/viatech.no\/wp-content\/uploads\/2023\/04\/ViaPPS-desktop-Viatech-1024x768.webp\" class=\"attachment-large size-large wp-image-8059\" alt=\"ViaPPS-desktop-Viatech\" srcset=\"https:\/\/viatech.no\/wp-content\/uploads\/2023\/04\/ViaPPS-desktop-Viatech-1024x768.webp 1024w, https:\/\/viatech.no\/wp-content\/uploads\/2023\/04\/ViaPPS-desktop-Viatech-300x225.webp 300w, https:\/\/viatech.no\/wp-content\/uploads\/2023\/04\/ViaPPS-desktop-Viatech-768x576.webp 768w, https:\/\/viatech.no\/wp-content\/uploads\/2023\/04\/ViaPPS-desktop-Viatech-600x450.webp 600w, https:\/\/viatech.no\/wp-content\/uploads\/2023\/04\/ViaPPS-desktop-Viatech.webp 1134w\" sizes=\"(max-width: 1024px) 100vw, 1024px\" \/>\t\t\t\t\t\t\t\t\t\t\t\t\t\t\t<\/div>\n\t\t\t\t<\/div>\n\t\t\t\t\t<\/div>\n\t\t<\/div>\n\t\t\t\t\t<\/div>\n\t\t<\/section>\n\t\t\t\t<\/div>\n\t\t","protected":false},"excerpt":{"rendered":"<p>Bruk av banebrytende laserteknologi for \u00e5 sikre suverene m\u00e5linger. ViaPPS er et system for veidekkeprofiler (Pavement Scanning System) som er utviklet for \u00e5 unders\u00f8ke tilstanden til ethvert veidekke.<\/p>\n","protected":false},"featured_media":8124,"template":"","meta":[],"product_brand":[],"product_cat":[155,160],"product_tag":[],"class_list":{"0":"post-8121","1":"product","2":"type-product","3":"status-publish","4":"has-post-thumbnail","6":"product_cat-skanning-av-veg","7":"product_cat-viapps-no","9":"first","10":"instock","11":"shipping-taxable","12":"product-type-simple"},"yoast_head":"<!-- This site is optimized with the Yoast SEO plugin v26.6 - https:\/\/yoast.com\/wordpress\/plugins\/seo\/ -->\n<title>ViaPPS 2.0 - Viatech<\/title>\n<meta name=\"description\" content=\"ViaPPS er et system for veidekkeprofiler (Pavement Scanning System) som er utviklet for \u00e5 unders\u00f8ke tilstanden til ethvert veidekke.\" \/>\n<meta name=\"robots\" content=\"index, follow, max-snippet:-1, max-image-preview:large, max-video-preview:-1\" \/>\n<link rel=\"canonical\" href=\"https:\/\/viatech.no\/no\/produkt\/viapps-copy\/\" \/>\n<meta property=\"og:locale\" content=\"nb_NO\" \/>\n<meta property=\"og:type\" content=\"article\" \/>\n<meta property=\"og:title\" content=\"ViaPPS 2.0 - Viatech\" \/>\n<meta property=\"og:description\" content=\"ViaPPS er et system for veidekkeprofiler (Pavement Scanning System) som er utviklet for \u00e5 unders\u00f8ke tilstanden til ethvert veidekke.\" \/>\n<meta property=\"og:url\" content=\"https:\/\/viatech.no\/no\/produkt\/viapps-copy\/\" \/>\n<meta property=\"og:site_name\" content=\"Viatech\" \/>\n<meta property=\"article:modified_time\" content=\"2026-04-12T14:59:25+00:00\" \/>\n<meta property=\"og:image\" content=\"https:\/\/viatech.no\/wp-content\/uploads\/2026\/04\/ViaPPS-2-Viatech-utsnitt.webp\" \/>\n\t<meta property=\"og:image:width\" content=\"700\" \/>\n\t<meta property=\"og:image:height\" content=\"593\" \/>\n\t<meta property=\"og:image:type\" content=\"image\/webp\" \/>\n<meta name=\"twitter:card\" content=\"summary_large_image\" \/>\n<meta name=\"twitter:label1\" content=\"Ansl. lesetid\" \/>\n\t<meta name=\"twitter:data1\" content=\"4 minutter\" \/>\n<script type=\"application\/ld+json\" class=\"yoast-schema-graph\">{\"@context\":\"https:\/\/schema.org\",\"@graph\":[{\"@type\":\"WebPage\",\"@id\":\"https:\/\/viatech.no\/no\/produkt\/viapps-copy\/\",\"url\":\"https:\/\/viatech.no\/no\/produkt\/viapps-copy\/\",\"name\":\"ViaPPS 2.0 - Viatech\",\"isPartOf\":{\"@id\":\"https:\/\/viatech.no\/no\/#website\"},\"primaryImageOfPage\":{\"@id\":\"https:\/\/viatech.no\/no\/produkt\/viapps-copy\/#primaryimage\"},\"image\":{\"@id\":\"https:\/\/viatech.no\/no\/produkt\/viapps-copy\/#primaryimage\"},\"thumbnailUrl\":\"https:\/\/viatech.no\/wp-content\/uploads\/2026\/04\/ViaPPS-2-Viatech-utsnitt.webp\",\"datePublished\":\"2026-04-12T14:52:07+00:00\",\"dateModified\":\"2026-04-12T14:59:25+00:00\",\"description\":\"ViaPPS er et system for veidekkeprofiler (Pavement Scanning System) som er utviklet for \u00e5 unders\u00f8ke tilstanden til ethvert veidekke.\",\"breadcrumb\":{\"@id\":\"https:\/\/viatech.no\/no\/produkt\/viapps-copy\/#breadcrumb\"},\"inLanguage\":\"nb-NO\",\"potentialAction\":[{\"@type\":\"ReadAction\",\"target\":[\"https:\/\/viatech.no\/no\/produkt\/viapps-copy\/\"]}]},{\"@type\":\"ImageObject\",\"inLanguage\":\"nb-NO\",\"@id\":\"https:\/\/viatech.no\/no\/produkt\/viapps-copy\/#primaryimage\",\"url\":\"https:\/\/viatech.no\/wp-content\/uploads\/2026\/04\/ViaPPS-2-Viatech-utsnitt.webp\",\"contentUrl\":\"https:\/\/viatech.no\/wp-content\/uploads\/2026\/04\/ViaPPS-2-Viatech-utsnitt.webp\",\"width\":700,\"height\":593,\"caption\":\"ViaPPS 2-Viatech-utsnitt\"},{\"@type\":\"BreadcrumbList\",\"@id\":\"https:\/\/viatech.no\/no\/produkt\/viapps-copy\/#breadcrumb\",\"itemListElement\":[{\"@type\":\"ListItem\",\"position\":1,\"name\":\"Home\",\"item\":\"https:\/\/viatech.no\/no\/\"},{\"@type\":\"ListItem\",\"position\":2,\"name\":\"V\u00e5re produkter\",\"item\":\"https:\/\/viatech.no\/no\/shop\/\"},{\"@type\":\"ListItem\",\"position\":3,\"name\":\"ViaPPS 2.0\"}]},{\"@type\":\"WebSite\",\"@id\":\"https:\/\/viatech.no\/no\/#website\",\"url\":\"https:\/\/viatech.no\/no\/\",\"name\":\"Viatech\",\"description\":\"Safety and sustainability\",\"publisher\":{\"@id\":\"https:\/\/viatech.no\/no\/#organization\"},\"potentialAction\":[{\"@type\":\"SearchAction\",\"target\":{\"@type\":\"EntryPoint\",\"urlTemplate\":\"https:\/\/viatech.no\/no\/?s={search_term_string}\"},\"query-input\":{\"@type\":\"PropertyValueSpecification\",\"valueRequired\":true,\"valueName\":\"search_term_string\"}}],\"inLanguage\":\"nb-NO\"},{\"@type\":\"Organization\",\"@id\":\"https:\/\/viatech.no\/no\/#organization\",\"name\":\"Viatech\",\"url\":\"https:\/\/viatech.no\/no\/\",\"logo\":{\"@type\":\"ImageObject\",\"inLanguage\":\"nb-NO\",\"@id\":\"https:\/\/viatech.no\/no\/#\/schema\/logo\/image\/\",\"url\":\"https:\/\/viatech.no\/wp-content\/uploads\/2023\/04\/cropped-viatech_stor-logo.jpg\",\"contentUrl\":\"https:\/\/viatech.no\/wp-content\/uploads\/2023\/04\/cropped-viatech_stor-logo.jpg\",\"width\":1379,\"height\":479,\"caption\":\"Viatech\"},\"image\":{\"@id\":\"https:\/\/viatech.no\/no\/#\/schema\/logo\/image\/\"}}]}<\/script>\n<!-- \/ Yoast SEO plugin. -->","yoast_head_json":{"title":"ViaPPS 2.0 - Viatech","description":"ViaPPS er et system for veidekkeprofiler (Pavement Scanning System) som er utviklet for \u00e5 unders\u00f8ke tilstanden til ethvert veidekke.","robots":{"index":"index","follow":"follow","max-snippet":"max-snippet:-1","max-image-preview":"max-image-preview:large","max-video-preview":"max-video-preview:-1"},"canonical":"https:\/\/viatech.no\/no\/produkt\/viapps-copy\/","og_locale":"nb_NO","og_type":"article","og_title":"ViaPPS 2.0 - Viatech","og_description":"ViaPPS er et system for veidekkeprofiler (Pavement Scanning System) som er utviklet for \u00e5 unders\u00f8ke tilstanden til ethvert veidekke.","og_url":"https:\/\/viatech.no\/no\/produkt\/viapps-copy\/","og_site_name":"Viatech","article_modified_time":"2026-04-12T14:59:25+00:00","og_image":[{"width":700,"height":593,"url":"https:\/\/viatech.no\/wp-content\/uploads\/2026\/04\/ViaPPS-2-Viatech-utsnitt.webp","type":"image\/webp"}],"twitter_card":"summary_large_image","twitter_misc":{"Ansl. lesetid":"4 minutter"},"schema":{"@context":"https:\/\/schema.org","@graph":[{"@type":"WebPage","@id":"https:\/\/viatech.no\/no\/produkt\/viapps-copy\/","url":"https:\/\/viatech.no\/no\/produkt\/viapps-copy\/","name":"ViaPPS 2.0 - Viatech","isPartOf":{"@id":"https:\/\/viatech.no\/no\/#website"},"primaryImageOfPage":{"@id":"https:\/\/viatech.no\/no\/produkt\/viapps-copy\/#primaryimage"},"image":{"@id":"https:\/\/viatech.no\/no\/produkt\/viapps-copy\/#primaryimage"},"thumbnailUrl":"https:\/\/viatech.no\/wp-content\/uploads\/2026\/04\/ViaPPS-2-Viatech-utsnitt.webp","datePublished":"2026-04-12T14:52:07+00:00","dateModified":"2026-04-12T14:59:25+00:00","description":"ViaPPS er et system for veidekkeprofiler (Pavement Scanning System) som er utviklet for \u00e5 unders\u00f8ke tilstanden til ethvert veidekke.","breadcrumb":{"@id":"https:\/\/viatech.no\/no\/produkt\/viapps-copy\/#breadcrumb"},"inLanguage":"nb-NO","potentialAction":[{"@type":"ReadAction","target":["https:\/\/viatech.no\/no\/produkt\/viapps-copy\/"]}]},{"@type":"ImageObject","inLanguage":"nb-NO","@id":"https:\/\/viatech.no\/no\/produkt\/viapps-copy\/#primaryimage","url":"https:\/\/viatech.no\/wp-content\/uploads\/2026\/04\/ViaPPS-2-Viatech-utsnitt.webp","contentUrl":"https:\/\/viatech.no\/wp-content\/uploads\/2026\/04\/ViaPPS-2-Viatech-utsnitt.webp","width":700,"height":593,"caption":"ViaPPS 2-Viatech-utsnitt"},{"@type":"BreadcrumbList","@id":"https:\/\/viatech.no\/no\/produkt\/viapps-copy\/#breadcrumb","itemListElement":[{"@type":"ListItem","position":1,"name":"Home","item":"https:\/\/viatech.no\/no\/"},{"@type":"ListItem","position":2,"name":"V\u00e5re produkter","item":"https:\/\/viatech.no\/no\/shop\/"},{"@type":"ListItem","position":3,"name":"ViaPPS 2.0"}]},{"@type":"WebSite","@id":"https:\/\/viatech.no\/no\/#website","url":"https:\/\/viatech.no\/no\/","name":"Viatech","description":"Safety and sustainability","publisher":{"@id":"https:\/\/viatech.no\/no\/#organization"},"potentialAction":[{"@type":"SearchAction","target":{"@type":"EntryPoint","urlTemplate":"https:\/\/viatech.no\/no\/?s={search_term_string}"},"query-input":{"@type":"PropertyValueSpecification","valueRequired":true,"valueName":"search_term_string"}}],"inLanguage":"nb-NO"},{"@type":"Organization","@id":"https:\/\/viatech.no\/no\/#organization","name":"Viatech","url":"https:\/\/viatech.no\/no\/","logo":{"@type":"ImageObject","inLanguage":"nb-NO","@id":"https:\/\/viatech.no\/no\/#\/schema\/logo\/image\/","url":"https:\/\/viatech.no\/wp-content\/uploads\/2023\/04\/cropped-viatech_stor-logo.jpg","contentUrl":"https:\/\/viatech.no\/wp-content\/uploads\/2023\/04\/cropped-viatech_stor-logo.jpg","width":1379,"height":479,"caption":"Viatech"},"image":{"@id":"https:\/\/viatech.no\/no\/#\/schema\/logo\/image\/"}}]}},"_links":{"self":[{"href":"https:\/\/viatech.no\/no\/wp-json\/wp\/v2\/product\/8121","targetHints":{"allow":["GET"]}}],"collection":[{"href":"https:\/\/viatech.no\/no\/wp-json\/wp\/v2\/product"}],"about":[{"href":"https:\/\/viatech.no\/no\/wp-json\/wp\/v2\/types\/product"}],"version-history":[{"count":3,"href":"https:\/\/viatech.no\/no\/wp-json\/wp\/v2\/product\/8121\/revisions"}],"predecessor-version":[{"id":8132,"href":"https:\/\/viatech.no\/no\/wp-json\/wp\/v2\/product\/8121\/revisions\/8132"}],"wp:featuredmedia":[{"embeddable":true,"href":"https:\/\/viatech.no\/no\/wp-json\/wp\/v2\/media\/8124"}],"wp:attachment":[{"href":"https:\/\/viatech.no\/no\/wp-json\/wp\/v2\/media?parent=8121"}],"wp:term":[{"taxonomy":"product_brand","embeddable":true,"href":"https:\/\/viatech.no\/no\/wp-json\/wp\/v2\/product_brand?post=8121"},{"taxonomy":"product_cat","embeddable":true,"href":"https:\/\/viatech.no\/no\/wp-json\/wp\/v2\/product_cat?post=8121"},{"taxonomy":"product_tag","embeddable":true,"href":"https:\/\/viatech.no\/no\/wp-json\/wp\/v2\/product_tag?post=8121"}],"curies":[{"name":"wp","href":"https:\/\/api.w.org\/{rel}","templated":true}]}}