{"id":8204,"date":"2026-04-15T10:36:45","date_gmt":"2026-04-15T10:36:45","guid":{"rendered":"https:\/\/viatech.no\/?post_type=product&#038;p=8204"},"modified":"2026-04-15T10:57:47","modified_gmt":"2026-04-15T10:57:47","slug":"viapps-2-0-copy","status":"publish","type":"product","link":"https:\/\/viatech.no\/no\/produkt\/viapps-2-0-copy\/","title":{"rendered":"Frictionweb 2.0"},"content":{"rendered":"\t\t<div data-elementor-type=\"product-post\" data-elementor-id=\"8204\" class=\"elementor elementor-8204 elementor-8203\" data-elementor-post-type=\"product\">\n\t\t\t\t\t\t<section class=\"elementor-section elementor-top-section elementor-element elementor-element-2f961c5d elementor-section-boxed elementor-section-height-default elementor-section-height-default qodef-elementor-content-no\" data-id=\"2f961c5d\" data-element_type=\"section\" data-e-type=\"section\">\n\t\t\t\t\t\t<div class=\"elementor-container elementor-column-gap-default\">\n\t\t\t\t\t<div class=\"elementor-column elementor-col-100 elementor-top-column elementor-element elementor-element-248dc90\" data-id=\"248dc90\" data-element_type=\"column\" data-e-type=\"column\">\n\t\t\t<div class=\"elementor-widget-wrap elementor-element-populated\">\n\t\t\t\t\t\t<div class=\"elementor-element elementor-element-1537c6d8 elementor-widget elementor-widget-text-editor\" data-id=\"1537c6d8\" data-element_type=\"widget\" data-e-type=\"widget\" data-widget_type=\"text-editor.default\">\n\t\t\t\t<div class=\"elementor-widget-container\">\n\t\t\t\t\t\t\t\t\t<div class=\"column_1\"><p class=\"p1\"><strong>Frictionweb 2.0 er en nettjeneste for:<\/strong><\/p><p class=\"p1\">&#8211; lagring<\/p><p class=\"p1\">&#8211; visualisering<\/p><p class=\"p1\">&#8211; analyse<\/p><p class=\"p1\">&#8211; deling av friksjonsdata fra m\u00e5lesystemer som ViaFriction.<\/p><p class=\"p1\"><em>Det er ikke selve m\u00e5leutstyret &#8211; men &laquo;kontrollsenteret&raquo; for dataene etter at de er blitt m\u00e5lt p\u00e5 veien eller rullebanen.<\/em><\/p><p> <\/p><p class=\"p1\"><strong>1.<\/strong><strong>M\u00e5ling i felt<\/strong><\/p><p class=\"p1\">&#8211; kj\u00f8ret\u00f8y med friksjonsm\u00e5lere m\u00e5ler for eksempel hvor glatt veien er<\/p><p class=\"p1\">&#8211; data samles inn i sanntid<\/p><p class=\"p1\">&#8211; systemet sender data direkte via mobilnettet<\/p><p> <\/p><p class=\"p1\"><strong>2.<\/strong> <strong>Overf\u00f8ring til Frictionweb 2.0<\/strong><\/p><p class=\"p1\">&#8211; data som samles inn, sendes til Frictionweb 2.0<\/p><p class=\"p1\">&#8211; her lagres og organiseres m\u00e5lingene<\/p><p class=\"p1\">&#8211; flere brukere (f.eks. veimyndigheter) har tilgang samtidig<\/p><p class=\"p1\"><em>Dette er kjernen i Frictionweb 2.0<\/em><\/p><p> <\/p><p class=\"p1\"><strong>3. Analyse og beslutningstaking<\/strong><\/p><p class=\"p1\">Data vises i kart, grafer og rapporter<\/p><p class=\"p1\">Kan eksporteres til verkt\u00f8y som Excel eller analyseprogrammer<\/p><p> <\/p><p class=\"p1\"><strong>Brukes til \u00e5 vurdere:<\/strong><\/p><p class=\"p1\">-behov for salting\/sliping<\/p><p class=\"p1\">-trafikksikkerhet<\/p><p class=\"p1\">-kvalitet p\u00e5 asfalt eller rullebane<\/p><\/div>\t\t\t\t\t\t\t\t<\/div>\n\t\t\t\t<\/div>\n\t\t\t\t\t<\/div>\n\t\t<\/div>\n\t\t\t\t\t<\/div>\n\t\t<\/section>\n\t\t<div class=\"elementor-element elementor-element-b841bc4 e-flex e-con-boxed e-con e-parent\" data-id=\"b841bc4\" data-element_type=\"container\" data-e-type=\"container\">\n\t\t\t\t\t<div class=\"e-con-inner\">\n\t\t\t\t<div class=\"elementor-element elementor-element-07e1c68 elementor-widget elementor-widget-image\" data-id=\"07e1c68\" data-element_type=\"widget\" data-e-type=\"widget\" data-widget_type=\"image.default\">\n\t\t\t\t<div class=\"elementor-widget-container\">\n\t\t\t\t\t\t\t\t\t\t\t\t\t\t\t<img fetchpriority=\"high\" decoding=\"async\" width=\"1134\" height=\"838\" src=\"https:\/\/viatech.no\/wp-content\/uploads\/2026\/04\/nyFriksjonsweb-2.webp\" class=\"attachment-full size-full wp-image-8212\" alt=\"Friksjonsweb 2.0 - viatech\" srcset=\"https:\/\/viatech.no\/wp-content\/uploads\/2026\/04\/nyFriksjonsweb-2.webp 1134w, https:\/\/viatech.no\/wp-content\/uploads\/2026\/04\/nyFriksjonsweb-2-300x222.webp 300w, https:\/\/viatech.no\/wp-content\/uploads\/2026\/04\/nyFriksjonsweb-2-1024x757.webp 1024w, https:\/\/viatech.no\/wp-content\/uploads\/2026\/04\/nyFriksjonsweb-2-768x568.webp 768w, https:\/\/viatech.no\/wp-content\/uploads\/2026\/04\/nyFriksjonsweb-2-600x443.webp 600w\" sizes=\"(max-width: 1134px) 100vw, 1134px\" \/>\t\t\t\t\t\t\t\t\t\t\t\t\t\t\t<\/div>\n\t\t\t\t<\/div>\n\t\t\t\t\t<\/div>\n\t\t\t\t<\/div>\n\t\t\t\t<section class=\"elementor-section elementor-top-section elementor-element elementor-element-082c7d7 elementor-section-boxed elementor-section-height-default elementor-section-height-default qodef-elementor-content-no\" data-id=\"082c7d7\" data-element_type=\"section\" data-e-type=\"section\">\n\t\t\t\t\t\t<div class=\"elementor-container elementor-column-gap-default\">\n\t\t\t\t\t<div class=\"elementor-column elementor-col-100 elementor-top-column elementor-element elementor-element-313e4f6\" data-id=\"313e4f6\" data-element_type=\"column\" data-e-type=\"column\">\n\t\t\t<div class=\"elementor-widget-wrap elementor-element-populated\">\n\t\t\t\t\t\t<div class=\"elementor-element elementor-element-04342c7 elementor-widget elementor-widget-text-editor\" data-id=\"04342c7\" data-element_type=\"widget\" data-e-type=\"widget\" data-widget_type=\"text-editor.default\">\n\t\t\t\t<div class=\"elementor-widget-container\">\n\t\t\t\t\t\t\t\t\t<p class=\"p1\"><strong>Hva brukes Frictionweb 2.0 til, og hvem bruker det?<\/strong><\/p><p> <\/p><p class=\"p1\"><strong>&#8211; Veimyndigheter (f.eks. Statens vegvesen)<\/strong><\/p><p class=\"p1\">&#8211; overv\u00e5ke vinterforholdene i sanntid<\/p><p class=\"p1\">&#8211; prioritere br\u00f8yting og salting<\/p><p class=\"p1\">&#8211; dokumentere at kravene til veistandard er oppfylt<\/p><p class=\"p1\"><strong>&#8211; Flyplasser<\/strong><\/p><p class=\"p1\">&#8211; kontrollerer friksjonen p\u00e5 rullebanen (kritisk for landing)<\/p><p class=\"p1\">&#8211; reagere raskt p\u00e5 endringer i v\u00e6ret<\/p><p class=\"p1\"><strong>&#8211; Entrepren\u00f8rer og konsulenter<\/strong><\/p><p class=\"p1\">&#8211; dokumentere utf\u00f8rt arbeid<\/p><p class=\"p1\">&#8211; kvalitetssikre nye veidekker<\/p><p class=\"p1\"><em>Friksjonsm\u00e5linger er et viktig grunnlag for \u00e5 vurdere om tiltakene er effektive og om veistandarden opprettholdes.<\/em><\/p>\t\t\t\t\t\t\t\t<\/div>\n\t\t\t\t<\/div>\n\t\t\t\t\t<\/div>\n\t\t<\/div>\n\t\t\t\t\t<\/div>\n\t\t<\/section>\n\t\t\t\t<\/div>\n\t\t","protected":false},"excerpt":{"rendered":"<p class=\"p1\">&laquo;Kontrollsenteret&raquo; for data fra m\u00e5lesystemer som ViaFriction etter at de har blitt m\u00e5lt p\u00e5 veien eller rullebanen.<\/p>\n","protected":false},"featured_media":8207,"template":"","meta":[],"product_brand":[],"product_cat":[155],"product_tag":[],"class_list":{"0":"post-8204","1":"product","2":"type-product","3":"status-publish","4":"has-post-thumbnail","6":"product_cat-skanning-av-veg","8":"first","9":"instock","10":"shipping-taxable","11":"product-type-simple"},"yoast_head":"<!-- This site is optimized with the Yoast SEO plugin v26.6 - https:\/\/yoast.com\/wordpress\/plugins\/seo\/ -->\n<title>Frictionweb 2.0 - Viatech<\/title>\n<meta name=\"description\" content=\"Frictionweb 2.0 er en webtjeneste for:- lagring- visualisering- analyse- deling av friksjonsdata fra m\u00e5lesystemer som ViaFriction.\" \/>\n<meta name=\"robots\" content=\"index, follow, max-snippet:-1, max-image-preview:large, max-video-preview:-1\" \/>\n<link rel=\"canonical\" href=\"https:\/\/viatech.no\/no\/produkt\/viapps-2-0-copy\/\" \/>\n<meta property=\"og:locale\" content=\"nb_NO\" \/>\n<meta property=\"og:type\" content=\"article\" \/>\n<meta property=\"og:title\" content=\"Frictionweb 2.0 - Viatech\" \/>\n<meta property=\"og:description\" content=\"Frictionweb 2.0 er en webtjeneste for:- lagring- visualisering- analyse- deling av friksjonsdata fra m\u00e5lesystemer som ViaFriction.\" \/>\n<meta property=\"og:url\" content=\"https:\/\/viatech.no\/no\/produkt\/viapps-2-0-copy\/\" \/>\n<meta property=\"og:site_name\" content=\"Viatech\" \/>\n<meta property=\"article:modified_time\" content=\"2026-04-15T10:57:47+00:00\" \/>\n<meta property=\"og:image\" content=\"https:\/\/viatech.no\/wp-content\/uploads\/2026\/04\/Friksjonsweb-2.0.jpg\" \/>\n\t<meta property=\"og:image:width\" content=\"700\" \/>\n\t<meta property=\"og:image:height\" content=\"593\" \/>\n\t<meta property=\"og:image:type\" content=\"image\/jpeg\" \/>\n<meta name=\"twitter:card\" content=\"summary_large_image\" \/>\n<meta name=\"twitter:label1\" content=\"Ansl. lesetid\" \/>\n\t<meta name=\"twitter:data1\" content=\"4 minutter\" \/>\n<script type=\"application\/ld+json\" class=\"yoast-schema-graph\">{\"@context\":\"https:\/\/schema.org\",\"@graph\":[{\"@type\":\"WebPage\",\"@id\":\"https:\/\/viatech.no\/no\/produkt\/viapps-2-0-copy\/\",\"url\":\"https:\/\/viatech.no\/no\/produkt\/viapps-2-0-copy\/\",\"name\":\"Frictionweb 2.0 - Viatech\",\"isPartOf\":{\"@id\":\"https:\/\/viatech.no\/no\/#website\"},\"primaryImageOfPage\":{\"@id\":\"https:\/\/viatech.no\/no\/produkt\/viapps-2-0-copy\/#primaryimage\"},\"image\":{\"@id\":\"https:\/\/viatech.no\/no\/produkt\/viapps-2-0-copy\/#primaryimage\"},\"thumbnailUrl\":\"https:\/\/viatech.no\/wp-content\/uploads\/2026\/04\/Friksjonsweb-2.0.jpg\",\"datePublished\":\"2026-04-15T10:36:45+00:00\",\"dateModified\":\"2026-04-15T10:57:47+00:00\",\"description\":\"Frictionweb 2.0 er en webtjeneste for:- lagring- visualisering- analyse- deling av friksjonsdata fra m\u00e5lesystemer som ViaFriction.\",\"breadcrumb\":{\"@id\":\"https:\/\/viatech.no\/no\/produkt\/viapps-2-0-copy\/#breadcrumb\"},\"inLanguage\":\"nb-NO\",\"potentialAction\":[{\"@type\":\"ReadAction\",\"target\":[\"https:\/\/viatech.no\/no\/produkt\/viapps-2-0-copy\/\"]}]},{\"@type\":\"ImageObject\",\"inLanguage\":\"nb-NO\",\"@id\":\"https:\/\/viatech.no\/no\/produkt\/viapps-2-0-copy\/#primaryimage\",\"url\":\"https:\/\/viatech.no\/wp-content\/uploads\/2026\/04\/Friksjonsweb-2.0.jpg\",\"contentUrl\":\"https:\/\/viatech.no\/wp-content\/uploads\/2026\/04\/Friksjonsweb-2.0.jpg\",\"width\":700,\"height\":593,\"caption\":\"Friksjonsweb 2.0 - viatech\"},{\"@type\":\"BreadcrumbList\",\"@id\":\"https:\/\/viatech.no\/no\/produkt\/viapps-2-0-copy\/#breadcrumb\",\"itemListElement\":[{\"@type\":\"ListItem\",\"position\":1,\"name\":\"Home\",\"item\":\"https:\/\/viatech.no\/no\/\"},{\"@type\":\"ListItem\",\"position\":2,\"name\":\"V\u00e5re produkter\",\"item\":\"https:\/\/viatech.no\/no\/shop\/\"},{\"@type\":\"ListItem\",\"position\":3,\"name\":\"Frictionweb 2.0\"}]},{\"@type\":\"WebSite\",\"@id\":\"https:\/\/viatech.no\/no\/#website\",\"url\":\"https:\/\/viatech.no\/no\/\",\"name\":\"Viatech\",\"description\":\"Safety and sustainability\",\"publisher\":{\"@id\":\"https:\/\/viatech.no\/no\/#organization\"},\"potentialAction\":[{\"@type\":\"SearchAction\",\"target\":{\"@type\":\"EntryPoint\",\"urlTemplate\":\"https:\/\/viatech.no\/no\/?s={search_term_string}\"},\"query-input\":{\"@type\":\"PropertyValueSpecification\",\"valueRequired\":true,\"valueName\":\"search_term_string\"}}],\"inLanguage\":\"nb-NO\"},{\"@type\":\"Organization\",\"@id\":\"https:\/\/viatech.no\/no\/#organization\",\"name\":\"Viatech\",\"url\":\"https:\/\/viatech.no\/no\/\",\"logo\":{\"@type\":\"ImageObject\",\"inLanguage\":\"nb-NO\",\"@id\":\"https:\/\/viatech.no\/no\/#\/schema\/logo\/image\/\",\"url\":\"https:\/\/viatech.no\/wp-content\/uploads\/2023\/04\/cropped-viatech_stor-logo.jpg\",\"contentUrl\":\"https:\/\/viatech.no\/wp-content\/uploads\/2023\/04\/cropped-viatech_stor-logo.jpg\",\"width\":1379,\"height\":479,\"caption\":\"Viatech\"},\"image\":{\"@id\":\"https:\/\/viatech.no\/no\/#\/schema\/logo\/image\/\"}}]}<\/script>\n<!-- \/ Yoast SEO plugin. -->","yoast_head_json":{"title":"Frictionweb 2.0 - Viatech","description":"Frictionweb 2.0 er en webtjeneste for:- lagring- visualisering- analyse- deling av friksjonsdata fra m\u00e5lesystemer som ViaFriction.","robots":{"index":"index","follow":"follow","max-snippet":"max-snippet:-1","max-image-preview":"max-image-preview:large","max-video-preview":"max-video-preview:-1"},"canonical":"https:\/\/viatech.no\/no\/produkt\/viapps-2-0-copy\/","og_locale":"nb_NO","og_type":"article","og_title":"Frictionweb 2.0 - Viatech","og_description":"Frictionweb 2.0 er en webtjeneste for:- lagring- visualisering- analyse- deling av friksjonsdata fra m\u00e5lesystemer som ViaFriction.","og_url":"https:\/\/viatech.no\/no\/produkt\/viapps-2-0-copy\/","og_site_name":"Viatech","article_modified_time":"2026-04-15T10:57:47+00:00","og_image":[{"width":700,"height":593,"url":"https:\/\/viatech.no\/wp-content\/uploads\/2026\/04\/Friksjonsweb-2.0.jpg","type":"image\/jpeg"}],"twitter_card":"summary_large_image","twitter_misc":{"Ansl. lesetid":"4 minutter"},"schema":{"@context":"https:\/\/schema.org","@graph":[{"@type":"WebPage","@id":"https:\/\/viatech.no\/no\/produkt\/viapps-2-0-copy\/","url":"https:\/\/viatech.no\/no\/produkt\/viapps-2-0-copy\/","name":"Frictionweb 2.0 - Viatech","isPartOf":{"@id":"https:\/\/viatech.no\/no\/#website"},"primaryImageOfPage":{"@id":"https:\/\/viatech.no\/no\/produkt\/viapps-2-0-copy\/#primaryimage"},"image":{"@id":"https:\/\/viatech.no\/no\/produkt\/viapps-2-0-copy\/#primaryimage"},"thumbnailUrl":"https:\/\/viatech.no\/wp-content\/uploads\/2026\/04\/Friksjonsweb-2.0.jpg","datePublished":"2026-04-15T10:36:45+00:00","dateModified":"2026-04-15T10:57:47+00:00","description":"Frictionweb 2.0 er en webtjeneste for:- lagring- visualisering- analyse- deling av friksjonsdata fra m\u00e5lesystemer som ViaFriction.","breadcrumb":{"@id":"https:\/\/viatech.no\/no\/produkt\/viapps-2-0-copy\/#breadcrumb"},"inLanguage":"nb-NO","potentialAction":[{"@type":"ReadAction","target":["https:\/\/viatech.no\/no\/produkt\/viapps-2-0-copy\/"]}]},{"@type":"ImageObject","inLanguage":"nb-NO","@id":"https:\/\/viatech.no\/no\/produkt\/viapps-2-0-copy\/#primaryimage","url":"https:\/\/viatech.no\/wp-content\/uploads\/2026\/04\/Friksjonsweb-2.0.jpg","contentUrl":"https:\/\/viatech.no\/wp-content\/uploads\/2026\/04\/Friksjonsweb-2.0.jpg","width":700,"height":593,"caption":"Friksjonsweb 2.0 - viatech"},{"@type":"BreadcrumbList","@id":"https:\/\/viatech.no\/no\/produkt\/viapps-2-0-copy\/#breadcrumb","itemListElement":[{"@type":"ListItem","position":1,"name":"Home","item":"https:\/\/viatech.no\/no\/"},{"@type":"ListItem","position":2,"name":"V\u00e5re produkter","item":"https:\/\/viatech.no\/no\/shop\/"},{"@type":"ListItem","position":3,"name":"Frictionweb 2.0"}]},{"@type":"WebSite","@id":"https:\/\/viatech.no\/no\/#website","url":"https:\/\/viatech.no\/no\/","name":"Viatech","description":"Safety and sustainability","publisher":{"@id":"https:\/\/viatech.no\/no\/#organization"},"potentialAction":[{"@type":"SearchAction","target":{"@type":"EntryPoint","urlTemplate":"https:\/\/viatech.no\/no\/?s={search_term_string}"},"query-input":{"@type":"PropertyValueSpecification","valueRequired":true,"valueName":"search_term_string"}}],"inLanguage":"nb-NO"},{"@type":"Organization","@id":"https:\/\/viatech.no\/no\/#organization","name":"Viatech","url":"https:\/\/viatech.no\/no\/","logo":{"@type":"ImageObject","inLanguage":"nb-NO","@id":"https:\/\/viatech.no\/no\/#\/schema\/logo\/image\/","url":"https:\/\/viatech.no\/wp-content\/uploads\/2023\/04\/cropped-viatech_stor-logo.jpg","contentUrl":"https:\/\/viatech.no\/wp-content\/uploads\/2023\/04\/cropped-viatech_stor-logo.jpg","width":1379,"height":479,"caption":"Viatech"},"image":{"@id":"https:\/\/viatech.no\/no\/#\/schema\/logo\/image\/"}}]}},"_links":{"self":[{"href":"https:\/\/viatech.no\/no\/wp-json\/wp\/v2\/product\/8204","targetHints":{"allow":["GET"]}}],"collection":[{"href":"https:\/\/viatech.no\/no\/wp-json\/wp\/v2\/product"}],"about":[{"href":"https:\/\/viatech.no\/no\/wp-json\/wp\/v2\/types\/product"}],"version-history":[{"count":5,"href":"https:\/\/viatech.no\/no\/wp-json\/wp\/v2\/product\/8204\/revisions"}],"predecessor-version":[{"id":8222,"href":"https:\/\/viatech.no\/no\/wp-json\/wp\/v2\/product\/8204\/revisions\/8222"}],"wp:featuredmedia":[{"embeddable":true,"href":"https:\/\/viatech.no\/no\/wp-json\/wp\/v2\/media\/8207"}],"wp:attachment":[{"href":"https:\/\/viatech.no\/no\/wp-json\/wp\/v2\/media?parent=8204"}],"wp:term":[{"taxonomy":"product_brand","embeddable":true,"href":"https:\/\/viatech.no\/no\/wp-json\/wp\/v2\/product_brand?post=8204"},{"taxonomy":"product_cat","embeddable":true,"href":"https:\/\/viatech.no\/no\/wp-json\/wp\/v2\/product_cat?post=8204"},{"taxonomy":"product_tag","embeddable":true,"href":"https:\/\/viatech.no\/no\/wp-json\/wp\/v2\/product_tag?post=8204"}],"curies":[{"name":"wp","href":"https:\/\/api.w.org\/{rel}","templated":true}]}}